{"id":86118,"date":"2025-03-14T10:12:59","date_gmt":"2025-03-14T09:12:59","guid":{"rendered":"https:\/\/smania.store\/ro\/produs\/spatar-de-pat-reglabil-si-respirabil-bedlift\/"},"modified":"2026-04-05T18:07:43","modified_gmt":"2026-04-05T16:07:43","slug":"spatar-de-pat-reglabil-si-respirabil-bedlift","status":"publish","type":"product","link":"https:\/\/smania.store\/ro\/produs\/spatar-de-pat-reglabil-si-respirabil-bedlift\/","title":{"rendered":"Sp\u0103tar de pat reglabil \u0219i respirabil BedLift\u2122"},"content":{"rendered":"<div class=\"smania_landing_description_title\">NOU: BedLift\u2122 &#8211; pentru confort maxim \u00een pat<\/div>\n<div class=\"smania_landing_description_txt\">Ideal pentru persoanele \u00een v\u00e2rst\u0103, femeile \u00eens\u0103rcinate \u0219i persoanele cu mobilitate redus\u0103!<\/div>\n<div class=\"smania_landing_description_subtitle\">Dori\u021bi sprijin perfect \u00een timp ce v\u0103 relaxa\u021bi, citi\u021bi sau lucra\u021bi \u00een pat? Descoperi\u021bi sp\u0103tarul de pat reglabil \u0219i respirabil BedLift\u2122, conceput pentru a oferi cea mai bun\u0103 sus\u021binere \u0219i confort. L\u0103sa\u021bi acest uimitor sp\u0103tar reglabil s\u0103 v\u0103 r\u0103sfe\u021be \u0219i s\u0103 transforme fiecare moment petrecut \u00een pat \u00een pl\u0103cere pur\u0103!<\/div>\n<div class=\"smania_landing_description_list\">\n<ul>\n<li>Unghi reglabil \u00een 6 pozi\u021bii variind de la 0\u00b0 la 80\u00b0<\/li>\n<li>Suport ergonomic pentru spate, g\u00e2t, talie \u0219i bra\u021be<\/li>\n<li>Cadru din o\u021bel durabil \u0219i de \u00eenalt\u0103 rezisten\u021b\u0103<\/li>\n<li>\u021aes\u0103tur\u0103 respirabil\u0103 \u0219i confortabil\u0103<\/li>\n<li>Ideal pentru persoanele \u00een v\u00e2rst\u0103, femeile \u00eens\u0103rcinate \u0219i persoanele cu mobilitate redus\u0103<\/li>\n<li>Perfect pentru citit, vizionat filme sau lucrat \u00een pat<\/li>\n<\/ul><\/div>\n","protected":false},"excerpt":{"rendered":"<p>Unghiul reglabil asigur\u0103 un confort maxim|Construc\u021bie robust\u0103 \u0219i durabil\u0103|Respirabilitate optim\u0103 pentru sesiuni lungi|Suporturi confortabile pentru bra\u021be c\u0103ptu\u0219ite|Pern\u0103 deta\u0219abil\u0103|Utiliza\u021bi-o acas\u0103, pe plaj\u0103, la camping|6 unghiuri reglabile: 0\u00b0-80\u00b0|Design anti-alunecare|\u00cen\u0103l\u021bime: 31-55 cm|Material: o\u021bel cu con\u021binut ridicat de carbon, \u021bes\u0103tur\u0103 din plas\u0103 PVC|Greutate maxim\u0103 de \u00eenc\u0103rcare: 136 kg|Greutate: 3 kg<\/p>\n","protected":false},"featured_media":86106,"template":"","meta":[],"product_cat":[16],"product_tag":[2170],"acf":[],"_links":{"self":[{"href":"https:\/\/smania.store\/ro\/wp-json\/wp\/v2\/product\/86118"}],"collection":[{"href":"https:\/\/smania.store\/ro\/wp-json\/wp\/v2\/product"}],"about":[{"href":"https:\/\/smania.store\/ro\/wp-json\/wp\/v2\/types\/product"}],"wp:featuredmedia":[{"embeddable":true,"href":"https:\/\/smania.store\/ro\/wp-json\/wp\/v2\/media\/86106"}],"wp:attachment":[{"href":"https:\/\/smania.store\/ro\/wp-json\/wp\/v2\/media?parent=86118"}],"wp:term":[{"taxonomy":"product_cat","embeddable":true,"href":"https:\/\/smania.store\/ro\/wp-json\/wp\/v2\/product_cat?post=86118"},{"taxonomy":"product_tag","embeddable":true,"href":"https:\/\/smania.store\/ro\/wp-json\/wp\/v2\/product_tag?post=86118"}],"curies":[{"name":"wp","href":"https:\/\/api.w.org\/{rel}","templated":true}]}}