{"id":83342,"date":"2025-02-26T10:17:24","date_gmt":"2025-02-26T09:17:24","guid":{"rendered":"https:\/\/smania.store\/ro\/produs\/raft-de-baie-pliabil-bathlux\/"},"modified":"2026-04-20T23:52:25","modified_gmt":"2026-04-20T21:52:25","slug":"raft-de-baie-pliabil-bathlux","status":"publish","type":"product","link":"https:\/\/smania.store\/ro\/produs\/raft-de-baie-pliabil-bathlux\/","title":{"rendered":"Raft de baie pliabil BathLux\u2122"},"content":{"rendered":"<div class=\"smania_landing_description_title\">NOU: Economisi\u021bi spa\u021biu, maximiza\u021bi confortul<\/div>\n<div class=\"smania_landing_description_txt\">Aduce\u021bi ordine \u00een baia dvs. f\u0103r\u0103 s\u0103 ocupa\u021bi spa\u021biu!<\/div>\n<div class=\"smania_landing_description_subtitle\">Aduce\u021bi elegan\u021b\u0103 \u0219i ordine cu raftul de baie pliabil BathLux\u2122 montat pe perete. Fabricat din aluminiu durabil, acest suport de perete este un accesoriu must-have pentru baie, dormitor sau buc\u0103t\u0103rie! Este robust, dar u\u0219or \u0219i are o capacitate de \u00eenc\u0103rcare incredibil de mare. \u00cen plus, se pliaz\u0103 subtil pe perete, eliber\u00e2nd spa\u021biu valoros pe podea atunci c\u00e2nd este necesar. Ideal pentru locuin\u021be mici sau mari.<\/div>\n<div class=\"smania_landing_description_list\">\n<ul>\n<li>Organiza\u021bi-v\u0103 spa\u021biul impecabil<\/li>\n<li>Fabricat din aluminiu u\u0219or, dar robust<\/li>\n<li>Instalare rapid\u0103 \u0219i u\u0219oar\u0103 cu ventuze incluse<\/li>\n<li>Design minimalist care se potrive\u0219te oric\u0103rei locuin\u021be<\/li>\n<li>Ideal pentru baie, buc\u0103t\u0103rie \u0219i nu numai<\/li>\n<\/ul><\/div>\n","protected":false},"excerpt":{"rendered":"<p>Perfect pentru apartamente \u0219i spa\u021bii mai mici|Adaug\u0103 instantaneu elegan\u021b\u0103 locuin\u021bei dvs.|Durabil \u0219i proiectat s\u0103 dureze|Design elegant, minimalist|Capacitate mare de \u00eenc\u0103rcare|U\u0219or de pliat, economise\u0219te spa\u021biu pre\u021bios|Instalare rapid\u0103 cu ventuzele incluse|Dimensiuni pliate: 47 x 15 x 21,8 cm|Dimensiuni nepliate: 47 x 21,8 x 21,2 cm|Metoda de instalare: montat pe perete|Material: aluminiu<\/p>\n","protected":false},"featured_media":89264,"template":"","meta":[],"product_cat":[16],"product_tag":[1269],"acf":[],"_links":{"self":[{"href":"https:\/\/smania.store\/ro\/wp-json\/wp\/v2\/product\/83342"}],"collection":[{"href":"https:\/\/smania.store\/ro\/wp-json\/wp\/v2\/product"}],"about":[{"href":"https:\/\/smania.store\/ro\/wp-json\/wp\/v2\/types\/product"}],"wp:featuredmedia":[{"embeddable":true,"href":"https:\/\/smania.store\/ro\/wp-json\/wp\/v2\/media\/89264"}],"wp:attachment":[{"href":"https:\/\/smania.store\/ro\/wp-json\/wp\/v2\/media?parent=83342"}],"wp:term":[{"taxonomy":"product_cat","embeddable":true,"href":"https:\/\/smania.store\/ro\/wp-json\/wp\/v2\/product_cat?post=83342"},{"taxonomy":"product_tag","embeddable":true,"href":"https:\/\/smania.store\/ro\/wp-json\/wp\/v2\/product_tag?post=83342"}],"curies":[{"name":"wp","href":"https:\/\/api.w.org\/{rel}","templated":true}]}}