{"id":82283,"date":"2025-02-20T11:09:48","date_gmt":"2025-02-20T10:09:48","guid":{"rendered":"https:\/\/smania.store\/ro\/produs\/joc-cu-pietre-magnetice-magfield\/"},"modified":"2026-04-23T08:08:25","modified_gmt":"2026-04-23T06:08:25","slug":"joc-cu-pietre-magnetice-magfield","status":"publish","type":"product","link":"https:\/\/smania.store\/ro\/produs\/joc-cu-pietre-magnetice-magfield\/","title":{"rendered":"Joc cu pietre magnetice MagField"},"content":{"rendered":"<div class=\"smania_landing_description_title\">NOU: Joac\u0103-te cu for\u021ba magnetic\u0103<\/div>\n<div class=\"smania_landing_description_txt\">Provoac\u0103-\u021bi familia la un joc de magnetism \u0219i c\u00e2\u0219tig\u0103!<\/div>\n<div class=\"smania_landing_description_subtitle\">MagField &#8211; jocul care combin\u0103 strategia \u0219i magnetismul \u00eentr-o experien\u021b\u0103 obligatorie! F\u0103 din fiecare joc un moment de distrac\u021bie \u0219i competi\u021bie, cre\u00e2nd leg\u0103turi cu prietenii \u0219i familia \u0219i stimul\u00e2ndu-\u021bi g\u00e2ndirea logic\u0103. Perfect pentru \u00eentreaga familie \u0219i pentru serile de jocuri cu prietenii, preg\u0103te\u0219te-te pentru provocarea magnetic\u0103 distractiv\u0103 \u0219i captivant\u0103!<\/div>\n<div class=\"smania_landing_description_list\">\n<ul>\n<li>Stimuleaz\u0103 g\u00e2ndirea strategic\u0103 \u0219i logic\u0103<\/li>\n<li>Promoveaz\u0103 interac\u021biunea social\u0103 \u0219i consolideaz\u0103 rela\u021biile<\/li>\n<li>Designul magnetic inovator combin\u0103 distrac\u021bia \u0219i \u00eenv\u0103\u021barea<\/li>\n<li>Ambalaj compact \u0219i portabil cu geant\u0103 de transport<\/li>\n<li>Joc cu mai mul\u021bi juc\u0103tori pentru o distrac\u021bie f\u0103r\u0103 limite<\/li>\n<li>Potrivit pentru v\u00e2rste de la 3 ani \u00een sus, perfect pentru \u00eentreaga familie<\/li>\n<\/ul><\/div>\n","protected":false},"excerpt":{"rendered":"<p>Consolideaz\u0103 rela\u021biile \u00een timpul jocului|Creeaz\u0103 atmosfere relaxate, ideal pentru serile de joc|U\u0219or de \u00eenv\u0103\u021bat \u0219i de jucat, chiar \u0219i pentru copii|Materiale sigure \u0219i durabile|Combin\u0103 distrac\u021bia \u0219i \u00eenv\u0103\u021barea|Lua\u021bi-l oriunde dori\u021bi|V\u00e2rsta potrivit\u0103: de la 3 ani \u00een sus|Pachetul include: 20 de pietre magnetice, fr\u00e2nghie, pung\u0103 de depozitare, manual<\/p>\n","protected":false},"featured_media":93914,"template":"","meta":[],"product_cat":[17],"product_tag":[1272],"acf":[],"_links":{"self":[{"href":"https:\/\/smania.store\/ro\/wp-json\/wp\/v2\/product\/82283"}],"collection":[{"href":"https:\/\/smania.store\/ro\/wp-json\/wp\/v2\/product"}],"about":[{"href":"https:\/\/smania.store\/ro\/wp-json\/wp\/v2\/types\/product"}],"wp:featuredmedia":[{"embeddable":true,"href":"https:\/\/smania.store\/ro\/wp-json\/wp\/v2\/media\/93914"}],"wp:attachment":[{"href":"https:\/\/smania.store\/ro\/wp-json\/wp\/v2\/media?parent=82283"}],"wp:term":[{"taxonomy":"product_cat","embeddable":true,"href":"https:\/\/smania.store\/ro\/wp-json\/wp\/v2\/product_cat?post=82283"},{"taxonomy":"product_tag","embeddable":true,"href":"https:\/\/smania.store\/ro\/wp-json\/wp\/v2\/product_tag?post=82283"}],"curies":[{"name":"wp","href":"https:\/\/api.w.org\/{rel}","templated":true}]}}