{"id":74338,"date":"2025-01-17T10:14:57","date_gmt":"2025-01-17T09:14:57","guid":{"rendered":"https:\/\/smania.store\/ro\/produs\/lichid-hidrofob-pentru-parbriz-visionguard\/"},"modified":"2026-02-16T08:35:31","modified_gmt":"2026-02-16T07:35:31","slug":"lichid-hidrofob-pentru-parbriz-visionguard","status":"publish","type":"product","link":"https:\/\/smania.store\/ro\/produs\/lichid-hidrofob-pentru-parbriz-visionguard\/","title":{"rendered":"Lichid hidrofob pentru parbriz VisionGuard\u2122"},"content":{"rendered":"<div class=\"smania_landing_description_title\">NOU! Protec\u021bie complet\u0103 pentru paharul dumneavoastr\u0103<\/div>\n<div class=\"smania_landing_description_txt\">Vizibilitate perfecta chiar si pe timp de ploaie si ceata!<\/div>\n<div class=\"smania_landing_description_subtitle\">Asigura\u021bi vizibilitate perfect\u0103 pe drum! VisionGuard\u2122 creeaz\u0103 un strat protector pe sticl\u0103 care respinge ploaia, murd\u0103ria, praful, cea\u021ba \u0219i lichidele. Este usor de aplicat, rezista saptamani si este rezistent la -25\u00b0C. Asigura\u021bi-v\u0103 siguran\u021ba la volan ast\u0103zi!<\/div>\n<div class=\"smania_landing_description_list\">\n<ul>\n<li>Ofer\u0103 o vedere clar\u0103 prin sticl\u0103<\/li>\n<li>Creeaz\u0103 un strat protector de lung\u0103 durat\u0103<\/li>\n<li>Respinge eficient apa (ploaie, cea\u021b\u0103) \u0219i murd\u0103ria<\/li>\n<li>Perfect pentru caroserie \u0219i sticl\u0103<\/li>\n<li>Rezistent la temperaturi de p\u00e2n\u0103 la -25\u00b0C<\/li>\n<li>Sigur \u0219i u\u0219or de utilizat, f\u0103r\u0103 substan\u021be chimice nocive<\/li>\n<\/ul><\/div>\n","protected":false},"excerpt":{"rendered":"<p>Vizibilitate optima in toate conditiile|Siguran\u021b\u0103 sporit\u0103 \u00een timpul conducerii|Usor de utilizat: aplicati direct sau diluati in lichid de stergator|Rezistent la temperaturi sc\u0103zute|Protec\u021bie pentru geamuri \u0219i caroserie care dureaz\u0103 s\u0103pt\u0103m\u00e2ni \u00eentregi|\u00cendep\u0103rteaz\u0103 petele persistente \u0219i red\u0103 str\u0103lucirea sticlei|Nu irita pielea|Respinge ploaia, praful \u0219i murd\u0103ria|Ideal pentru toate anotimpurile|Volum: 1 L \u2013 suficient pentru aplica\u021bii multiple<\/p>\n","protected":false},"featured_media":81635,"template":"","meta":[],"product_cat":[18,2366],"product_tag":[1274,2374,2367],"acf":[],"_links":{"self":[{"href":"https:\/\/smania.store\/ro\/wp-json\/wp\/v2\/product\/74338"}],"collection":[{"href":"https:\/\/smania.store\/ro\/wp-json\/wp\/v2\/product"}],"about":[{"href":"https:\/\/smania.store\/ro\/wp-json\/wp\/v2\/types\/product"}],"wp:featuredmedia":[{"embeddable":true,"href":"https:\/\/smania.store\/ro\/wp-json\/wp\/v2\/media\/81635"}],"wp:attachment":[{"href":"https:\/\/smania.store\/ro\/wp-json\/wp\/v2\/media?parent=74338"}],"wp:term":[{"taxonomy":"product_cat","embeddable":true,"href":"https:\/\/smania.store\/ro\/wp-json\/wp\/v2\/product_cat?post=74338"},{"taxonomy":"product_tag","embeddable":true,"href":"https:\/\/smania.store\/ro\/wp-json\/wp\/v2\/product_tag?post=74338"}],"curies":[{"name":"wp","href":"https:\/\/api.w.org\/{rel}","templated":true}]}}