{"id":60012,"date":"2024-12-06T09:29:20","date_gmt":"2024-12-06T08:29:20","guid":{"rendered":"https:\/\/smania.store\/ro\/produs\/etansant-flexibil-de-chituire-cu-poliuree-groutpro-1-kg\/"},"modified":"2026-04-13T15:22:41","modified_gmt":"2026-04-13T13:22:41","slug":"etansant-flexibil-de-chituire-cu-poliuree-groutpro-1-kg","status":"publish","type":"product","link":"https:\/\/smania.store\/ro\/produs\/etansant-flexibil-de-chituire-cu-poliuree-groutpro-1-kg\/","title":{"rendered":"Etan\u0219ant flexibil de chituire cu poliuree GroutPro\u2122 (1 kg)"},"content":{"rendered":"<div class=\"smania_landing_description_title\">Inova\u021bie uimitoare! Etan\u0219ant perfect pentru pere\u021bi \u0219i rosturi!<\/div>\n<div class=\"smania_landing_description_txt\">Etan\u0219a\u021bi cu u\u0219urin\u021b\u0103 fisurile cu un agent de etan\u0219are durabil \u0219i flexibil \u00een c\u00e2teva minute!<\/div>\n<div class=\"smania_landing_description_subtitle\">Uita\u021bi de scurgeri \u0219i fisuri! Cu etan\u0219antul nostru GroutPro\u2122, ve\u021bi rezolva rapid toate problemele legate de pere\u021bi cr\u0103pa\u021bi, rosturi \u0219i scurgeri. Acest etan\u0219ant revolu\u021bionar din polimeri de poliuree ofer\u0103 protec\u021bie impermeabil\u0103 \u0219i fiabilitate timp de ani de zile. Nu mai a\u0219tepta\u021bi, face\u021bi-v\u0103 casa rezistent\u0103 la scurgeri!<\/div>\n<div class=\"smania_landing_description_list\">\n<ul>\n<li>Utilizat pentru etan\u0219area fisurilor \u0219i a rosturilor de dilatare<\/li>\n<li>Etan\u0219are imediat\u0103 \u0219i de lung\u0103 durat\u0103<\/li>\n<li>Impermeabil\u0103 \u0219i rezistent\u0103 la intemperii<\/li>\n<li>U\u0219or de aplicat, nu este nevoie de un expert<\/li>\n<li>Potrivit pentru utilizare \u00een interior \u0219i \u00een exterior<\/li>\n<li>Extrem de elastic\u0103 \u0219i durabil\u0103<\/li>\n<\/ul><\/div>\n","protected":false},"excerpt":{"rendered":"<p>Rezistent la temperaturi extreme|Rezistent la presiune, nu se deformeaz\u0103 \u0219i nu se fisureaz\u0103|Rezistent la ap\u0103 \u0219i la uzur\u0103|Sigur de utilizat pe toate suprafe\u021bele|Protec\u021bie \u00eempotriva umidit\u0103\u021bii \u0219i a mucegaiului|Formul\u0103 anti-\u00eemb\u0103tr\u00e2nire \u0219i foarte elastic\u0103|Non-toxic, inodor \u0219i sigur at\u00e2t pentru oameni, c\u00e2t \u0219i pentru animalele de companie|Eficien\u021b\u0103 ridicat\u0103 \u0219i fiabilitate pentru repara\u021bii de lung\u0103 durat\u0103|Perfect pentru uz profesional \u0219i casnic|Ideal pentru repara\u021bii \u0219i renov\u0103ri|Fixare rapid\u0103, f\u0103r\u0103 contrac\u021bii|Potrivit pentru aplica\u021bii uscate|Mai sigur \u0219i inofensiv|Con\u021binut: 1 kg (suficient pentru 1 p\u00e2n\u0103 la 2 m2 \u00een func\u021bie de grosimea stratului, l\u0103\u021bimea \u0219i ad\u00e2ncimea fisurilor)<\/p>\n","protected":false},"featured_media":81455,"template":"","meta":[],"product_cat":[16,2366],"product_tag":[1241,2381],"acf":[],"_links":{"self":[{"href":"https:\/\/smania.store\/ro\/wp-json\/wp\/v2\/product\/60012"}],"collection":[{"href":"https:\/\/smania.store\/ro\/wp-json\/wp\/v2\/product"}],"about":[{"href":"https:\/\/smania.store\/ro\/wp-json\/wp\/v2\/types\/product"}],"wp:featuredmedia":[{"embeddable":true,"href":"https:\/\/smania.store\/ro\/wp-json\/wp\/v2\/media\/81455"}],"wp:attachment":[{"href":"https:\/\/smania.store\/ro\/wp-json\/wp\/v2\/media?parent=60012"}],"wp:term":[{"taxonomy":"product_cat","embeddable":true,"href":"https:\/\/smania.store\/ro\/wp-json\/wp\/v2\/product_cat?post=60012"},{"taxonomy":"product_tag","embeddable":true,"href":"https:\/\/smania.store\/ro\/wp-json\/wp\/v2\/product_tag?post=60012"}],"curies":[{"name":"wp","href":"https:\/\/api.w.org\/{rel}","templated":true}]}}