{"id":58623,"date":"2024-12-03T07:15:45","date_gmt":"2024-12-03T06:15:45","guid":{"rendered":"https:\/\/smania.store\/ro\/produs\/solutie-de-reparare-si-finisare-de-inalta-stralucire-autogloss\/"},"modified":"2026-04-19T11:30:33","modified_gmt":"2026-04-19T09:30:33","slug":"solutie-de-reparare-si-finisare-de-inalta-stralucire-autogloss","status":"publish","type":"product","link":"https:\/\/smania.store\/ro\/produs\/solutie-de-reparare-si-finisare-de-inalta-stralucire-autogloss\/","title":{"rendered":"Solu\u021bie de reparare \u0219i finisare de \u00eenalt\u0103 str\u0103lucire AutoGloss"},"content":{"rendered":"<div class=\"smania_landing_description_title\">NOU! AutoGloss &#8211; Solu\u021bie de reparare \u0219i finisare cu luciu \u00eenalt<\/div>\n<div class=\"smania_landing_description_txt\">Formula inovatoare 3 \u00een 1 umple zg\u00e2rieturile \u0219i imperfec\u021biunile!<\/div>\n<div class=\"smania_landing_description_subtitle\">AutoGloss este solu\u021bia perfect\u0103 3 \u00een 1 pentru autovehiculul dumneavoastr\u0103! Acest strat de protec\u021bie de \u00eenalt\u0103 performan\u021b\u0103, autonivelant, nu numai c\u0103 repar\u0103 imperfec\u021biunile suprafe\u021bei, dar ofer\u0103 \u0219i un finisaj lucios \u0219i protec\u021bie de lung\u0103 durat\u0103!\ud83d\ude97\u2728<\/div>\n<div class=\"smania_landing_description_list\">\n<ul>\n<li>Neteze\u0219te f\u0103r\u0103 efort \u0219i umple imperfec\u021biunile de suprafa\u021b\u0103<\/li>\n<li>Subliniaz\u0103 profunzimea \u0219i bog\u0103\u021bia culorii<\/li>\n<li>Ofer\u0103 protec\u021bie \u00eempotriva razelor UV \u0219i previne ruginirea<\/li>\n<li>Solu\u021bie rapid\u0103 \u0219i eficient\u0103 pentru a reda aspectul impecabil al ma\u0219inii dvs.<\/li>\n<li>Nu sunt necesare servicii profesionale<\/li>\n<\/ul><\/div>\n","protected":false},"excerpt":{"rendered":"<p>Acoperire durabil\u0103 care v\u0103 protejeaz\u0103 ma\u0219ina de razele UV \u0219i rugin\u0103|Red\u0103 str\u0103lucirea \u0219i bog\u0103\u021bia culorii autovehiculului dvs.|Neteze\u0219te \u0219i umple zg\u00e2rieturile \u0219i neregularit\u0103\u021bile de suprafa\u021b\u0103|Efecte de lung\u0103 durat\u0103|U\u0219or de utilizat: se aplic\u0103 pe suprafa\u021ba autovehiculului cu un burete|Volum: 150 ml|Perioada de valabilitate: 3 ani<\/p>\n","protected":false},"featured_media":89493,"template":"","meta":[],"product_cat":[18,2366],"product_tag":[1274,2374,2367],"acf":[],"_links":{"self":[{"href":"https:\/\/smania.store\/ro\/wp-json\/wp\/v2\/product\/58623"}],"collection":[{"href":"https:\/\/smania.store\/ro\/wp-json\/wp\/v2\/product"}],"about":[{"href":"https:\/\/smania.store\/ro\/wp-json\/wp\/v2\/types\/product"}],"wp:featuredmedia":[{"embeddable":true,"href":"https:\/\/smania.store\/ro\/wp-json\/wp\/v2\/media\/89493"}],"wp:attachment":[{"href":"https:\/\/smania.store\/ro\/wp-json\/wp\/v2\/media?parent=58623"}],"wp:term":[{"taxonomy":"product_cat","embeddable":true,"href":"https:\/\/smania.store\/ro\/wp-json\/wp\/v2\/product_cat?post=58623"},{"taxonomy":"product_tag","embeddable":true,"href":"https:\/\/smania.store\/ro\/wp-json\/wp\/v2\/product_tag?post=58623"}],"curies":[{"name":"wp","href":"https:\/\/api.w.org\/{rel}","templated":true}]}}