{"id":53980,"date":"2024-11-14T12:16:44","date_gmt":"2024-11-14T11:16:44","guid":{"rendered":"https:\/\/smania.store\/ro\/produs\/vopsea-cromata-spray-chromius\/"},"modified":"2026-03-22T01:29:39","modified_gmt":"2026-03-22T00:29:39","slug":"vopsea-cromata-spray-chromius","status":"publish","type":"product","link":"https:\/\/smania.store\/ro\/produs\/vopsea-cromata-spray-chromius\/","title":{"rendered":"Vopsea cromat\u0103 spray CHROMIUS\u2122"},"content":{"rendered":"<div class=\"smania_landing_description_title\">NOU: Str\u0103lucire metalic\u0103 pentru toate suprafe\u021bele<\/div>\n<div class=\"smania_landing_description_txt\">Da\u021bi via\u021b\u0103 oric\u0103rei suprafe\u021be cu o singur\u0103 trecere!<\/div>\n<div class=\"smania_landing_description_subtitle\">Descoperi\u021bi CHROMIUS\u2122, vopseaua revolu\u021bionar\u0103 creat\u0103 pentru a transforma \u0219i proteja orice suprafa\u021b\u0103. Cu un finisaj irezistibil cu efect metalic, aceast\u0103 vopsea de \u00eenalt\u0103 calitate fabricat\u0103 \u00een Marea Britanie rezist\u0103 la coroziune \u0219i la temperaturi ridicate, asigur\u00e2nd un aspect impecabil, de lung\u0103 durat\u0103. Perfect\u0103 pentru cei care doresc un rezultat profesional f\u0103r\u0103 efort. Nu rata \u0219ansa de a aduce o not\u0103 de elegan\u021b\u0103 suprafe\u021belor tale!<\/div>\n<div class=\"smania_landing_description_list\">\n<ul>\n<li>Rezisten\u021b\u0103 suprem\u0103 la coroziune<\/li>\n<li>Finisaj lucios \u0219i sofisticat<\/li>\n<li>Aplicare rapid\u0103 \u0219i u\u0219oar\u0103<\/li>\n<li>Perfect pentru metal, lemn, sticl\u0103 \u0219i altele<\/li>\n<li>Rezist\u0103 la temperaturi de p\u00e2n\u0103 la 90\u00b0C f\u0103r\u0103 s\u0103 se decoloreze<\/li>\n<li>Versatilitate excep\u021bional\u0103 pentru utilizare \u00een interior \u0219i exterior<\/li>\n<\/ul><\/div>\n","protected":false},"excerpt":{"rendered":"<p>Transform\u0103 mobila veche|Adaug\u0103 stil casei dvs.|Calitate garantat\u0103|Perfect pentru bricolaj creativ|Protec\u021bie de lung\u0103 durat\u0103|Efect metalic garantat|Ideal pentru proiecte artistice|Suprafe\u021bele nu vor mai fi niciodat\u0103 terne|Volum: 450 ml<\/p>\n","protected":false},"featured_media":81530,"template":"","meta":[],"product_cat":[16,18,2366],"product_tag":[1274,2382],"acf":[],"_links":{"self":[{"href":"https:\/\/smania.store\/ro\/wp-json\/wp\/v2\/product\/53980"}],"collection":[{"href":"https:\/\/smania.store\/ro\/wp-json\/wp\/v2\/product"}],"about":[{"href":"https:\/\/smania.store\/ro\/wp-json\/wp\/v2\/types\/product"}],"wp:featuredmedia":[{"embeddable":true,"href":"https:\/\/smania.store\/ro\/wp-json\/wp\/v2\/media\/81530"}],"wp:attachment":[{"href":"https:\/\/smania.store\/ro\/wp-json\/wp\/v2\/media?parent=53980"}],"wp:term":[{"taxonomy":"product_cat","embeddable":true,"href":"https:\/\/smania.store\/ro\/wp-json\/wp\/v2\/product_cat?post=53980"},{"taxonomy":"product_tag","embeddable":true,"href":"https:\/\/smania.store\/ro\/wp-json\/wp\/v2\/product_tag?post=53980"}],"curies":[{"name":"wp","href":"https:\/\/api.w.org\/{rel}","templated":true}]}}