{"id":52073,"date":"2024-11-07T11:57:02","date_gmt":"2024-11-07T10:57:02","guid":{"rendered":"https:\/\/smania.store\/ro\/produs\/pudra-de-curatare-puternica-multifunctionala-powderwipe\/"},"modified":"2026-04-17T02:42:54","modified_gmt":"2026-04-17T00:42:54","slug":"pudra-de-curatare-puternica-multifunctionala-powderwipe","status":"publish","type":"product","link":"https:\/\/smania.store\/ro\/produs\/pudra-de-curatare-puternica-multifunctionala-powderwipe\/","title":{"rendered":"Pudr\u0103 de cur\u0103\u021bare puternic\u0103 multifunc\u021bional\u0103 PowderWipe"},"content":{"rendered":"<div class=\"smania_landing_description_title\">Nou! Pulbere de cur\u0103\u021bare multifunc\u021bional\u0103 PowderWipe<\/div>\n<div class=\"smania_landing_description_txt\">Cu powderwipe, cuptorul, robinetele, vasele \u0219i aragazul t\u0103u vor str\u0103luci din nou!<\/div>\n<div class=\"smania_landing_description_subtitle\">Te-ai s\u0103turat de pete \u00eenc\u0103p\u0103\u021b\u00e2nate, gr\u0103sime \u0219i murd\u0103rie ars\u0103? Pulberea de cur\u0103\u021bat PowderWipe descompune eficient petele lipicioase \u0219i red\u0103 un aspect proasp\u0103t \u0219i str\u0103lucitor ustensilelor de buc\u0103t\u0103rie, vaselor \u0219i altor suprafe\u021be &#8211; f\u0103r\u0103 efort!<\/div>\n<div class=\"smania_landing_description_list\">\n<ul>\n<li>\u00cendep\u0103rteaz\u0103 eficient petele dificile &#8211; nu mai freca\u021bi la nesf\u00e2r\u0219it<\/li>\n<li>Potrivit pentru toate tipurile de suprafe\u021be: vase, blaturi, aragaz \u0219i altele!<\/li>\n<li>Formul\u0103 delicat\u0103 \u0219i sigur\u0103, f\u0103r\u0103 substan\u021be chimice d\u0103un\u0103toare<\/li>\n<li>Economise\u0219te timp &#8211; func\u021bioneaz\u0103 rapid \u0219i eficient<\/li>\n<\/ul><\/div>\n","protected":false},"excerpt":{"rendered":"<p>\u00cendep\u0103rteaz\u0103 cu u\u0219urin\u021b\u0103 gr\u0103simea veche de ani de zile din cuptor|Prelunge\u0219te durata de via\u021b\u0103 a vaselor dvs. de g\u0103tit|Sigur de utilizat pe o varietate de suprafe\u021be, f\u0103r\u0103 niciun fel de deteriorare|Ambalat \u00een ambalaj rezistent la ap\u0103|Formul\u0103 atent creat\u0103, non-toxic\u0103, non-iritant\u0103 \u0219i non-coroziv\u0103|Simplu de utilizat: lua\u021bi o linguri\u021b\u0103 de pulbere, ad\u0103uga\u021bi ap\u0103, l\u0103sa\u021bi s\u0103 ac\u021bioneze timp de 10 min, \u0219terge\u021bi \u0219i cl\u0103ti\u021bi cu ap\u0103|Volum: 200 g<\/p>\n","protected":false},"featured_media":86691,"template":"","meta":[],"product_cat":[16,223,2366],"product_tag":[2367],"acf":[],"_links":{"self":[{"href":"https:\/\/smania.store\/ro\/wp-json\/wp\/v2\/product\/52073"}],"collection":[{"href":"https:\/\/smania.store\/ro\/wp-json\/wp\/v2\/product"}],"about":[{"href":"https:\/\/smania.store\/ro\/wp-json\/wp\/v2\/types\/product"}],"wp:featuredmedia":[{"embeddable":true,"href":"https:\/\/smania.store\/ro\/wp-json\/wp\/v2\/media\/86691"}],"wp:attachment":[{"href":"https:\/\/smania.store\/ro\/wp-json\/wp\/v2\/media?parent=52073"}],"wp:term":[{"taxonomy":"product_cat","embeddable":true,"href":"https:\/\/smania.store\/ro\/wp-json\/wp\/v2\/product_cat?post=52073"},{"taxonomy":"product_tag","embeddable":true,"href":"https:\/\/smania.store\/ro\/wp-json\/wp\/v2\/product_tag?post=52073"}],"curies":[{"name":"wp","href":"https:\/\/api.w.org\/{rel}","templated":true}]}}