{"id":51566,"date":"2024-11-05T10:51:35","date_gmt":"2024-11-05T09:51:35","guid":{"rendered":"https:\/\/smania.store\/ro\/produs\/agent-de-lustruire-a-farurilor-carlight-pro\/"},"modified":"2026-04-17T02:42:54","modified_gmt":"2026-04-17T00:42:54","slug":"agent-de-lustruire-a-farurilor-carlight-pro","status":"publish","type":"product","link":"https:\/\/smania.store\/ro\/produs\/agent-de-lustruire-a-farurilor-carlight-pro\/","title":{"rendered":"Agent de lustruire a farurilor CarLight Pro"},"content":{"rendered":"<div class=\"smania_landing_description_title\">Nou! CarLight Pro: red\u0103 farurilor tale un aspect complet nou<\/div>\n<div class=\"smania_landing_description_txt\">Asigura\u021bi-v\u0103 o vizibilitate excelent\u0103 &#8211; f\u0103r\u0103 a v\u0103 \u00eenlocui farurile!<\/div>\n<div class=\"smania_landing_description_subtitle\">Dac\u0103 farurile dvs. sunt \u00eence\u021bo\u0219ate \u0219i \u00eeng\u0103lbenite, vizibilitatea dvs. pe drum pe timp de noapte ar putea fi redus\u0103 cu p\u00e2n\u0103 la 80%! Totu\u0219i, acest lucru nu \u00eenseamn\u0103 c\u0103 trebuie s\u0103 le \u00eenlocui\u021bi. Aplica\u021bi CarLight Pro \u0219i reda\u021bi str\u0103lucirea farurilor dumneavoastr\u0103.<\/div>\n<div class=\"smania_landing_description_list\">\n<ul>\n<li>\u00cendep\u0103rteaz\u0103 eficient \u00eeng\u0103lbenirea farurilor<\/li>\n<li>Reface str\u0103lucirea original\u0103 a farurilor<\/li>\n<li>Cre\u0219te siguran\u021ba cu lumini mai str\u0103lucitoare \u0219i mai vizibile<\/li>\n<li>P\u0103streaz\u0103 farurile ca \u0219i cum ar fi noi pentru o perioad\u0103 mai lung\u0103 de timp<\/li>\n<\/ul><\/div>\n","protected":false},"excerpt":{"rendered":"<p>Economise\u0219te costurile de \u00eenlocuire a farurilor|Red\u0103 claritatea farurilor|Previne \u00eeng\u0103lbenirea ulterioar\u0103|Formul\u0103 eficient\u0103 pentru \u00eendep\u0103rtarea petelor galbene|Potrivit pentru toate tipurile de faruri, indiferent de marca sau modelul vehiculului|Simplu de utilizat: cur\u0103\u021ba\u021bi suprafa\u021ba, pulveriza\u021bi uniform, \u00eentinde\u021bi cu o c\u00e2rp\u0103 \u0219i a\u0219tepta\u021bi s\u0103 se usuce|Volum: 30 ml<\/p>\n","protected":false},"featured_media":58739,"template":"","meta":[],"product_cat":[18,2366],"product_tag":[1274,2374,2367],"acf":[],"_links":{"self":[{"href":"https:\/\/smania.store\/ro\/wp-json\/wp\/v2\/product\/51566"}],"collection":[{"href":"https:\/\/smania.store\/ro\/wp-json\/wp\/v2\/product"}],"about":[{"href":"https:\/\/smania.store\/ro\/wp-json\/wp\/v2\/types\/product"}],"wp:featuredmedia":[{"embeddable":true,"href":"https:\/\/smania.store\/ro\/wp-json\/wp\/v2\/media\/58739"}],"wp:attachment":[{"href":"https:\/\/smania.store\/ro\/wp-json\/wp\/v2\/media?parent=51566"}],"wp:term":[{"taxonomy":"product_cat","embeddable":true,"href":"https:\/\/smania.store\/ro\/wp-json\/wp\/v2\/product_cat?post=51566"},{"taxonomy":"product_tag","embeddable":true,"href":"https:\/\/smania.store\/ro\/wp-json\/wp\/v2\/product_tag?post=51566"}],"curies":[{"name":"wp","href":"https:\/\/api.w.org\/{rel}","templated":true}]}}