{"id":51544,"date":"2024-11-05T08:25:02","date_gmt":"2024-11-05T07:25:02","guid":{"rendered":"https:\/\/smania.store\/ro\/produs\/spray-anticearcan-si-anticearcan-fogless-pro\/"},"modified":"2025-10-23T07:36:47","modified_gmt":"2025-10-23T05:36:47","slug":"spray-anticearcan-si-anticearcan-fogless-pro","status":"publish","type":"product","link":"https:\/\/smania.store\/ro\/produs\/spray-anticearcan-si-anticearcan-fogless-pro\/","title":{"rendered":"Spray anticearc\u0103n \u0219i anticearc\u0103n FOGLESS PRO"},"content":{"rendered":"<div class=\"smania_landing_description_title\">FOGLESS PRO &#8211; Cur\u0103\u021benie de lung\u0103 durat\u0103 \u0219i vedere clar\u0103<\/div>\n<div class=\"smania_landing_description_txt\">Uita\u021bi de ochelari \u00eence\u021bo\u0219a\u021bi, geamuri cu rou\u0103 \u0219i geamuri de ma\u0219in\u0103 \u00eence\u021bo\u0219ate \u00een timp ce conduce\u021bi<\/div>\n<div class=\"smania_landing_description_subtitle\">P\u0103stra\u021bi-v\u0103 geamurile \u0219i suprafe\u021bele netede clare ca cristalul ori de c\u00e2te ori ave\u021bi nevoie de ele! Formula avansat\u0103 a FOGLESS PRO ofer\u0103 protec\u021bie de lung\u0103 durat\u0103 \u00eempotriva aburului \u0219i condensului, astfel \u00eenc\u00e2t s\u0103 vede\u021bi \u00eentotdeauna clar &#8211; f\u0103r\u0103 pic\u0103turi \u0219i cea\u021b\u0103 care s\u0103 v\u0103 distrag\u0103 aten\u021bia.<\/div>\n<div class=\"smania_landing_description_list\">\n<ul>\n<li>Potrivit pentru b\u0103i, ma\u0219ini, pahare, ferestre <\/li>\n<li>Formul\u0103 puternic\u0103 care previne acumularea de umezeal\u0103 \u0219i rou\u0103 <\/li>\n<li>O singur\u0103 aplicare dureaz\u0103 \u0219i ofer\u0103 o vedere mai bun\u0103 pentru mai mult timp<\/li>\n<li>Bucura\u021bi-v\u0103 de o vedere mai bun\u0103 \u0219i o claritate impecabil\u0103 &#8211; \u00een orice situa\u021bie<\/li>\n<\/ul><\/div>\n","protected":false},"excerpt":{"rendered":"<p>Ofer\u0103 o claritate de lung\u0103 durat\u0103 \u0219i o vedere clar\u0103|Formula puternic\u0103 creeaz\u0103 o barier\u0103 invizibil\u0103 pe suprafa\u021b\u0103, prevenind condensul \u0219i acumularea de pic\u0103turi|Complet sigur de utilizat, nu las\u0103 reziduuri \u0219i nu deterioreaz\u0103 suprafe\u021bele|Volum: 300 ml|Potrivit pentru toate tipurile de sticl\u0103: sticl\u0103 auto, ferestre, ochelari, geamuri\/oglinzi de baie, binocluri etc.|Aplicare: cur\u0103\u021ba\u021bi suprafa\u021ba, aplica\u021bi produsul de la o distan\u021b\u0103 de 30 cm, \u00eentinde\u021bi uniform, l\u0103sa\u021bi s\u0103 se usuce timp de 30 de minute &#8211; \u0219i asta e tot!<\/p>\n","protected":false},"featured_media":59463,"template":"","meta":[],"product_cat":[16,18,2366],"product_tag":[1274,2374,1269,2367],"acf":[],"_links":{"self":[{"href":"https:\/\/smania.store\/ro\/wp-json\/wp\/v2\/product\/51544"}],"collection":[{"href":"https:\/\/smania.store\/ro\/wp-json\/wp\/v2\/product"}],"about":[{"href":"https:\/\/smania.store\/ro\/wp-json\/wp\/v2\/types\/product"}],"wp:featuredmedia":[{"embeddable":true,"href":"https:\/\/smania.store\/ro\/wp-json\/wp\/v2\/media\/59463"}],"wp:attachment":[{"href":"https:\/\/smania.store\/ro\/wp-json\/wp\/v2\/media?parent=51544"}],"wp:term":[{"taxonomy":"product_cat","embeddable":true,"href":"https:\/\/smania.store\/ro\/wp-json\/wp\/v2\/product_cat?post=51544"},{"taxonomy":"product_tag","embeddable":true,"href":"https:\/\/smania.store\/ro\/wp-json\/wp\/v2\/product_tag?post=51544"}],"curies":[{"name":"wp","href":"https:\/\/api.w.org\/{rel}","templated":true}]}}