{"id":50974,"date":"2024-09-04T13:09:08","date_gmt":"2024-09-04T11:09:08","guid":{"rendered":"https:\/\/smania.store\/ro\/produs\/agent-de-indepartare-a-ruginei-remove-rust\/"},"modified":"2026-04-10T14:46:54","modified_gmt":"2026-04-10T12:46:54","slug":"agent-de-indepartare-a-ruginei-remove-rust","status":"publish","type":"product","link":"https:\/\/smania.store\/ro\/produs\/agent-de-indepartare-a-ruginei-remove-rust\/","title":{"rendered":"Agent de \u00eendep\u0103rtare a ruginei Remove Rust"},"content":{"rendered":"<div class=\"smania_landing_description_title\">NOU! Remove Rust \u2013 Red\u0103 via\u021b\u0103 obiectelor tale metalice<\/div>\n<div class=\"smania_landing_description_txt\">\u00cendep\u0103rtarea eficient\u0103 a ruginei f\u0103r\u0103 efort<\/div>\n<div class=\"smania_landing_description_subtitle\">Ai obiecte metalice care \u0219i-au pierdut valoarea \u0219i frumuse\u021bea din cauza ruginei? Acest agent extrem de eficient pentru \u00eendep\u0103rtarea ruginei va restabili suprafe\u021bele metalice la starea lor ini\u021bial\u0103, f\u0103r\u0103 a fi nevoie de \u0219lefuire sau sablare costisitoare \u0219i consumatoare de timp.<\/div>\n<div class=\"smania_landing_description_list\">\n<ul>\n<li>\u00cendep\u0103rtare u\u0219oar\u0103 a ruginei: Cu Remove Rust, po\u021bi \u00eendep\u0103rta rapid \u0219i eficient rugina de pe suprafe\u021bele metalice f\u0103r\u0103 a deteriora materialul<\/li>\n<li>Restaurare \u0219i protec\u021bie: Restaureaz\u0103 obiectele metalice \u0219i le ofer\u0103 protec\u021bie de durat\u0103 \u00eempotriva coroziunii viitoare<\/li>\n<li>Utilizare versatil\u0103: Excelent pentru utilizare pe ma\u0219ini, garduri, unelte \u0219i alte obiecte metalice<\/li>\n<li>Sigur \u0219i u\u0219or de utilizat: Formula netoxic\u0103, f\u0103r\u0103 vapori nocivi, permite utilizarea \u00een siguran\u021b\u0103 at\u00e2t \u00een interior, c\u00e2t \u0219i \u00een exterior<\/li>\n<\/ul><\/div>\n","protected":false},"excerpt":{"rendered":"<p>\u00cendep\u0103rtare rapid\u0103: \u00cendep\u0103rteaz\u0103 eficient rugina \u0219i murd\u0103ria f\u0103r\u0103 frecare intens\u0103|Protec\u021bie de durat\u0103: Creeaz\u0103 o barier\u0103 protectoare care previne coroziunea ulterioar\u0103|U\u0219or de utilizat: Pur \u0219i simplu aplici, la\u0219i s\u0103 ac\u021bioneze \u0219i \u0219tergi|Eco-friendly: Formula netoxic\u0103, f\u0103r\u0103 vapori nocivi sau substan\u021be chimice periculoase|Volum: 200 ml, suficient pentru multiple utiliz\u0103ri|Utilizare versatil\u0103: Potrivit pentru toate suprafe\u021bele metalice, de la \u0219asiuri auto la unelte.|Uscare rapid\u0103: Suprafa\u021ba se usuc\u0103 \u00een 20 de minute, preg\u0103tit\u0103 pentru un nou strat|Formula netoxic\u0103: Sigur pentru utilizare acas\u0103 \u0219i \u00een exterior, f\u0103r\u0103 emisii d\u0103un\u0103toare<\/p>\n","protected":false},"featured_media":59517,"template":"","meta":[],"product_cat":[16,18,2366],"product_tag":[2170,1274,2367],"acf":[],"_links":{"self":[{"href":"https:\/\/smania.store\/ro\/wp-json\/wp\/v2\/product\/50974"}],"collection":[{"href":"https:\/\/smania.store\/ro\/wp-json\/wp\/v2\/product"}],"about":[{"href":"https:\/\/smania.store\/ro\/wp-json\/wp\/v2\/types\/product"}],"wp:featuredmedia":[{"embeddable":true,"href":"https:\/\/smania.store\/ro\/wp-json\/wp\/v2\/media\/59517"}],"wp:attachment":[{"href":"https:\/\/smania.store\/ro\/wp-json\/wp\/v2\/media?parent=50974"}],"wp:term":[{"taxonomy":"product_cat","embeddable":true,"href":"https:\/\/smania.store\/ro\/wp-json\/wp\/v2\/product_cat?post=50974"},{"taxonomy":"product_tag","embeddable":true,"href":"https:\/\/smania.store\/ro\/wp-json\/wp\/v2\/product_tag?post=50974"}],"curies":[{"name":"wp","href":"https:\/\/api.w.org\/{rel}","templated":true}]}}