{"id":50901,"date":"2024-09-04T12:47:45","date_gmt":"2024-09-04T10:47:45","guid":{"rendered":"https:\/\/smania.store\/ro\/produs\/ceara-de-albine-pentru-lemn-bee-wax\/"},"modified":"2026-04-11T11:58:39","modified_gmt":"2026-04-11T09:58:39","slug":"ceara-de-albine-pentru-lemn-bee-wax","status":"publish","type":"product","link":"https:\/\/smania.store\/ro\/produs\/ceara-de-albine-pentru-lemn-bee-wax\/","title":{"rendered":"Cear\u0103 de albine pentru lemn Bee Wax"},"content":{"rendered":"<div class=\"smania_landing_description_title\">NOU! Bee Wax \u2013 Red\u0103 str\u0103lucirea mobilierului t\u0103u din lemn<\/div>\n<div class=\"smania_landing_description_txt\">Red\u0103 via\u021b\u0103 mobilierului t\u0103u din lemn!<\/div>\n<div class=\"smania_landing_description_subtitle\">E\u0219ti obosit de aspectul tern \u0219i uzat al vechiului t\u0103u mobilier din lemn? Bee Wax este un agent de lustruire minunat care va reda str\u0103lucirea \u0219i frumuse\u021bea natural\u0103 a mobilierului t\u0103u. Nu este nevoie s\u0103 scapi de vechiul mobilier \u2013 cu aceast\u0103 cear\u0103, va ar\u0103ta ca nou. Volumul de 150 ml este suficient pentru p\u00e2n\u0103 la 8 m\u00b2 de suprafe\u021be din lemn, fiind perfect pentru revitalizarea pieselor tale preferate.<\/div>\n<div class=\"smania_landing_description_list\">\n<ul>\n<li>Red\u0103 str\u0103lucirea: Revitalizeaz\u0103 suprafe\u021bele din lemn \u0219i le red\u0103 str\u0103lucirea natural\u0103, f\u0103c\u00e2nd mobilierul s\u0103 arate ca nou<\/li>\n<li>U\u0219or de utilizat: Aplicare rapid\u0103 \u0219i simpl\u0103 care ofer\u0103 mobilierului t\u0103u str\u0103lucire \u0219i protec\u021bie de durat\u0103<\/li>\n<li>Protec\u021bie \u00eempotriva zg\u00e2rieturilor: Protejeaz\u0103 lemnul de deterior\u0103ri \u0219i previne zg\u00e2rieturile<\/li>\n<li>Protec\u021bie impermeabil\u0103: Creeaz\u0103 o barier\u0103 impermeabil\u0103 care protejeaz\u0103 mobilierul de umiditate<\/li>\n<li>Non-toxic \u0219i sigur: Con\u021bine cear\u0103 de albine, care este sigur\u0103 pentru utilizare, non-toxic\u0103 \u0219i bl\u00e2nd\u0103 cu pielea<\/li>\n<\/ul><\/div>\n","protected":false},"excerpt":{"rendered":"<p>Restaurarea lemnului: Red\u0103 mobilierului din lemn starea sa natural\u0103, cu str\u0103lucire \u0219i protec\u021bie|Protec\u021bie de lung\u0103 durat\u0103: Previne deterior\u0103rile \u0219i protejeaz\u0103 suprafe\u021bele din lemn de umiditate \u0219i zg\u00e2rieturi|Utilizare versatil\u0103: Ideal\u0103 pentru podele din lemn, mese, scaune, u\u0219i \u0219i alte piese de mobilier din lemn|Sigur pentru utilizare: Formula non-toxic\u0103 cu cear\u0103 de albine, potrivit\u0103 pentru locuin\u021bele cu copii \u0219i animale de companie|Volum: 150 ml, suficient pentru p\u00e2n\u0103 la 8 m\u00b2 de suprafe\u021be din lemn|Formula cu cear\u0103 de albine: Compozi\u021bie natural\u0103 care hr\u0103ne\u0219te \u0219i protejeaz\u0103 lemnul|U\u0219or de utilizat: Aplic\u0103 simplu cu o c\u00e2rp\u0103 moale \u0219i bucur\u0103-te de str\u0103lucirea redob\u00e2ndit\u0103|Non-toxic: Ceara este sigur\u0103 pentru utilizare \u00een interior, f\u0103r\u0103 substan\u021be chimice nocive<\/p>\n","protected":false},"featured_media":59737,"template":"","meta":[],"product_cat":[16,2366],"product_tag":[2170],"acf":[],"_links":{"self":[{"href":"https:\/\/smania.store\/ro\/wp-json\/wp\/v2\/product\/50901"}],"collection":[{"href":"https:\/\/smania.store\/ro\/wp-json\/wp\/v2\/product"}],"about":[{"href":"https:\/\/smania.store\/ro\/wp-json\/wp\/v2\/types\/product"}],"wp:featuredmedia":[{"embeddable":true,"href":"https:\/\/smania.store\/ro\/wp-json\/wp\/v2\/media\/59737"}],"wp:attachment":[{"href":"https:\/\/smania.store\/ro\/wp-json\/wp\/v2\/media?parent=50901"}],"wp:term":[{"taxonomy":"product_cat","embeddable":true,"href":"https:\/\/smania.store\/ro\/wp-json\/wp\/v2\/product_cat?post=50901"},{"taxonomy":"product_tag","embeddable":true,"href":"https:\/\/smania.store\/ro\/wp-json\/wp\/v2\/product_tag?post=50901"}],"curies":[{"name":"wp","href":"https:\/\/api.w.org\/{rel}","templated":true}]}}