{"id":50890,"date":"2024-09-04T12:47:11","date_gmt":"2024-09-04T10:47:11","guid":{"rendered":"https:\/\/smania.store\/ro\/produs\/pasta-de-reparare-a-ceramicii-ultra-paste\/"},"modified":"2026-03-29T12:23:27","modified_gmt":"2026-03-29T10:23:27","slug":"pasta-de-reparare-a-ceramicii-ultra-paste","status":"publish","type":"product","link":"https:\/\/smania.store\/ro\/produs\/pasta-de-reparare-a-ceramicii-ultra-paste\/","title":{"rendered":"Past\u0103 de reparare a ceramicii Ultra Paste"},"content":{"rendered":"<div class=\"smania_landing_description_title\">NOU! Ultra Paste \u2013 Solu\u021bia simpl\u0103 pentru repararea ceramicii<\/div>\n<div class=\"smania_landing_description_txt\">Repar\u0103 ceramica deteriorat\u0103 \u00eentr-o clip\u0103!<\/div>\n<div class=\"smania_landing_description_subtitle\">E\u0219ti s\u0103tul de cr\u0103p\u0103turile \u0219i deterior\u0103rile de pe obiectele tale ceramice preferate? Cu Ultra Paste, problema ta va fi rezolvat\u0103 mai repede dec\u00e2t \u00ee\u021bi imaginezi. Aceast\u0103 past\u0103 extrem de eficient\u0103 este conceput\u0103 pentru a repara pl\u0103ci ciobite, margini sparte \u0219i ceramic\u0103 cr\u0103pat\u0103, oferind un rezultat perfect cu o singur\u0103 aplicare.<\/div>\n<div class=\"smania_landing_description_list\">\n<ul>\n<li>Reparare rapid\u0103 \u0219i u\u0219oar\u0103: Restaureaz\u0103 ceramica deteriorat\u0103 \u00een doar c\u00e2teva minute, cu o singur\u0103 aplicare simpl\u0103<\/li>\n<li>Potrivire perfect\u0103: Pasta se \u00eembin\u0103 perfect cu culoarea \u0219i textura ceramicii tale, f\u0103c\u00e2nd repara\u021biile invizibile<\/li>\n<li>Utilizare universal\u0103: Ideal\u0103 pentru toate tipurile de suprafe\u021be ceramice \u2013 de la pl\u0103ci la c\u0103ni \u0219i vaze<\/li>\n<li>Economise\u0219te timp \u0219i bani: Evit\u0103 \u00eenlocuirile costisitoare \u0219i repara\u021biile \u00eendelungate cu Ultra Paste, simpl\u0103 \u0219i eficient\u0103<\/li>\n<li>Solu\u021bie durabil\u0103: Dup\u0103 uscare, repara\u021bia este solid\u0103 \u0219i rezistent\u0103 la utilizarea zilnic\u0103<\/li>\n<\/ul><\/div>\n","protected":false},"excerpt":{"rendered":"<p>Umplere perfect\u0103: Pasta umple eficient toate cr\u0103p\u0103turile, marginile ciobite \u0219i g\u0103urile|Uscare rapid\u0103: Repara\u021biile sunt solide \u00een doar 10 minute|Impermeabil: Dup\u0103 reparare, suprafa\u021ba va fi rezistent\u0103 la ap\u0103 \u0219i alte lichide|Repara\u021bii invizibile: Pasta se \u00eembin\u0103 perfect cu ceramica ta, f\u0103r\u0103 a l\u0103sa urme vizibile|Volum: 100 g, suficient pentru multiple repara\u021bii|Formul\u0103 de \u00eenalt\u0103 calitate: Proiectat\u0103 pentru durabilitate \u0219i rezisten\u021b\u0103|U\u0219or de utilizat: Pur \u0219i simplu amestec\u0103, aplic\u0103 \u0219i neteze\u0219te|Universal: Potrivit\u0103 pentru pl\u0103ci, por\u021belan, obiecte din sticl\u0103 \u0219i multe altele|NOT\u0102: produsul este potrivit numai pentru ceramic\u0103 alb\u0103<\/p>\n","protected":false},"featured_media":81644,"template":"","meta":[],"product_cat":[16,2366],"product_tag":[2170,1269,2381],"acf":[],"_links":{"self":[{"href":"https:\/\/smania.store\/ro\/wp-json\/wp\/v2\/product\/50890"}],"collection":[{"href":"https:\/\/smania.store\/ro\/wp-json\/wp\/v2\/product"}],"about":[{"href":"https:\/\/smania.store\/ro\/wp-json\/wp\/v2\/types\/product"}],"wp:featuredmedia":[{"embeddable":true,"href":"https:\/\/smania.store\/ro\/wp-json\/wp\/v2\/media\/81644"}],"wp:attachment":[{"href":"https:\/\/smania.store\/ro\/wp-json\/wp\/v2\/media?parent=50890"}],"wp:term":[{"taxonomy":"product_cat","embeddable":true,"href":"https:\/\/smania.store\/ro\/wp-json\/wp\/v2\/product_cat?post=50890"},{"taxonomy":"product_tag","embeddable":true,"href":"https:\/\/smania.store\/ro\/wp-json\/wp\/v2\/product_tag?post=50890"}],"curies":[{"name":"wp","href":"https:\/\/api.w.org\/{rel}","templated":true}]}}