{"id":50859,"date":"2024-09-04T12:45:48","date_gmt":"2024-09-04T10:45:48","guid":{"rendered":"https:\/\/smania.store\/ro\/produs\/etansant-impermeabil-leak-stop-clear-xl\/"},"modified":"2026-04-19T08:08:30","modified_gmt":"2026-04-19T06:08:30","slug":"etansant-impermeabil-leak-stop-clear-xl","status":"publish","type":"product","link":"https:\/\/smania.store\/ro\/produs\/etansant-impermeabil-leak-stop-clear-xl\/","title":{"rendered":"Etan\u0219ant impermeabil Leak Stop Clear XL"},"content":{"rendered":"<div class=\"smania_landing_description_title\">NOU! Protec\u021bia impermeabil\u0103 perfect\u0103 pentru toate suprafe\u021bele<\/div>\n<div class=\"smania_landing_description_txt\">Repara\u021bi fisurile \u00eentr-un singur pas u\u0219or<\/div>\n<div class=\"smania_landing_description_subtitle\">Acest material de etan\u0219are inovator, transparent, v\u0103 permite s\u0103 repara\u021bi rapid fisurile \u0219i g\u0103urile \u0219i s\u0103 proteja\u021bi \u00eempotriva umidit\u0103\u021bii \u0219i ruginii o varietate de suprafe\u021be critice. Nu l\u0103sa\u021bi umezeala sau coroziunea s\u0103 v\u0103 deterioreze bunurile &#8211; asigura\u021bi-v\u0103 o protec\u021bie de durat\u0103.<\/div>\n<div class=\"smania_landing_description_list\">\n<ul>\n<li>Ofer\u0103 protec\u021bie de lung\u0103 durat\u0103 \u00eempotriva umidit\u0103\u021bii<\/li>\n<li>Se usuc\u0103 rapid \u0219i r\u0103m\u00e2ne flexibil<\/li>\n<li>Invizibil pe majoritatea suprafe\u021belor<\/li>\n<li>Poate fi folosit pe o varietate de materiale<\/li>\n<li>Potrivit pentru utilizarea ca strat sub\u021bire \u0219i pentru umplerea fisurilor mai mici<\/li>\n<\/ul><\/div>\n","protected":false},"excerpt":{"rendered":"<p>Protec\u021bie de lung\u0103 durat\u0103 \u00eempotriva umidit\u0103\u021bii \u0219i ruginii|Aplicare invizibil\u0103 pentru un aspect estetic|Formul\u0103 cu uscare rapid\u0103 \u0219i flexibil\u0103|Util\u0103 pe suprafe\u021be interioare \u0219i exterioare|Culoare translucid\u0103 pentru o aplicare invizibil\u0103|Poate fi utilizat pe o varietate de materiale, cum ar fi metal, beton, plastic, etc.|Aplicare flexibil\u0103 &#8211; poate fi aplicat cu pensula, cu rola sau prin turnare direct\u0103|Rezistent la condi\u021biile meteorologice extreme \u0219i la razele UV|Volum: 300 ml, suficient pentru p\u00e2n\u0103 la 5 m\u00b2|NOT\u0102: produsul apare alb chiar \u0219i dup\u0103 aplicare, dar devine transparent dup\u0103 uscare<\/p>\n","protected":false},"featured_media":88711,"template":"","meta":[],"product_cat":[16,2366],"product_tag":[1241,2381],"acf":[],"_links":{"self":[{"href":"https:\/\/smania.store\/ro\/wp-json\/wp\/v2\/product\/50859"}],"collection":[{"href":"https:\/\/smania.store\/ro\/wp-json\/wp\/v2\/product"}],"about":[{"href":"https:\/\/smania.store\/ro\/wp-json\/wp\/v2\/types\/product"}],"wp:featuredmedia":[{"embeddable":true,"href":"https:\/\/smania.store\/ro\/wp-json\/wp\/v2\/media\/88711"}],"wp:attachment":[{"href":"https:\/\/smania.store\/ro\/wp-json\/wp\/v2\/media?parent=50859"}],"wp:term":[{"taxonomy":"product_cat","embeddable":true,"href":"https:\/\/smania.store\/ro\/wp-json\/wp\/v2\/product_cat?post=50859"},{"taxonomy":"product_tag","embeddable":true,"href":"https:\/\/smania.store\/ro\/wp-json\/wp\/v2\/product_tag?post=50859"}],"curies":[{"name":"wp","href":"https:\/\/api.w.org\/{rel}","templated":true}]}}