{"id":50817,"date":"2024-09-04T12:39:21","date_gmt":"2024-09-04T10:39:21","guid":{"rendered":"https:\/\/smania.store\/ro\/produs\/ingrasamant-pentru-plante-floravita\/"},"modified":"2026-04-19T07:35:52","modified_gmt":"2026-04-19T05:35:52","slug":"ingrasamant-pentru-plante-floravita","status":"publish","type":"product","link":"https:\/\/smania.store\/ro\/produs\/ingrasamant-pentru-plante-floravita\/","title":{"rendered":"\u00cengr\u0103\u0219\u0103m\u00e2nt pentru plante Floravita"},"content":{"rendered":"<div class=\"smania_landing_description_title\">NOU! Floravita \u2013 Aduce\u021bi via\u021b\u0103 plantelor dumneavoastr\u0103<\/div>\n<div class=\"smania_landing_description_txt\">Un \u00eengr\u0103\u0219\u0103m\u00e2nt revolu\u021bionar pentru plante mai puternice \u0219i mai s\u0103n\u0103toase<\/div>\n<div class=\"smania_landing_description_subtitle\">V\u0103 dori\u021bi ca plantele dumneavoastr\u0103 s\u0103 creasc\u0103 mai repede, s\u0103 fie mai s\u0103n\u0103toase \u0219i s\u0103 \u00eenfloreasc\u0103 a\u0219a cum nu au f\u0103cut-o niciodat\u0103? Floravita este un \u00eengr\u0103\u0219\u0103m\u00e2nt inovator, creat de cei mai buni exper\u021bi, pentru a oferi plantelor dumneavoastr\u0103 \u00eengrijire superioar\u0103 \u0219i pentru a stimula o cre\u0219tere rapid\u0103.<\/div>\n<div class=\"smania_landing_description_list\">\n<ul>\n<li>Cre\u0219tere accelerat\u0103: Floravita permite plantelor s\u0103 creasc\u0103 de p\u00e2n\u0103 la 2 ori mai repede dec\u00e2t cu alte \u00eengr\u0103\u0219\u0103minte de pe pia\u021b\u0103<\/li>\n<li>Absorb\u021bie \u00eembun\u0103t\u0103\u021bit\u0103: Stimuleaz\u0103 r\u0103d\u0103cinile s\u0103 absoarb\u0103 mai bine apa \u0219i nutrien\u021bii, sporind eficien\u021ba cre\u0219terii<\/li>\n<li>Protec\u021bie \u00eempotriva d\u0103un\u0103torilor: Creeaz\u0103 o barier\u0103 natural\u0103 care respinge d\u0103un\u0103torii, permi\u021b\u00e2nd plantelor s\u0103 creasc\u0103 f\u0103r\u0103 probleme<\/li>\n<li>U\u0219or de folosit: Doar amesteca\u021bi doza recomandat\u0103 cu ap\u0103 \u0219i aplica\u021bi \u00een jurul plantelor \u2013 f\u0103r\u0103 b\u0103t\u0103i de cap<\/li>\n<li>Sigur pentru mediu: Nu con\u021bine chimicale d\u0103un\u0103toare sau aditivi sintetici care ar putea afecta mediul<\/li>\n<\/ul>\n<\/div>\n","protected":false},"excerpt":{"rendered":"<p>Cre\u0219tere rapid\u0103 \u0219i s\u0103n\u0103toas\u0103: Plantele dumneavoastr\u0103 vor cre\u0219te mai repede, mai puternice \u0219i mai rezistente|Protec\u021bie de lung\u0103 durat\u0103: Respinge eficient d\u0103un\u0103torii \u0219i men\u021bine plantele \u00een siguran\u021b\u0103|Potrivit pentru toate tipurile de plante: Util pentru plantele \u0219i florile de interior \u0219i exterior|Ecologic: Formula f\u0103r\u0103 chimicale d\u0103un\u0103toare, sigur\u0103 pentru mediu \u0219i pentru casa dumneavoastr\u0103|Volum: 200 ml concentrat pentru utiliz\u0103ri multiple|Aplica\u021bie simpl\u0103: Amesteca\u021bi cu ap\u0103 \u0219i aplica\u021bi pe solul din jurul plantelor|Potrivit pentru plante de interior \u0219i exterior: Ideal pentru orice proiect de gr\u0103din\u0103rit|\u00cengrijire superioar\u0103: O formul\u0103 care asigur\u0103 ca plantele dumneavoastr\u0103 s\u0103 str\u0103luceasc\u0103 \u00een toat\u0103 splendoarea lor<\/p>\n","protected":false},"featured_media":50807,"template":"","meta":[],"product_cat":[16],"product_tag":[1241],"acf":[],"_links":{"self":[{"href":"https:\/\/smania.store\/ro\/wp-json\/wp\/v2\/product\/50817"}],"collection":[{"href":"https:\/\/smania.store\/ro\/wp-json\/wp\/v2\/product"}],"about":[{"href":"https:\/\/smania.store\/ro\/wp-json\/wp\/v2\/types\/product"}],"wp:featuredmedia":[{"embeddable":true,"href":"https:\/\/smania.store\/ro\/wp-json\/wp\/v2\/media\/50807"}],"wp:attachment":[{"href":"https:\/\/smania.store\/ro\/wp-json\/wp\/v2\/media?parent=50817"}],"wp:term":[{"taxonomy":"product_cat","embeddable":true,"href":"https:\/\/smania.store\/ro\/wp-json\/wp\/v2\/product_cat?post=50817"},{"taxonomy":"product_tag","embeddable":true,"href":"https:\/\/smania.store\/ro\/wp-json\/wp\/v2\/product_tag?post=50817"}],"curies":[{"name":"wp","href":"https:\/\/api.w.org\/{rel}","templated":true}]}}