{"id":50806,"date":"2024-09-04T12:38:46","date_gmt":"2024-09-04T10:38:46","guid":{"rendered":"https:\/\/smania.store\/ro\/produs\/detergent-pentru-podele-floor-max\/"},"modified":"2026-04-19T07:35:52","modified_gmt":"2026-04-19T05:35:52","slug":"detergent-pentru-podele-floor-max","status":"publish","type":"product","link":"https:\/\/smania.store\/ro\/produs\/detergent-pentru-podele-floor-max\/","title":{"rendered":"Emulsie pentru podele Floor Max"},"content":{"rendered":"<div class=\"smania_landing_description_title\">NOU! Floor Max &#8211; Cur\u0103\u021benie perfect\u0103 pentru toate suprafe\u021bele de podea<\/div>\n<div class=\"smania_landing_description_txt\">Cur\u0103\u021benie \u0219i protec\u021bie de durat\u0103 pentru toate suprafe\u021bele de podea<\/div>\n<div class=\"smania_landing_description_subtitle\">Dori\u021bi ca podelele dumneavoastr\u0103 s\u0103 str\u0103luceasc\u0103 la maximum, indiferent de tipul de suprafa\u021b\u0103? Floor Max este un detergent extrem de eficient, conceput pentru cur\u0103\u021barea profund\u0103 \u0219i restaurarea tuturor tipurilor de suprafe\u021be de podea. \u00cendep\u0103rteaz\u0103 petele \u00eenc\u0103p\u0103\u021b\u00e2nate, murd\u0103ria \u0219i gr\u0103simea, men\u021bin\u00e2nd \u00een acela\u0219i timp podelele str\u0103lucitoare \u0219i proaspete. Floor Max este alegerea ideal\u0103 pentru locuin\u021be \u0219i spa\u021bii comerciale, oferind cur\u0103\u021benie \u0219i protec\u021bie de durat\u0103.<\/div>\n<div class=\"smania_landing_description_list\">\n<ul>\n<li>Utilizare versatil\u0103: Potrivit pentru majoritatea tipurilor de pardoseli, cum ar fi pardoselile din lemn sigilat, vinil, sintetic, piatr\u0103 \u0219i plut\u0103<\/li>\n<li>Putere excep\u021bional\u0103 de cur\u0103\u021bare: \u00cendep\u0103rteaz\u0103 rapid petele \u0219i murd\u0103ria f\u0103r\u0103 a deteriora suprafa\u021ba<\/li>\n<li>U\u0219or de utilizat: Doar aplica\u021bi \u0219i \u0219terge\u021bi \u2013 podelele vor ar\u0103ta ca noi<\/li>\n<li>Parfum proasp\u0103t: Las\u0103 un parfum pl\u0103cut \u0219i de durat\u0103<\/li>\n<li>Protec\u021bie de lung\u0103 durat\u0103: Creeaz\u0103 un strat protector care ajut\u0103 la prevenirea acumul\u0103rii de murd\u0103rie<\/li>\n<\/ul><\/div>\n","protected":false},"excerpt":{"rendered":"<p>Cur\u0103\u021bare profund\u0103: \u00cendep\u0103rteaz\u0103 eficient murd\u0103ria \u0219i petele de pe suprafe\u021bele de podea|Prospe\u021bime de durat\u0103: Las\u0103 un parfum proasp\u0103t \u0219i str\u0103lucire de lung\u0103 durat\u0103|Ideal pentru toate tipurile de suprafe\u021be de podea, inclusiv materiale delicate|Rapid \u0219i u\u0219or de utilizat, f\u0103r\u0103 a necesita cl\u0103tire|Volum: 500 ml, suficient pentru mai multe utiliz\u0103ri|Ecologic: Formula f\u0103r\u0103 substan\u021be chimice nocive|Potrivit pentru majoritatea tipurilor de pardoseli, cum ar fi pardoselile din lemn sigilat, vinil, sintetic, piatr\u0103 \u0219i plut\u0103|Uscare rapid\u0103: Suprafe\u021bele se usuc\u0103 rapid dup\u0103 cur\u0103\u021bare \u0219i sunt sigure de utilizat<\/p>\n","protected":false},"featured_media":88752,"template":"","meta":[],"product_cat":[16,2366],"product_tag":[2170,2367],"acf":[],"_links":{"self":[{"href":"https:\/\/smania.store\/ro\/wp-json\/wp\/v2\/product\/50806"}],"collection":[{"href":"https:\/\/smania.store\/ro\/wp-json\/wp\/v2\/product"}],"about":[{"href":"https:\/\/smania.store\/ro\/wp-json\/wp\/v2\/types\/product"}],"wp:featuredmedia":[{"embeddable":true,"href":"https:\/\/smania.store\/ro\/wp-json\/wp\/v2\/media\/88752"}],"wp:attachment":[{"href":"https:\/\/smania.store\/ro\/wp-json\/wp\/v2\/media?parent=50806"}],"wp:term":[{"taxonomy":"product_cat","embeddable":true,"href":"https:\/\/smania.store\/ro\/wp-json\/wp\/v2\/product_cat?post=50806"},{"taxonomy":"product_tag","embeddable":true,"href":"https:\/\/smania.store\/ro\/wp-json\/wp\/v2\/product_tag?post=50806"}],"curies":[{"name":"wp","href":"https:\/\/api.w.org\/{rel}","templated":true}]}}