{"id":50794,"date":"2024-09-04T12:31:21","date_gmt":"2024-09-04T10:31:21","guid":{"rendered":"https:\/\/smania.store\/ro\/produs\/solutie-de-curatat-pentru-scurgeri-si-chiuvete-easyclean\/"},"modified":"2026-04-12T10:36:48","modified_gmt":"2026-04-12T08:36:48","slug":"solutie-de-curatat-pentru-scurgeri-si-chiuvete-easyclean","status":"publish","type":"product","link":"https:\/\/smania.store\/ro\/produs\/solutie-de-curatat-pentru-scurgeri-si-chiuvete-easyclean\/","title":{"rendered":"Solu\u021bie de cur\u0103\u021bat pentru scurgeri \u0219i chiuvete EasyClean"},"content":{"rendered":"<div class=\"smania_landing_description_title\">NOU! EasyClean \u2013 Solu\u021bia perfect\u0103 pentru desfundarea scurgerilor<\/div>\n<div class=\"smania_landing_description_txt\">Desfund\u0103 rapid \u0219i eficient sistemul t\u0103u de instala\u021bii sanitare.<\/div>\n<div class=\"smania_landing_description_subtitle\">Te confrun\u021bi cu scurgeri \u00eenfundate care \u00ee\u021bi dau b\u0103t\u0103i de cap? EasyClean este o solu\u021bie de cur\u0103\u021bare puternic\u0103 ce \u00ee\u021bi va rezolva problemele de desfundare rapid \u0219i u\u0219or. Formula special\u0103 a acestui agent de cur\u0103\u021bare dizolv\u0103 eficient substan\u021bele organice, precum gr\u0103simi, p\u0103r, h\u00e2rtie, reziduuri de s\u0103pun \u0219i uleiuri, care cauzeaz\u0103 adesea blocaje. Indiferent dac\u0103 este vorba despre scurgerea din buc\u0103t\u0103rie, toalet\u0103 sau chiuvet\u0103, EasyClean va asigura func\u021bionarea impecabil\u0103 a sistemului t\u0103u de instala\u021bii.<\/div>\n<div class=\"smania_landing_description_list\">\n<ul>\n<li>\u00cendep\u0103rteaz\u0103 eficient blocajele: Dizolv\u0103 substan\u021bele organice rezistente \u0219i restabile\u0219te rapid fluxul scurgerilor tale<\/li>\n<li>Sigur pentru \u021bevile tale: NU d\u0103uneaz\u0103 \u021bevilor sau foselor septice<\/li>\n<li>U\u0219or de folosit: Pur \u0219i simplu toarn\u0103, a\u0219teapt\u0103 c\u00e2teva minute \u0219i cl\u0103te\u0219te cu ap\u0103 \u2013 rapid \u0219i f\u0103r\u0103 efort<\/li>\n<li>Prietenos cu mediul: O formul\u0103 care nu d\u0103uneaz\u0103 mediului \u0219i nu contamineaz\u0103 apele subterane<\/li>\n<li>Economise\u0219te timp \u0219i bani: Evit\u0103 serviciile scumpe \u0219i consumatoare de timp ale instalatorilor<\/li>\n<\/ul><\/div>\n","protected":false},"excerpt":{"rendered":"<p>Rapid \u0219i eficient: Dizolv\u0103 gr\u0103simi, p\u0103r, h\u00e2rtie \u0219i alte blocaje \u00een doar c\u00e2teva minute|Sigur de folosit: Nu d\u0103uneaz\u0103 \u021bevilor, scurgerilor sau sistemelor septice|Ambalaj convenabil: Ambalaj compact de 100 g, u\u0219or de depozitat|Eficien\u021b\u0103 de durat\u0103: Men\u021bine sistemul t\u0103u de instala\u021bii sanitare \u00een stare excelent\u0103 cu utilizare regulat\u0103|Compozi\u021bie: Materiale necorozive, sigure pentru toate tipurile de \u021bevi|Utilizare: Potrivit pentru scurgerile din buc\u0103t\u0103rie, chiuvete, c\u0103zi, toalete \u0219i alte scurgeri principale|Ac\u021biune rapid\u0103: Dizolv\u0103 eficient blocajele \u00een doar c\u00e2teva minute|Prietenos cu mediul: O formul\u0103 care nu d\u0103uneaz\u0103 mediului \u0219i p\u0103streaz\u0103 resursele naturale curate<\/p>\n","protected":false},"featured_media":88764,"template":"","meta":[],"product_cat":[16,223,2366],"product_tag":[2170,1269,2367],"acf":[],"_links":{"self":[{"href":"https:\/\/smania.store\/ro\/wp-json\/wp\/v2\/product\/50794"}],"collection":[{"href":"https:\/\/smania.store\/ro\/wp-json\/wp\/v2\/product"}],"about":[{"href":"https:\/\/smania.store\/ro\/wp-json\/wp\/v2\/types\/product"}],"wp:featuredmedia":[{"embeddable":true,"href":"https:\/\/smania.store\/ro\/wp-json\/wp\/v2\/media\/88764"}],"wp:attachment":[{"href":"https:\/\/smania.store\/ro\/wp-json\/wp\/v2\/media?parent=50794"}],"wp:term":[{"taxonomy":"product_cat","embeddable":true,"href":"https:\/\/smania.store\/ro\/wp-json\/wp\/v2\/product_cat?post=50794"},{"taxonomy":"product_tag","embeddable":true,"href":"https:\/\/smania.store\/ro\/wp-json\/wp\/v2\/product_tag?post=50794"}],"curies":[{"name":"wp","href":"https:\/\/api.w.org\/{rel}","templated":true}]}}