{"id":50773,"date":"2024-09-04T12:22:18","date_gmt":"2024-09-04T10:22:18","guid":{"rendered":"https:\/\/smania.store\/ro\/produs\/curatator-de-trotuare-viva-vex\/"},"modified":"2026-04-21T09:15:04","modified_gmt":"2026-04-21T07:15:04","slug":"curatator-de-trotuare-viva-vex","status":"publish","type":"product","link":"https:\/\/smania.store\/ro\/produs\/curatator-de-trotuare-viva-vex\/","title":{"rendered":"Cur\u0103\u021b\u0103tor de trotuare Viva Vex"},"content":{"rendered":"<div class=\"smania_landing_description_title\">NOU! Viva Vex &#8211; cur\u0103\u021bare u\u0219oar\u0103, rezultate superioare<\/div>\n<div class=\"smania_landing_description_txt\">Instrumentul perfect pentru o curte impecabil de curat\u0103<\/div>\n<div class=\"smania_landing_description_subtitle\">Dori\u021bi ca terasa, aleile din gr\u0103din\u0103 sau aleea dvs. s\u0103 str\u0103luceasc\u0103 din nou ca noi? Cu Viva Vex ve\u021bi \u00eendep\u0103rta rapid \u0219i eficient toate petele persistente, urmele de gr\u0103sime, algele, mucegaiul \u0219i depunerile minerale. Aceast\u0103 formul\u0103 extrem de puternic\u0103 este special conceput\u0103 pentru a cur\u0103\u021ba o varietate de suprafe\u021be, fiind \u00een acela\u0219i timp suficient de delicat\u0103 pentru a nu v\u0103 deteriora pre\u021bioasele pavele.<\/div>\n<div class=\"smania_landing_description_list\">\n<ul>\n<li>\u00cendep\u0103rtare u\u0219oar\u0103 a petelor: spune\u021bi adio petelor \u00eenc\u0103p\u0103\u021b\u00e2nate, depunerilor de gr\u0103sime \u0219i algelor cu un efort minim<\/li>\n<li>Versatil: Potrivit pentru granit, marmur\u0103, gresie, ceramic\u0103 \u0219i altele<\/li>\n<li>Rezultate superioare: Viva Vex asigur\u0103 c\u0103 terasa sau curtea dvs. va ar\u0103ta ca nou\u0103, indiferent de v\u00e2rsta pavelelor<\/li>\n<li>Sigur de utilizat: De\u0219i este puternic \u00eempotriva murd\u0103riei, este sigur pentru suprafe\u021bele dvs. dac\u0103 este utilizat corect<\/li>\n<li>Economise\u0219te timp \u0219i efort: Cur\u0103\u021bare rapid\u0103 \u0219i u\u0219oar\u0103, f\u0103r\u0103 a fi nevoie de frecare laborioas\u0103<\/li>\n<\/ul><\/div>\n","protected":false},"excerpt":{"rendered":"<p>Putere de cur\u0103\u021bare excep\u021bional\u0103: \u00cendep\u0103rteaz\u0103 rapid chiar \u0219i cele mai dificile pete \u0219i depuneri|Potrivit pentru o varietate de materiale: Utiliza\u021bi-l pe granit, marmur\u0103, gresie \u0219i alte pietre naturale|U\u0219or de utilizat: Pur \u0219i simplu aplica\u021bi, a\u0219tepta\u021bi \u0219i cl\u0103ti\u021bi pentru rezultate frumoase|Delicat cu suprafe\u021bele: Puternic \u00eempotriva murd\u0103riei, dar delicat cu pavelele dvs.|Volum: 500 ml, suficient pentru suprafe\u021be mai mari|Ac\u021biune rapid\u0103: Cur\u0103\u021bare eficient\u0103 f\u0103r\u0103 timpi lungi de a\u0219teptare|Versatil: Ideal pentru terase, alei, alei de gr\u0103din\u0103 \u0219i toate suprafe\u021bele exterioare din piatr\u0103|Ecologic: Formulat f\u0103r\u0103 substan\u021be chimice d\u0103un\u0103toare, prietenos cu mediul \u0219i cu \u00eemprejurimile dvs.<\/p>\n","protected":false},"featured_media":88774,"template":"","meta":[],"product_cat":[16,2366],"product_tag":[1241,2367],"acf":[],"_links":{"self":[{"href":"https:\/\/smania.store\/ro\/wp-json\/wp\/v2\/product\/50773"}],"collection":[{"href":"https:\/\/smania.store\/ro\/wp-json\/wp\/v2\/product"}],"about":[{"href":"https:\/\/smania.store\/ro\/wp-json\/wp\/v2\/types\/product"}],"wp:featuredmedia":[{"embeddable":true,"href":"https:\/\/smania.store\/ro\/wp-json\/wp\/v2\/media\/88774"}],"wp:attachment":[{"href":"https:\/\/smania.store\/ro\/wp-json\/wp\/v2\/media?parent=50773"}],"wp:term":[{"taxonomy":"product_cat","embeddable":true,"href":"https:\/\/smania.store\/ro\/wp-json\/wp\/v2\/product_cat?post=50773"},{"taxonomy":"product_tag","embeddable":true,"href":"https:\/\/smania.store\/ro\/wp-json\/wp\/v2\/product_tag?post=50773"}],"curies":[{"name":"wp","href":"https:\/\/api.w.org\/{rel}","templated":true}]}}