{"id":39286,"date":"2023-06-23T09:55:26","date_gmt":"2023-06-23T07:55:26","guid":{"rendered":"https:\/\/smania.store\/ro\/produs\/dispozitiv-de-coafat-pentru-fete-glamgirl\/"},"modified":"2024-06-14T14:48:26","modified_gmt":"2024-06-14T12:48:26","slug":"dispozitiv-de-coafat-pentru-fete-glamgirl","status":"publish","type":"product","link":"https:\/\/smania.store\/ro\/produs\/dispozitiv-de-coafat-pentru-fete-glamgirl\/","title":{"rendered":"Dispozitiv de coafat pentru fete GlamGirl"},"content":{"rendered":"<div class=\"smania_landing_description_title\">Nou!\u2728Dispozitiv de coafat pentru fete GlamGirl<\/div>\n<div class=\"smania_landing_description_txt\">Ofer\u0103 str\u0103lucire p\u0103rului prin\u021besei tale!<\/div>\n<div class=\"smania_landing_description_subtitle\">Dispozitivul de coafat GlamGirl este un instrument rapid \u0219i u\u0219or de utilizat pentru accesorizarea p\u0103rului cu pietre pre\u021bioase de toate culorile \u0219i formele. Pietrele sunt u\u0219or de aplicat \u0219i de \u00eendep\u0103rtat f\u0103r\u0103 a deteriora p\u0103rul, oferind un aspect grozav pentru orice petrecere pentru copii.<\/div>\n<div class=\"smania_landing_description_list\">\n<ul>\n<li>Instrument de coafat potrivit pentru copii<\/li>\n<li>Creeaz\u0103 look-uri elegante cu pietre str\u0103lucitoare<\/li>\n<li>Pietrele sunt u\u0219or de aplicat \u0219i de \u00eendep\u0103rtat<\/li>\n<li>Potrivit pentru toate tipurile de p\u0103r<\/li>\n<li>Ideal pentru petreceri \u00een pijamale, serbarea zilelor de na\u0219tere sau utilizarea zilnic\u0103<\/li>\n<\/ul><\/div>\n","protected":false},"excerpt":{"rendered":"<p>Instrument potrivit pentru toate tipurile de p\u0103r|Include 12 seturi de pietre de toate culorile \u0219i formele|Distrac\u021bie \u0219i creativitate|U\u0219or de utilizat|Nu deterioreaz\u0103 p\u0103rul|Un cadou grozav pentru fete|Dimensiune: 11,5 \u00d7 9 \u00d7 3,5 cm|Material: ABS<\/p>\n","protected":false},"featured_media":39277,"template":"","meta":[],"product_cat":[17,1810,2040,2298,19,1811,1966],"product_tag":[1571,1268],"acf":[],"_links":{"self":[{"href":"https:\/\/smania.store\/ro\/wp-json\/wp\/v2\/product\/39286"}],"collection":[{"href":"https:\/\/smania.store\/ro\/wp-json\/wp\/v2\/product"}],"about":[{"href":"https:\/\/smania.store\/ro\/wp-json\/wp\/v2\/types\/product"}],"wp:featuredmedia":[{"embeddable":true,"href":"https:\/\/smania.store\/ro\/wp-json\/wp\/v2\/media\/39277"}],"wp:attachment":[{"href":"https:\/\/smania.store\/ro\/wp-json\/wp\/v2\/media?parent=39286"}],"wp:term":[{"taxonomy":"product_cat","embeddable":true,"href":"https:\/\/smania.store\/ro\/wp-json\/wp\/v2\/product_cat?post=39286"},{"taxonomy":"product_tag","embeddable":true,"href":"https:\/\/smania.store\/ro\/wp-json\/wp\/v2\/product_tag?post=39286"}],"curies":[{"name":"wp","href":"https:\/\/api.w.org\/{rel}","templated":true}]}}