{"id":30402,"date":"2022-12-02T09:52:16","date_gmt":"2022-12-02T08:52:16","guid":{"rendered":"https:\/\/smania.store\/ro\/produs\/brad-dansator-jollytree\/"},"modified":"2025-11-27T23:29:47","modified_gmt":"2025-11-27T22:29:47","slug":"brad-dansator-jollytree","status":"publish","type":"product","link":"https:\/\/smania.store\/ro\/produs\/brad-dansator-jollytree\/","title":{"rendered":"Brad dansator JollyTree"},"content":{"rendered":"<div class=\"smania_landing_description_title\">Festiv! Brad dansator JollyTree<\/div>\n<div class=\"smania_landing_description_txt\">Adu spiritul de s\u0103rb\u0103toare \u00een casa ta!<\/div>\n<div class=\"smania_landing_description_subtitle\">Decoreaz\u0103-\u021bi casa cu incredibilul br\u0103du\u021b de Cr\u0103ciun dansator JollyTree \u0219i invit\u0103 spiritul Cr\u0103ciunului \u00een locuin\u021ba ta!<\/div>\n<div class=\"smania_landing_description_list\">\n<ul>\n<li>Danseaz\u0103 pe o melodie popular\u0103 de Cr\u0103ciun<\/li>\n<li>Mi\u0219c\u0103ri de dans impresionante pentru un cop\u0103cel at\u00e2t de mic<\/li>\n<li>O not\u0103 final\u0103 perfect\u0103 \u00een colec\u021bia ta de decora\u021biuni pentru Cr\u0103ciun<\/li>\n<li>Chip amuzant \u0219i bra\u021be dr\u0103gu\u021be care se mi\u0219c\u0103<\/li>\n<\/ul><\/div>\n","protected":false},"excerpt":{"rendered":"<p>C\u00e2nt\u0103 &#8222;Jingle Bells&#8221;|Mi\u0219c\u0103ri de dans impresionante|Un cadou excelent pentru copii \u0219i familii|Surs\u0103 de alimentare: 3 baterii AA (nu sunt incluse)|Materiale: plastic, flanel\u0103|M\u0103rimea S: 7 \u00d7 16 cm|M\u0103rimea M: 8 \u00d7 20 cm|M\u0103rimea L: 10 \u00d7 24 cm<\/p>\n","protected":false},"featured_media":30395,"template":"","meta":[],"product_cat":[23,2298],"product_tag":[1779],"acf":[],"_links":{"self":[{"href":"https:\/\/smania.store\/ro\/wp-json\/wp\/v2\/product\/30402"}],"collection":[{"href":"https:\/\/smania.store\/ro\/wp-json\/wp\/v2\/product"}],"about":[{"href":"https:\/\/smania.store\/ro\/wp-json\/wp\/v2\/types\/product"}],"wp:featuredmedia":[{"embeddable":true,"href":"https:\/\/smania.store\/ro\/wp-json\/wp\/v2\/media\/30395"}],"wp:attachment":[{"href":"https:\/\/smania.store\/ro\/wp-json\/wp\/v2\/media?parent=30402"}],"wp:term":[{"taxonomy":"product_cat","embeddable":true,"href":"https:\/\/smania.store\/ro\/wp-json\/wp\/v2\/product_cat?post=30402"},{"taxonomy":"product_tag","embeddable":true,"href":"https:\/\/smania.store\/ro\/wp-json\/wp\/v2\/product_tag?post=30402"}],"curies":[{"name":"wp","href":"https:\/\/api.w.org\/{rel}","templated":true}]}}