{"id":28444,"date":"2022-10-28T13:34:39","date_gmt":"2022-10-28T11:34:39","guid":{"rendered":"https:\/\/smania.store\/ro\/produs\/geanta-pentru-documente-docsafe\/"},"modified":"2026-04-18T09:21:02","modified_gmt":"2026-04-18T07:21:02","slug":"geanta-pentru-documente-docsafe","status":"publish","type":"product","link":"https:\/\/smania.store\/ro\/produs\/geanta-pentru-documente-docsafe\/","title":{"rendered":"Geant\u0103 pentru documente DocSafe"},"content":{"rendered":"<div class=\"smania_landing_description_title\">Nou! Geant\u0103 pentru documente DocSafe<\/div>\n<div class=\"smania_landing_description_txt\">Protejeaz\u0103-\u021bi toate documentele esen\u021biale!<\/div>\n<div class=\"smania_landing_description_subtitle\">Unele documente \u00een format fizic \u00eenc\u0103 joac\u0103 un rol important at\u00e2t \u00een via\u021ba profesional\u0103, c\u00e2t \u0219i \u00een cea personal\u0103. Geanta DocSafe \u00ee\u021bi va men\u021bine documentele organizate oferind \u00een acela\u0219i timp un plus de siguran\u021b\u0103.<\/div>\n<div class=\"smania_landing_description_list\">\n<ul>\n<li>Mai multe straturi nedeta\u0219abile<\/li>\n<li>Diverse compartimente pentru depozitarea tuturor documentelor tale<\/li>\n<li>Material de \u00eenalt\u0103 calitate, durabil \u0219i rezistent la ap\u0103<\/li>\n<li>Lac\u0103tul cu cod din 3 cifre ofer\u0103 un plus de siguran\u021b\u0103<\/li>\n<li>Ideal\u0103 pentru carduri, pa\u0219apoarte, foi \u00een format A4, fotografii \u0219i multe altele<\/li>\n<li>Aten\u021bie: s\u00e2rma de legare nu este inclus\u0103, iar straturile nu sunt deta\u0219abile!<\/li>\n<\/ul><\/div>\n","protected":false},"excerpt":{"rendered":"<p>Lac\u0103t cu cod din 3 cifre|Band\u0103 convenabil\u0103 pentru fixarea pe troler|M\u00e2nerul ergonomic asigur\u0103 o transportare u\u0219oar\u0103|Fermoar fiabil|4 straturi nedeta\u0219abile|Disponibil\u0103 \u00een diferite culori|Dimensiuni: 37 \u00d7 27 \u00d7 20 cm|Material: \u021bes\u0103tur\u0103 oxford<\/p>\n","protected":false},"featured_media":88197,"template":"","meta":[],"product_cat":[16],"product_tag":[1238],"acf":[],"_links":{"self":[{"href":"https:\/\/smania.store\/ro\/wp-json\/wp\/v2\/product\/28444"}],"collection":[{"href":"https:\/\/smania.store\/ro\/wp-json\/wp\/v2\/product"}],"about":[{"href":"https:\/\/smania.store\/ro\/wp-json\/wp\/v2\/types\/product"}],"wp:featuredmedia":[{"embeddable":true,"href":"https:\/\/smania.store\/ro\/wp-json\/wp\/v2\/media\/88197"}],"wp:attachment":[{"href":"https:\/\/smania.store\/ro\/wp-json\/wp\/v2\/media?parent=28444"}],"wp:term":[{"taxonomy":"product_cat","embeddable":true,"href":"https:\/\/smania.store\/ro\/wp-json\/wp\/v2\/product_cat?post=28444"},{"taxonomy":"product_tag","embeddable":true,"href":"https:\/\/smania.store\/ro\/wp-json\/wp\/v2\/product_tag?post=28444"}],"curies":[{"name":"wp","href":"https:\/\/api.w.org\/{rel}","templated":true}]}}