{"id":25448,"date":"2022-06-27T07:17:16","date_gmt":"2022-06-27T05:17:16","guid":{"rendered":"https:\/\/smania.store\/ro\/produs\/pitic-de-gradina-moonie\/"},"modified":"2026-03-22T10:56:55","modified_gmt":"2026-03-22T09:56:55","slug":"pitic-de-gradina-moonie","status":"publish","type":"product","link":"https:\/\/smania.store\/ro\/produs\/pitic-de-gradina-moonie\/","title":{"rendered":"Pitic de gr\u0103din\u0103 Moonie"},"content":{"rendered":"<div class=\"smania_landing_description_title\">Amuzant! Pitic de gr\u0103din\u0103 Moonie<\/div>\n<div class=\"smania_landing_description_txt\">F\u0103 cuno\u0219tin\u021b\u0103 cu cel mai nou membru al familiei tale de pitici!<\/div>\n<div class=\"smania_landing_description_subtitle\">Piticul de gr\u0103din\u0103 obraznic Moonie \u00ee\u021bi va \u00eent\u00e2mpina oaspe\u021bii \u00eentr-un mod pe care nu-l vor uita niciodat\u0103! Arat\u0103-le vecinilor t\u0103i cine are cel mai bun sim\u021b al umorului de pe strada ta.<\/div>\n<div class=\"smania_landing_description_list\">\n<ul>\n<li>Un decor excentric care \u00ee\u021bi va face oaspe\u021bii s\u0103 r\u00e2d\u0103<\/li>\n<li>Fabricat din r\u0103\u0219in\u0103 durabil\u0103<\/li>\n<li>Pictat manual \u0219i finisat cu un strat rezistent la UV<\/li>\n<li>Linii frumoase \u0219i culori vii<\/li>\n<li>Un cadou fantastic de cas\u0103 nou\u0103<\/li>\n<\/ul><\/div>\n","protected":false},"excerpt":{"rendered":"<p>Excelent ca decor interior sau exterior|Linii frumoase \u0219i culori vii|O completare grozav\u0103 la colec\u021bia ta de pitici|Pentru persoanele cu cel mai tr\u0103snit sim\u021b al umorului|Pictat manual|Material: r\u0103\u0219in\u0103|Dimensiuni: 13,8 \u00d7 15 cm|Greutate: 196 g<\/p>\n","protected":false},"featured_media":25442,"template":"","meta":[],"product_cat":[16,1916],"product_tag":[1241],"acf":[],"_links":{"self":[{"href":"https:\/\/smania.store\/ro\/wp-json\/wp\/v2\/product\/25448"}],"collection":[{"href":"https:\/\/smania.store\/ro\/wp-json\/wp\/v2\/product"}],"about":[{"href":"https:\/\/smania.store\/ro\/wp-json\/wp\/v2\/types\/product"}],"wp:featuredmedia":[{"embeddable":true,"href":"https:\/\/smania.store\/ro\/wp-json\/wp\/v2\/media\/25442"}],"wp:attachment":[{"href":"https:\/\/smania.store\/ro\/wp-json\/wp\/v2\/media?parent=25448"}],"wp:term":[{"taxonomy":"product_cat","embeddable":true,"href":"https:\/\/smania.store\/ro\/wp-json\/wp\/v2\/product_cat?post=25448"},{"taxonomy":"product_tag","embeddable":true,"href":"https:\/\/smania.store\/ro\/wp-json\/wp\/v2\/product_tag?post=25448"}],"curies":[{"name":"wp","href":"https:\/\/api.w.org\/{rel}","templated":true}]}}