{"id":25021,"date":"2022-06-10T11:19:13","date_gmt":"2022-06-10T09:19:13","guid":{"rendered":"https:\/\/smania.store\/ro\/produs\/covoras-de-picnic-portabil-relaxnow\/"},"modified":"2026-04-06T22:26:08","modified_gmt":"2026-04-06T20:26:08","slug":"covoras-de-picnic-portabil-relaxnow","status":"publish","type":"product","link":"https:\/\/smania.store\/ro\/produs\/covoras-de-picnic-portabil-relaxnow\/","title":{"rendered":"Covora\u0219 de plaj\u0103 portabil RelaxNow"},"content":{"rendered":"<div class=\"smania_landing_description_title\">Nou! Covora\u0219 de plaj\u0103 portabil RelaxNow<\/div>\n<div class=\"smania_landing_description_txt\">Confort total \u00een timp ce stai la plaj\u0103!<\/div>\n<div class=\"smania_landing_description_subtitle\">Bucur\u0103-te de toate pl\u0103cerile plajei, f\u0103r\u0103 a-\u021bi face griji cu privire la nisip sau ap\u0103. Alege dintre modelele noastre impermeabile \u0219i rezistente la nisip \u0219i d\u0103 startul la propria petrecere de var\u0103 plin\u0103 de aventuri!<\/div>\n<div class=\"smania_landing_description_list\">\n<ul>\n<li>Design portabil \u0219i compact pentru o depozitare mai u\u0219oar\u0103 <\/li>\n<li>Fabricat din TPU \u0219i poliester ultra-durabil pentru o utilizare zilnic\u0103<\/li>\n<li>Include 4 cuie pentru fixarea covora\u0219ului \u0219i men\u021binerea lui \u00een loc <\/li>\n<li>Perfect pentru camping \u0219i aventuri pe plaj\u0103, sau ca saltea de joac\u0103 <\/li>\n<li>Scap\u0103 de orice nisip anevoios dintr-o singur\u0103 mi\u0219care<\/li>\n<\/ul><\/div>\n","protected":false},"excerpt":{"rendered":"<p>Suficient de mare pentru \u00eentreaga familie|Scap\u0103 de nisipul r\u0103t\u0103cit \u00een cel mai scurt timp|\u00cenveli\u0219 hidrofug|U\u0219or \u0219i durabil|Perfect pentru utilizarea \u00een interior \u0219i exterior|\u021aes\u0103tur\u0103 anti-zg\u00e2rieturi|Pliabil \u0219i u\u0219or de transportat|4 cuie incluse|Facil de cur\u0103\u021bat|Material: Poliester \u0219i TPU<\/p>\n","protected":false},"featured_media":41709,"template":"","meta":[],"product_cat":[2040,1919,21,1966],"product_tag":[1703],"acf":[],"_links":{"self":[{"href":"https:\/\/smania.store\/ro\/wp-json\/wp\/v2\/product\/25021"}],"collection":[{"href":"https:\/\/smania.store\/ro\/wp-json\/wp\/v2\/product"}],"about":[{"href":"https:\/\/smania.store\/ro\/wp-json\/wp\/v2\/types\/product"}],"wp:featuredmedia":[{"embeddable":true,"href":"https:\/\/smania.store\/ro\/wp-json\/wp\/v2\/media\/41709"}],"wp:attachment":[{"href":"https:\/\/smania.store\/ro\/wp-json\/wp\/v2\/media?parent=25021"}],"wp:term":[{"taxonomy":"product_cat","embeddable":true,"href":"https:\/\/smania.store\/ro\/wp-json\/wp\/v2\/product_cat?post=25021"},{"taxonomy":"product_tag","embeddable":true,"href":"https:\/\/smania.store\/ro\/wp-json\/wp\/v2\/product_tag?post=25021"}],"curies":[{"name":"wp","href":"https:\/\/api.w.org\/{rel}","templated":true}]}}