{"id":21076,"date":"2021-12-03T12:45:36","date_gmt":"2021-12-03T11:45:36","guid":{"rendered":"https:\/\/smania.store\/ro\/produs\/decoratiune-de-craciun-mr-kringle\/"},"modified":"2025-12-27T17:57:08","modified_gmt":"2025-12-27T16:57:08","slug":"decoratiune-de-craciun-mr-kringle","status":"publish","type":"product","link":"https:\/\/smania.store\/ro\/produs\/decoratiune-de-craciun-mr-kringle\/","title":{"rendered":"Decora\u021biune de Cr\u0103ciun Mr. Kringle"},"content":{"rendered":"<div class=\"smania_landing_description_title\">Nou! \ud83c\udf84 Decora\u021biune de Cr\u0103ciun Mr. Kringle<\/div>\n<div class=\"smania_landing_description_txt\">Amuzantul Mr. Kringle creeaz\u0103 o atmosfer\u0103 perfect\u0103 de Cr\u0103ciun!<\/div>\n<div class=\"smania_landing_description_subtitle\">Nu-\u021bi face griji dac\u0103 bradul t\u0103u nu este \u00eenc\u0103 \u00eempodobit \u0219i casa ta nu miroase a pr\u0103jituri. Anul acesta, Mo\u0219ul c\u0103\u021b\u0103r\u0103tor va avea grij\u0103 de spiritul Cr\u0103ciunului! Acesta se va urca pe scar\u0103 sau pe sfoar\u0103, va c\u00e2nta colinde de Cr\u0103ciun \u0219i va aduce o bun\u0103 dispozi\u021bie tuturor.<\/div>\n<div class=\"smania_landing_description_list\">\n<ul>\n<li>Disponibil\u0103 \u00een trei modele de Mo\u0219i Cr\u0103ciun c\u0103\u021b\u0103r\u0103tori<\/li>\n<li>Po\u021bi alege \u00eentre Mr. Kringle care urc\u0103 pe scar\u0103 sau care se ca\u021b\u0103r\u0103 pe sfoar\u0103<\/li>\n<li>B\u0103tr\u00e2nelul care face scamatorii te va amuza cu siguran\u021b\u0103<\/li>\n<li>To\u021bi cei 3 mo\u0219i c\u00e2nt\u0103 colinde de Cr\u0103ciun<\/li>\n<li>O decora\u021biune de s\u0103rb\u0103toare minunat\u0103 pentru fiecare cas\u0103<\/li>\n<\/ul><\/div>\n","protected":false},"excerpt":{"rendered":"<p>Decora\u021biune festiv\u0103 care poate fi at\u00e2rnat\u0103 oriunde|Scamatoriile lui Mo\u0219 Cr\u0103ciun vor amuza orice copil |Aduce buna dispozi\u021bie \u00een serile lungi de iarn\u0103|Un cadou de Cr\u0103ciun distractiv|Alimentat\u0103 cu 2 baterii AA (nu sunt incluse)|Lungimea sc\u0103rii \u00eenclinate: 70 cm; Mo\u0219 Cr\u0103ciun: 20 cm|Dimensiunile sc\u0103rii de sine st\u0103t\u0103toare: 42 \u00d7 22 cm; Mo\u0219 Cr\u0103ciun: 24 cm|Dimensiunile Mo\u0219ului care se ca\u021b\u0103r\u0103 pe sfoar\u0103: 12,5 \u00d7 13 \u00d7 21 cm<\/p>\n","protected":false},"featured_media":21070,"template":"","meta":[],"product_cat":[23,2040,2298,1811],"product_tag":[1779],"acf":[],"_links":{"self":[{"href":"https:\/\/smania.store\/ro\/wp-json\/wp\/v2\/product\/21076"}],"collection":[{"href":"https:\/\/smania.store\/ro\/wp-json\/wp\/v2\/product"}],"about":[{"href":"https:\/\/smania.store\/ro\/wp-json\/wp\/v2\/types\/product"}],"wp:featuredmedia":[{"embeddable":true,"href":"https:\/\/smania.store\/ro\/wp-json\/wp\/v2\/media\/21070"}],"wp:attachment":[{"href":"https:\/\/smania.store\/ro\/wp-json\/wp\/v2\/media?parent=21076"}],"wp:term":[{"taxonomy":"product_cat","embeddable":true,"href":"https:\/\/smania.store\/ro\/wp-json\/wp\/v2\/product_cat?post=21076"},{"taxonomy":"product_tag","embeddable":true,"href":"https:\/\/smania.store\/ro\/wp-json\/wp\/v2\/product_tag?post=21076"}],"curies":[{"name":"wp","href":"https:\/\/api.w.org\/{rel}","templated":true}]}}