{"id":19970,"date":"2021-11-05T11:56:59","date_gmt":"2021-11-05T10:56:59","guid":{"rendered":"https:\/\/smania.store\/ro\/produs\/patura-cu-maneci-snughug\/"},"modified":"2025-10-29T17:33:23","modified_gmt":"2025-10-29T16:33:23","slug":"patura-cu-maneci-snughug","status":"publish","type":"product","link":"https:\/\/smania.store\/ro\/produs\/patura-cu-maneci-snughug\/","title":{"rendered":"P\u0103tur\u0103 cu m\u00e2neci SnugHug"},"content":{"rendered":"<div class=\"smania_landing_description_title\">Noutate \u00een magazinele online! P\u0103tur\u0103 moale cu m\u00e2neci SnugHug<\/div>\n<div class=\"smania_landing_description_txt\">Bucur\u0103-te de \u00eembr\u0103\u021bi\u0219area cald\u0103 a p\u0103turii cu m\u00e2neci SnugHug!<\/div>\n<div class=\"smania_landing_description_subtitle\">\u00cenvele\u0219te-te cu p\u0103tur\u0103 SnugHug \u0219i g\u0103se\u0219te micile pl\u0103ceri ale vie\u021bii chiar \u0219i \u00een cele mai reci zile. Calitatea excep\u021bional\u0103 \u00een combina\u021bie cu designul atr\u0103g\u0103tor vor avea grij\u0103 de confortul t\u0103u, at\u00e2t acas\u0103 c\u00e2t \u0219i \u00een timpul nop\u021bilor reci petrecute sub cerul \u00eenstelat.<\/div>\n<div class=\"smania_landing_description_list\">\n<ul>\n<li>Fabricat\u0103 din fleece c\u0103lduros de calitate superioar\u0103 <\/li>\n<li>Moale \u0219i confortabil\u0103 <\/li>\n<li>Glug\u0103 moale \u0219i m\u00e2neci lungi <\/li>\n<li>Disponibili pe diferite culori<\/li>\n<li>Potrivit\u0103 pentru utilizare at\u00e2t \u00een interior c\u00e2t \u0219i \u00een exterior<\/li>\n<\/ul><\/div>\n","protected":false},"excerpt":{"rendered":"<p>Design atr\u0103g\u0103tor|Incredibil de c\u0103lduroas\u0103|Fabricat\u0103 din materiale de calitate superioar\u0103 |Unele varia\u021bii lumineaz\u0103 \u00een \u00eentuneric|Material: 100% fibre de poliester|Foarte confortabil\u0103 |M\u0103rime universal\u0103 |Un cadou de iarn\u0103 perfect <\/p>\n","protected":false},"featured_media":92173,"template":"","meta":[],"product_cat":[2164,21],"product_tag":[1410],"acf":[],"_links":{"self":[{"href":"https:\/\/smania.store\/ro\/wp-json\/wp\/v2\/product\/19970"}],"collection":[{"href":"https:\/\/smania.store\/ro\/wp-json\/wp\/v2\/product"}],"about":[{"href":"https:\/\/smania.store\/ro\/wp-json\/wp\/v2\/types\/product"}],"wp:featuredmedia":[{"embeddable":true,"href":"https:\/\/smania.store\/ro\/wp-json\/wp\/v2\/media\/92173"}],"wp:attachment":[{"href":"https:\/\/smania.store\/ro\/wp-json\/wp\/v2\/media?parent=19970"}],"wp:term":[{"taxonomy":"product_cat","embeddable":true,"href":"https:\/\/smania.store\/ro\/wp-json\/wp\/v2\/product_cat?post=19970"},{"taxonomy":"product_tag","embeddable":true,"href":"https:\/\/smania.store\/ro\/wp-json\/wp\/v2\/product_tag?post=19970"}],"curies":[{"name":"wp","href":"https:\/\/api.w.org\/{rel}","templated":true}]}}