{"id":19619,"date":"2021-10-22T08:06:28","date_gmt":"2021-10-22T06:06:28","guid":{"rendered":"https:\/\/smania.store\/ro\/produs\/set-pentru-mutat-mobila-easymove\/"},"modified":"2024-10-22T10:35:51","modified_gmt":"2024-10-22T08:35:51","slug":"set-pentru-mutat-mobila-easymove","status":"publish","type":"product","link":"https:\/\/smania.store\/ro\/produs\/set-pentru-mutat-mobila-easymove\/","title":{"rendered":"Set pentru mutat mobil\u0103 EasyMove"},"content":{"rendered":"<div class=\"smania_landing_description_title\">Nou! Set pentru mutat mobil\u0103 EasyMove<\/div>\n<div class=\"smania_landing_description_txt\">Mutarea mobilierului este acum o floare la ureche!<\/div>\n<div class=\"smania_landing_description_subtitle\">Mutarea mobilei, rearanjarea acesteia, zugr\u0103virea pere\u021bilor \u0219i alte sarcini similare necesit\u0103 mult\u0103 for\u021b\u0103 atunci c\u00e2nd este vorba de ridicarea unor obiecte grele. Setul pentru mutarea mobilei EasyMove face ca acest proces s\u0103 decurg\u0103 mai u\u0219or \u0219i mai rapid ca niciodat\u0103. De asemenea, acest dispozitiv practic \u00ee\u021bi va men\u021bine s\u0103n\u0103toas\u0103 coloana vertebral\u0103.<\/div>\n<div class=\"smania_landing_description_list\">\n<ul>\n<li>Un accesoriu indispensabil pentru fiecare me\u0219ter<\/li>\n<li>Faciliteaz\u0103 mutarea obiectelor grele \u0219i a mobilierului<\/li>\n<li>Alunecare lin\u0103 pe parchet, laminat \u0219i chiar pe covor<\/li>\n<li>Capacitate mare de \u00eenc\u0103rcare \u2013 p\u00e2n\u0103 la 150 de kg per suport<\/li>\n<li>Levierul inclus permite plasarea mai u\u0219oar\u0103 a suporturilor<\/li>\n<\/ul><\/div>\n","protected":false},"excerpt":{"rendered":"<p>Permite mutarea u\u0219oar\u0103 a mobilei grele|Potrivit pentru parchet, laminat \u0219i covor|Compact \u0219i u\u0219or de depozitat|Fiecare suport poate men\u021bine o greutate de p\u00e2n\u0103 la 150 de kg|Set: un levier \u0219i 4 suporturi cu rotile|Material: fier, plastic|Dimensiuni suport: 10,5 \u00d7 8 cm|100% garan\u021bie de satisfac\u021bie<\/p>\n","protected":false},"featured_media":51454,"template":"","meta":[],"product_cat":[16,2013,2040,2142],"product_tag":[1238,1235,1237],"acf":[],"_links":{"self":[{"href":"https:\/\/smania.store\/ro\/wp-json\/wp\/v2\/product\/19619"}],"collection":[{"href":"https:\/\/smania.store\/ro\/wp-json\/wp\/v2\/product"}],"about":[{"href":"https:\/\/smania.store\/ro\/wp-json\/wp\/v2\/types\/product"}],"wp:featuredmedia":[{"embeddable":true,"href":"https:\/\/smania.store\/ro\/wp-json\/wp\/v2\/media\/51454"}],"wp:attachment":[{"href":"https:\/\/smania.store\/ro\/wp-json\/wp\/v2\/media?parent=19619"}],"wp:term":[{"taxonomy":"product_cat","embeddable":true,"href":"https:\/\/smania.store\/ro\/wp-json\/wp\/v2\/product_cat?post=19619"},{"taxonomy":"product_tag","embeddable":true,"href":"https:\/\/smania.store\/ro\/wp-json\/wp\/v2\/product_tag?post=19619"}],"curies":[{"name":"wp","href":"https:\/\/api.w.org\/{rel}","templated":true}]}}