{"id":18565,"date":"2021-10-01T06:16:19","date_gmt":"2021-10-01T04:16:19","guid":{"rendered":"https:\/\/smania.store\/ro\/izdelek\/fusta-transparenta-pentru-plaja-queensy\/"},"modified":"2025-09-19T08:48:19","modified_gmt":"2025-09-19T06:48:19","slug":"fusta-transparenta-pentru-plaja-queensy","status":"publish","type":"product","link":"https:\/\/smania.store\/ro\/produs\/fusta-transparenta-pentru-plaja-queensy\/","title":{"rendered":"Fust\u0103 transparent\u0103 pentru plaj\u0103 Queensy"},"content":{"rendered":"<div class=\"smania_landing_description_title\">NOU! Fust\u0103 transparent\u0103 pentru plaj\u0103 Queensy<\/div>\n<div class=\"smania_landing_description_txt\">Relaxare \u0219i stil!<\/div>\n<div class=\"smania_landing_description_subtitle\">Poart\u0103 fusta Queensy la plaj\u0103 sau la piscin\u0103 \u00een zilele toride de var\u0103 \u0219i simte-te relaxat\u0103, liber\u0103 \u0219i frumoas\u0103! O pies\u0103 vestimentar\u0103 care nu trebuie s\u0103 lipseasc\u0103 din garderoba ta.<\/div>\n<div class=\"smania_landing_description_list\">\n<ul>\n<li>Fust\u0103 vaporoas\u0103 din plas\u0103, perfect\u0103 pentru a fii purtat\u0103 peste costumul de baie <\/li>\n<li>Potrivit\u0103 pentru plaj\u0103, piscin\u0103 \u0219i plimb\u0103ri pe falez\u0103<\/li>\n<li>Ofer\u0103 un plus de stil dar \u0219i protec\u021bie \u00eempotriva ochilor curio\u0219i<\/li>\n<li>M\u0103rime universal\u0103 care se potrive\u0219te majorit\u0103\u021bii tipurilor de corp<\/li>\n<li>Design \u00een valuri cu legare \u00een talie, pentru confort \u0219i libertate deplin\u0103<\/li>\n<\/ul><\/div>\n","protected":false},"excerpt":{"rendered":"<p>O pies\u0103 vestimentar\u0103 obligatorie pentru var\u0103|Model atr\u0103g\u0103tor care las\u0103 un picior la vedere|Material moale \u0219i pl\u0103cut la atingere|Acoper\u0103 cu stil dresul de baie|Un cadou perfect pentru orice femeie|Material: poliester|M\u0103rime talie: 64\u201380 cm|Lungime: 102 cm<\/p>\n","protected":false},"featured_media":18561,"template":"","meta":[],"product_cat":[1808,2164,2040,21,1966],"product_tag":[1263,1410,2168],"acf":[],"_links":{"self":[{"href":"https:\/\/smania.store\/ro\/wp-json\/wp\/v2\/product\/18565"}],"collection":[{"href":"https:\/\/smania.store\/ro\/wp-json\/wp\/v2\/product"}],"about":[{"href":"https:\/\/smania.store\/ro\/wp-json\/wp\/v2\/types\/product"}],"wp:featuredmedia":[{"embeddable":true,"href":"https:\/\/smania.store\/ro\/wp-json\/wp\/v2\/media\/18561"}],"wp:attachment":[{"href":"https:\/\/smania.store\/ro\/wp-json\/wp\/v2\/media?parent=18565"}],"wp:term":[{"taxonomy":"product_cat","embeddable":true,"href":"https:\/\/smania.store\/ro\/wp-json\/wp\/v2\/product_cat?post=18565"},{"taxonomy":"product_tag","embeddable":true,"href":"https:\/\/smania.store\/ro\/wp-json\/wp\/v2\/product_tag?post=18565"}],"curies":[{"name":"wp","href":"https:\/\/api.w.org\/{rel}","templated":true}]}}