{"id":17450,"date":"2021-09-30T11:32:47","date_gmt":"2021-09-30T09:32:47","guid":{"rendered":"https:\/\/smania.store\/ro\/izdelek\/cordeluta-cu-impletitura-si-breton-belezza\/"},"modified":"2024-11-30T20:03:17","modified_gmt":"2024-11-30T19:03:17","slug":"cordeluta-cu-impletitura-si-breton-belezza","status":"publish","type":"product","link":"https:\/\/smania.store\/ro\/produs\/cordeluta-cu-impletitura-si-breton-belezza\/","title":{"rendered":"Cordelu\u021b\u0103 cu \u00eempletitur\u0103 \u0219i breton Belezza"},"content":{"rendered":"<div class=\"smania_landing_description_title\">Nou \u00een magazinul nostru! Cordelu\u021b\u0103 cu \u00eempletitur\u0103 \u0219i breton Belezza<\/div>\n<div class=\"smania_landing_description_txt\">Schimb\u0103-\u021bi coafura f\u0103r\u0103 a face vizite la salon!<\/div>\n<div class=\"smania_landing_description_subtitle\">Aceste cordelu\u021be sunt o modalitate perfect\u0103 de a ad\u0103uga breton aspectului t\u0103u f\u0103r\u0103 a-\u021bi t\u0103ia permanent p\u0103rul. Realizate din materiale de \u00eenalt\u0103 calitate, aceste cordelu\u021be practice creeaz\u0103 o coafur\u0103 cu aspect natural \u00een doar o secund\u0103!<\/div>\n<div class=\"smania_landing_description_list\">\n<ul>\n<li>\u00cencearc\u0103 bretonul sau pur \u0219i simplu schimb\u0103-\u021bi stilul de zi cu zi<\/li>\n<li>Din\u021bi antiderapan\u021bi pentru o fixare mai sigur\u0103<\/li>\n<li>Accesoriu u\u0219or care nu deterioreaz\u0103 p\u0103rul<\/li>\n<li>Fibre sintetice rezistente la c\u0103ldur\u0103 \u2013 p\u00e2n\u0103 la 210\u00b0C<\/li>\n<li>Aspect identic p\u0103rului natural<\/li>\n<\/ul><\/div>\n","protected":false},"excerpt":{"rendered":"<p>Transform\u0103-\u021bi p\u0103rul \u00een c\u00e2teva secunde|Din\u021bi antiderapan\u021bi pentru o fixare mai sigur\u0103|P\u0103r cu aspect natural|Taie bretonul la orice lungime pentru a se potrivi fe\u021bei \u0219i coafurii tale|Poate fi coafat cu dispozitive termice p\u00e2n\u0103 la 210\u00b0C|Textur\u0103: dreapt\u0103 \u0219i m\u0103t\u0103soas\u0103|Disponibil\u0103 \u00een 4 culori|Lungimea bretonului: 14 cm <\/p>\n","protected":false},"featured_media":34861,"template":"","meta":[],"product_cat":[2040,19],"product_tag":[1263,1283],"acf":[],"_links":{"self":[{"href":"https:\/\/smania.store\/ro\/wp-json\/wp\/v2\/product\/17450"}],"collection":[{"href":"https:\/\/smania.store\/ro\/wp-json\/wp\/v2\/product"}],"about":[{"href":"https:\/\/smania.store\/ro\/wp-json\/wp\/v2\/types\/product"}],"wp:featuredmedia":[{"embeddable":true,"href":"https:\/\/smania.store\/ro\/wp-json\/wp\/v2\/media\/34861"}],"wp:attachment":[{"href":"https:\/\/smania.store\/ro\/wp-json\/wp\/v2\/media?parent=17450"}],"wp:term":[{"taxonomy":"product_cat","embeddable":true,"href":"https:\/\/smania.store\/ro\/wp-json\/wp\/v2\/product_cat?post=17450"},{"taxonomy":"product_tag","embeddable":true,"href":"https:\/\/smania.store\/ro\/wp-json\/wp\/v2\/product_tag?post=17450"}],"curies":[{"name":"wp","href":"https:\/\/api.w.org\/{rel}","templated":true}]}}