{"id":17122,"date":"2021-09-30T11:03:55","date_gmt":"2021-09-30T09:03:55","guid":{"rendered":"https:\/\/smania.store\/ro\/izdelek\/set-de-stampile-alfabet-pentru-decorarea-torturilor\/"},"modified":"2022-11-02T21:49:14","modified_gmt":"2022-11-02T20:49:14","slug":"set-de-stampile-alfabet-pentru-decorarea-torturilor","status":"publish","type":"product","link":"https:\/\/smania.store\/ro\/produs\/set-de-stampile-alfabet-pentru-decorarea-torturilor\/","title":{"rendered":"Set de \u0219tampile alfabet pentru decorarea torturilor"},"content":{"rendered":"<div class=\"smania_landing_description_title\">Nou! Set de \u0219tampile alfabet pentru decorarea torturilor<\/div>\n<div class=\"smania_landing_description_txt\">Personalizeaz\u0103 orice tort sau pr\u0103jitur\u0103!<\/div>\n<div class=\"smania_landing_description_subtitle\">De acum \u00eenainte pr\u0103jiturile, torturile, tartele \u0219i alte produse de patiserie nu vor mai ar\u0103ta plictisitor! Scrie un nume sau un mesaj frumos pe tort \u0219i f\u0103 din acesta un cadou de neuitat. Cu acest set de litere incredibil de util, chiar \u0219i \u00eencep\u0103torii vor putea prepara un desert perfect.<\/div>\n<div class=\"smania_landing_description_list\">\n<ul>\n<li>Personalizeaz\u0103 pr\u0103jituri, torturi, fursecuri, tarte \u0219i multe altele \u0219i transform\u0103 zilele de na\u0219tere \u0219i s\u0103rb\u0103torile \u00een evenimente de neuitat<\/li>\n<li>Simplu de utilizat: pune literele pe tort, \u0219tampileaz\u0103 \u0219i coloreaz\u0103 cuvintele cu coloran\u021bi alimentari<\/li>\n<li>Aliniere \u0219i scriere u\u0219oar\u0103 \u2013 perfect chiar \u0219i pentru \u00eencep\u0103tori<\/li>\n<li>Reutilizabil \u0219i u\u0219or de cur\u0103\u021bat<\/li>\n<li>Fabricat din materiale non-toxice \u0219i de \u00eenalt\u0103 calitate<\/li>\n<\/ul>\n<\/div>\n","protected":false},"excerpt":{"rendered":"<p>Decoreaz\u0103 orice produs de patiserie|Folose\u0219te orice colorant alimentar sau crem\u0103|U\u0219or de utilizat \u0219i de aliniat literele|Spal\u0103-le cu ap\u0103 &amp; detergent \u0219i refolose\u0219te-le|Literele A-Z \u00een scris caligrafic|Accesoriu compact \u0219i practic|Material: PVC non-toxic, de \u00eenalt\u0103 calitate|Dimensiuni: 14 \u00d7 18 \u00d7 0,5 cm<\/p>\n","protected":false},"featured_media":17118,"template":"","meta":[],"product_cat":[223,1853],"product_tag":[1282],"acf":[],"_links":{"self":[{"href":"https:\/\/smania.store\/ro\/wp-json\/wp\/v2\/product\/17122"}],"collection":[{"href":"https:\/\/smania.store\/ro\/wp-json\/wp\/v2\/product"}],"about":[{"href":"https:\/\/smania.store\/ro\/wp-json\/wp\/v2\/types\/product"}],"wp:featuredmedia":[{"embeddable":true,"href":"https:\/\/smania.store\/ro\/wp-json\/wp\/v2\/media\/17118"}],"wp:attachment":[{"href":"https:\/\/smania.store\/ro\/wp-json\/wp\/v2\/media?parent=17122"}],"wp:term":[{"taxonomy":"product_cat","embeddable":true,"href":"https:\/\/smania.store\/ro\/wp-json\/wp\/v2\/product_cat?post=17122"},{"taxonomy":"product_tag","embeddable":true,"href":"https:\/\/smania.store\/ro\/wp-json\/wp\/v2\/product_tag?post=17122"}],"curies":[{"name":"wp","href":"https:\/\/api.w.org\/{rel}","templated":true}]}}