{"id":15100,"date":"2021-09-29T11:30:35","date_gmt":"2021-09-29T09:30:35","guid":{"rendered":"https:\/\/smania.store\/ro\/izdelek\/joc-de-societate-pinguice\/"},"modified":"2026-02-12T12:26:33","modified_gmt":"2026-02-12T11:26:33","slug":"joc-de-societate-pinguice","status":"publish","type":"product","link":"https:\/\/smania.store\/ro\/produs\/joc-de-societate-pinguice\/","title":{"rendered":"Joc de societate PinguIce"},"content":{"rendered":"<div class=\"smania_landing_description_title\">Super! Joc de societate PinguIce<\/div>\n<div class=\"smania_landing_description_txt\">Cel mai r\u0103coros joc de societate, potrivit pentru \u00eentreaga familie!<\/div>\n<div class=\"smania_landing_description_subtitle\">Sparge monotonia! Distreaz\u0103-te \u00eempreun\u0103 cu familia \u0219i salveaz\u0103 pinguinul dr\u0103g\u0103la\u0219. Dar aten\u021bie, dac\u0103 pinguinul cade \u00een apa rece \u00een timp ce tu sco\u021bi cubul de ghea\u021b\u0103, pierzi!<\/div>\n<div class=\"smania_landing_description_list\">\n<ul>\n<li>Ofer\u0103 ore \u00een \u0219ir de distrac\u021bie at\u00e2t pentru copii c\u00e2t \u0219i pentru adul\u021bi<\/li>\n<li>Jocul ofer\u0103 un mediu ideal pentru socializare \u0219i consolidarea rela\u021biilor \u00eentre juc\u0103tori<\/li>\n<li>\u00cencurajeaz\u0103 dezvoltarea g\u00e2ndirii critice a copiilor<\/li>\n<li>Scoaterea cuburilor de ghea\u021b\u0103 \u00eembun\u0103t\u0103\u021be\u0219te dexteritatea manual\u0103<\/li>\n<li>Fabricat din materiale de calitate superioar\u0103 \u0219i u\u0219or de transportat<\/li>\n<\/ul>\n<\/div>\n","protected":false},"excerpt":{"rendered":"<p>Ofer\u0103 ore \u00een \u0219ir de distrac\u021bie |Ajut\u0103 la dezvoltarea g\u00e2ndirii critice|\u00cencurajeaz\u0103 dexteritatea manual\u0103|Ofer\u0103 un mediu ideal pentru socializare \u0219i consolidarea rela\u021biilor \u00eentre juc\u0103tori|U\u0219or de cur\u0103\u021bat \u0219i u\u0219or de depozitat|Compact \u0219i portabil|Dimensiuni: 22.5 x 19.5 x 7.5 cm|Material: plastic ABS<\/p>\n","protected":false},"featured_media":15093,"template":"","meta":[],"product_cat":[17,1810,2298],"product_tag":[1233,1268,1235],"acf":[],"_links":{"self":[{"href":"https:\/\/smania.store\/ro\/wp-json\/wp\/v2\/product\/15100"}],"collection":[{"href":"https:\/\/smania.store\/ro\/wp-json\/wp\/v2\/product"}],"about":[{"href":"https:\/\/smania.store\/ro\/wp-json\/wp\/v2\/types\/product"}],"wp:featuredmedia":[{"embeddable":true,"href":"https:\/\/smania.store\/ro\/wp-json\/wp\/v2\/media\/15093"}],"wp:attachment":[{"href":"https:\/\/smania.store\/ro\/wp-json\/wp\/v2\/media?parent=15100"}],"wp:term":[{"taxonomy":"product_cat","embeddable":true,"href":"https:\/\/smania.store\/ro\/wp-json\/wp\/v2\/product_cat?post=15100"},{"taxonomy":"product_tag","embeddable":true,"href":"https:\/\/smania.store\/ro\/wp-json\/wp\/v2\/product_tag?post=15100"}],"curies":[{"name":"wp","href":"https:\/\/api.w.org\/{rel}","templated":true}]}}