{"id":23502,"date":"2022-11-23T06:32:22","date_gmt":"2022-11-23T05:32:22","guid":{"rendered":"https:\/\/smania.store\/pt\/produto\/pulseira-de-tornozelo-crystal\/"},"modified":"2022-11-23T06:32:26","modified_gmt":"2022-11-23T05:32:26","slug":"pulseira-de-tornozelo-crystal","status":"publish","type":"product","link":"https:\/\/smania.store\/pt\/produto\/pulseira-de-tornozelo-crystal\/","title":{"rendered":"Pulseira de Tornozelo Crystal"},"content":{"rendered":"<div class=\"smania_landing_description_title\">NOVIDADE! Pulseira de Tornozelo Crystal<\/div>\n<div class=\"smania_landing_description_txt\">Prepare-se para a temporada de sand\u00e1lias!<\/div>\n<div class=\"smania_landing_description_subtitle\">\u00c0 medida que os dias ficam mais quentes, estamos todos ansiosos para largar as botas pesadas e colocar um cal\u00e7ado leve. Esta \u00e9 a oportunidade perfeita para enfeitar os seus tornozelos com uma nova e delicada Pulseira de Tornozelo da nossa cole\u00e7\u00e3o Crystal.<\/div>\n<div class=\"smania_landing_description_list\">\n<ul>\n<li>Adiciona um toque final elegante \u00e0 sua roupa<\/li>\n<li>Torna os seus tornozelos mais finos<\/li>\n<li>Vai bem com roupas formais ou casuais<\/li>\n<li>Tamanho ajust\u00e1vel para um encaixe perfeito<\/li>\n<li>Feita de materiais dur\u00e1veis e amigos da pele<\/li>\n<\/ul><\/div>\n","protected":false},"excerpt":{"rendered":"<p>Acaba qualquer roupa perfeitamente |Adequada para uso formal e casual|Um lindo presente para um ente querido|As cores n\u00e3o desbotam nem mudam|Material: lat\u00e3o|Comprimento: 20 + 8 cm<\/p>\n","protected":false},"featured_media":23492,"template":"","meta":[],"product_cat":[1604],"product_tag":[1649],"acf":[],"_links":{"self":[{"href":"https:\/\/smania.store\/pt\/wp-json\/wp\/v2\/product\/23502"}],"collection":[{"href":"https:\/\/smania.store\/pt\/wp-json\/wp\/v2\/product"}],"about":[{"href":"https:\/\/smania.store\/pt\/wp-json\/wp\/v2\/types\/product"}],"wp:featuredmedia":[{"embeddable":true,"href":"https:\/\/smania.store\/pt\/wp-json\/wp\/v2\/media\/23492"}],"wp:attachment":[{"href":"https:\/\/smania.store\/pt\/wp-json\/wp\/v2\/media?parent=23502"}],"wp:term":[{"taxonomy":"product_cat","embeddable":true,"href":"https:\/\/smania.store\/pt\/wp-json\/wp\/v2\/product_cat?post=23502"},{"taxonomy":"product_tag","embeddable":true,"href":"https:\/\/smania.store\/pt\/wp-json\/wp\/v2\/product_tag?post=23502"}],"curies":[{"name":"wp","href":"https:\/\/api.w.org\/{rel}","templated":true}]}}