{"id":23483,"date":"2022-11-23T06:31:57","date_gmt":"2022-11-23T05:31:57","guid":{"rendered":"https:\/\/smania.store\/pt\/produto\/almofada-de-xixi-para-caes-pipad\/"},"modified":"2023-04-27T22:44:14","modified_gmt":"2023-04-27T20:44:14","slug":"almofada-de-xixi-para-caes-pipad","status":"publish","type":"product","link":"https:\/\/smania.store\/pt\/produto\/almofada-de-xixi-para-caes-pipad\/","title":{"rendered":"Almofada de xixi para c\u00e3es PiPad"},"content":{"rendered":"<div class=\"smania_landing_description_title\">NOVIDADE! Almofada de xixi para c\u00e3es PiPad<\/div>\n<div class=\"smania_landing_description_txt\">Deixe o seu c\u00e3o em casa sem se preocupar!<\/div>\n<div class=\"smania_landing_description_subtitle\">A Almofada de xixi para c\u00e3es PiPad \u00e9 um verdadeiro salva-vidas para todos os donos de animais ausentes a maior parte do dia. Este \u00f3timo acess\u00f3rio manter\u00e1 o seu c\u00e3o confort\u00e1vel enquanto se concentra no seu trabalho.<\/div>\n<div class=\"smania_landing_description_list\">\n<ul>\n<li>Absorve e ret\u00e9m l\u00edquidos e odores<\/li>\n<li>Adequado para cachorros pequenos, c\u00e3es m\u00e9dios e c\u00e3es grandes<\/li>\n<li>Perfeito para c\u00e3es que precisam de ajuda quando se trata de fazer xixi<\/li>\n<li>Dispon\u00edvel em 4 designs diferentes<\/li>\n<li>Ajuda a manter sua casa e seu c\u00e3o limpos<\/li>\n<\/ul><\/div>\n","protected":false},"excerpt":{"rendered":"<p>Adequado para c\u00e3es pequenos, m\u00e9dios ou grandes|F\u00e1cil de lavar e secar |Pode ser usado como um m\u00e9todo de treinamento para filhotes jovens|Material imperme\u00e1vel|Material: poli\u00e9ster|Tamanho: 80 \u00d7 90 cm|Segura e simples de usar|Satisfa\u00e7\u00e3o 100% garantida<\/p>\n","protected":false},"featured_media":23474,"template":"","meta":[],"product_cat":[1605,1711],"product_tag":[],"acf":[],"_links":{"self":[{"href":"https:\/\/smania.store\/pt\/wp-json\/wp\/v2\/product\/23483"}],"collection":[{"href":"https:\/\/smania.store\/pt\/wp-json\/wp\/v2\/product"}],"about":[{"href":"https:\/\/smania.store\/pt\/wp-json\/wp\/v2\/types\/product"}],"wp:featuredmedia":[{"embeddable":true,"href":"https:\/\/smania.store\/pt\/wp-json\/wp\/v2\/media\/23474"}],"wp:attachment":[{"href":"https:\/\/smania.store\/pt\/wp-json\/wp\/v2\/media?parent=23483"}],"wp:term":[{"taxonomy":"product_cat","embeddable":true,"href":"https:\/\/smania.store\/pt\/wp-json\/wp\/v2\/product_cat?post=23483"},{"taxonomy":"product_tag","embeddable":true,"href":"https:\/\/smania.store\/pt\/wp-json\/wp\/v2\/product_tag?post=23483"}],"curies":[{"name":"wp","href":"https:\/\/api.w.org\/{rel}","templated":true}]}}