{"id":23221,"date":"2022-09-13T09:44:38","date_gmt":"2022-09-13T07:44:38","guid":{"rendered":"https:\/\/smania.store\/pt\/produto\/meias-com-dedos-toesy\/"},"modified":"2023-05-19T17:16:27","modified_gmt":"2023-05-19T15:16:27","slug":"meias-com-dedos-toesy","status":"publish","type":"product","link":"https:\/\/smania.store\/pt\/produto\/meias-com-dedos-toesy\/","title":{"rendered":"Meias com dedos Toesy"},"content":{"rendered":"<div class=\"smania_landing_description_title\">Novidade! Meias com dedos Toesy<\/div>\n<div class=\"smania_landing_description_txt\">Para passos confort\u00e1veis e saud\u00e1veis!<\/div>\n<div class=\"smania_landing_description_subtitle\">Estas meias ponta de gama combinam moda e praticalidade e podem dar-lhe a experi\u00eancia perfeita durante o exerc\u00edcio e a corrida. Podem manter os seus dedos dos p\u00e9s separados, prevenindo o contacto com a pele, bolhas e esfolagem.<\/div>\n<div class=\"smania_landing_description_list\">\n<ul>\n<li>A primeira escolha para atletas e aqueles que andam e correm muito<\/li>\n<li>Melhora a circula\u00e7\u00e3o sangu\u00ednea dos seus p\u00e9s<\/li>\n<li>Respir\u00e1veis, suaves e confort\u00e1veis de usar<\/li>\n<li>Design el\u00e1stico garante um encaixe perfeito<\/li>\n<li>Silicone nos calcanhares previne escorregadelas<\/li>\n<\/ul><\/div>\n","protected":false},"excerpt":{"rendered":"<p>Previnem fric\u00e7\u00e3o entre os dedos e as bolhas|Suaves e confort\u00e1veis de usar|Respir\u00e1veis e el\u00e1sticas |Dissipa\u00e7\u00e3o de humidade|Maior flexibilidade para os p\u00e9s|Silicone nos calcanhares|Material: algod\u00e3o|Adequadas para os tamanhos de<br \/> 36\u201344<\/p>\n","protected":false},"featured_media":23253,"template":"","meta":[],"product_cat":[1711,1607],"product_tag":[1685,1663],"acf":[],"_links":{"self":[{"href":"https:\/\/smania.store\/pt\/wp-json\/wp\/v2\/product\/23221"}],"collection":[{"href":"https:\/\/smania.store\/pt\/wp-json\/wp\/v2\/product"}],"about":[{"href":"https:\/\/smania.store\/pt\/wp-json\/wp\/v2\/types\/product"}],"wp:featuredmedia":[{"embeddable":true,"href":"https:\/\/smania.store\/pt\/wp-json\/wp\/v2\/media\/23253"}],"wp:attachment":[{"href":"https:\/\/smania.store\/pt\/wp-json\/wp\/v2\/media?parent=23221"}],"wp:term":[{"taxonomy":"product_cat","embeddable":true,"href":"https:\/\/smania.store\/pt\/wp-json\/wp\/v2\/product_cat?post=23221"},{"taxonomy":"product_tag","embeddable":true,"href":"https:\/\/smania.store\/pt\/wp-json\/wp\/v2\/product_tag?post=23221"}],"curies":[{"name":"wp","href":"https:\/\/api.w.org\/{rel}","templated":true}]}}