{"id":23193,"date":"2022-09-13T09:42:05","date_gmt":"2022-09-13T07:42:05","guid":{"rendered":"https:\/\/smania.store\/pt\/produto\/auriculares-wireless-daedox\/"},"modified":"2023-01-23T09:51:01","modified_gmt":"2023-01-23T08:51:01","slug":"auriculares-wireless-daedox","status":"publish","type":"product","link":"https:\/\/smania.store\/pt\/produto\/auriculares-wireless-daedox\/","title":{"rendered":"Auriculares wireless Daedox"},"content":{"rendered":"<div class=\"smania_landing_description_title\">NOVIDADE! Auriculares wireless Daedox<\/div>\n<div class=\"smania_landing_description_txt\">Som cristalino a qualquer hora e em qualquer lugar!<\/div>\n<div class=\"smania_landing_description_subtitle\">As suas chamadas e m\u00fasica soar\u00e3o melhor do que nunca com Auriculares wireless Daedox. S\u00e3o t\u00e3o leves e confort\u00e1veis que se esquecer\u00e1 que os est\u00e1 a usar. Toque neles para controlar m\u00fasica, chamadas, e assistentes de voz \u2013 nem vai precisar do seu telem\u00f3vel.<\/div>\n<div class=\"smania_landing_description_list\">\n<ul>\n<li>Design ergon\u00f3mico \u00fanico que se encaixa perfeitamente no seu ouvido<\/li>\n<li>Redu\u00e7\u00e3o de ru\u00eddo ativo para som claro e de alta qualidade<\/li>\n<li>Caixa de prote\u00e7\u00e3o que funciona como um carregador<\/li>\n<li>Ecr\u00e3 digital inteligente<\/li>\n<li>Compat\u00edvel com: iOS, Android, e Windows<\/li>\n<\/ul><\/div>\n","protected":false},"excerpt":{"rendered":"<p>Leves e confort\u00e1veis de usar|Carregamento magn\u00e9tico r\u00e1pido|Resistente \u00e0 \u00e1gua IPX4 e \u00e0 prova de suor|Redu\u00e7\u00e3o ativa de ru\u00eddo|Tecnologia Bluetooth 5.1|Alcance Bluetooth: 10 m|Tempo de reprodu\u00e7\u00e3o: 3 horas|Dimens\u00f5es da caixa: 49 \u00d7 49 \u00d7 31 mm<\/p>\n","protected":false},"featured_media":23184,"template":"","meta":[],"product_cat":[1603,1711],"product_tag":[1702,1701],"acf":[],"_links":{"self":[{"href":"https:\/\/smania.store\/pt\/wp-json\/wp\/v2\/product\/23193"}],"collection":[{"href":"https:\/\/smania.store\/pt\/wp-json\/wp\/v2\/product"}],"about":[{"href":"https:\/\/smania.store\/pt\/wp-json\/wp\/v2\/types\/product"}],"wp:featuredmedia":[{"embeddable":true,"href":"https:\/\/smania.store\/pt\/wp-json\/wp\/v2\/media\/23184"}],"wp:attachment":[{"href":"https:\/\/smania.store\/pt\/wp-json\/wp\/v2\/media?parent=23193"}],"wp:term":[{"taxonomy":"product_cat","embeddable":true,"href":"https:\/\/smania.store\/pt\/wp-json\/wp\/v2\/product_cat?post=23193"},{"taxonomy":"product_tag","embeddable":true,"href":"https:\/\/smania.store\/pt\/wp-json\/wp\/v2\/product_tag?post=23193"}],"curies":[{"name":"wp","href":"https:\/\/api.w.org\/{rel}","templated":true}]}}