{"id":23164,"date":"2022-09-13T09:39:14","date_gmt":"2022-09-13T07:39:14","guid":{"rendered":"https:\/\/smania.store\/pt\/produto\/tesoura-corte-angulos-anglecut\/"},"modified":"2022-12-06T21:33:46","modified_gmt":"2022-12-06T20:33:46","slug":"tesoura-corte-angulos-anglecut","status":"publish","type":"product","link":"https:\/\/smania.store\/pt\/produto\/tesoura-corte-angulos-anglecut\/","title":{"rendered":"Tesoura corte \u00e2ngulos AngleCut"},"content":{"rendered":"<div class=\"smania_landing_description_title\">Novidade! Tesoura corte \u00e2ngulos AngleCut<\/div>\n<div class=\"smania_landing_description_txt\">A ferramenta perfeita para todos os artes\u00e3os!<\/div>\n<div class=\"smania_landing_description_subtitle\">Muitas vezes, partes diferentes n\u00e3o se encaixam perfeitamente, se n\u00e3o conseguir cortar no \u00e2ngulo certo. Com Tesoura corte \u00e2ngulos AngleCut pode parar de pensar nisso, j\u00e1 que vai cortar tudo em qualquer \u00e2ngulo que desejar.<\/div>\n<div class=\"smania_landing_description_list\">\n<ul>\n<li>Medi\u00e7\u00f5es precisas e \u00e2ngulos ajust\u00e1veis \u2013 45\u2013135\u00b0 <\/li>\n<li>Adequada para cortar v\u00e1rios materiais<\/li>\n<li>L\u00e2mina afiada e substitu\u00edvel<\/li>\n<li>Pega de borracha para uma ader\u00eancia perfeita<\/li>\n<li>Feito de a\u00e7o inoxid\u00e1vel de alta qualidade e extremamente dur\u00e1vel<\/li>\n<\/ul><\/div>\n","protected":false},"excerpt":{"rendered":"<p>Extremamente pr\u00e1tica e f\u00e1cil de usar|Mecanismo de travamento de seguran\u00e7a|Adequada para canhotos e destros|2 l\u00e2minas suplentes inclu\u00eddas|Completamente segura de usar|Pega n\u00e3o escorregadia de borracha|Comprimento: 22 cm|Material: a\u00e7o alum\u00ednio, PP, ferro<\/p>\n","protected":false},"featured_media":23156,"template":"","meta":[],"product_cat":[1602],"product_tag":[1622],"acf":[],"_links":{"self":[{"href":"https:\/\/smania.store\/pt\/wp-json\/wp\/v2\/product\/23164"}],"collection":[{"href":"https:\/\/smania.store\/pt\/wp-json\/wp\/v2\/product"}],"about":[{"href":"https:\/\/smania.store\/pt\/wp-json\/wp\/v2\/types\/product"}],"wp:featuredmedia":[{"embeddable":true,"href":"https:\/\/smania.store\/pt\/wp-json\/wp\/v2\/media\/23156"}],"wp:attachment":[{"href":"https:\/\/smania.store\/pt\/wp-json\/wp\/v2\/media?parent=23164"}],"wp:term":[{"taxonomy":"product_cat","embeddable":true,"href":"https:\/\/smania.store\/pt\/wp-json\/wp\/v2\/product_cat?post=23164"},{"taxonomy":"product_tag","embeddable":true,"href":"https:\/\/smania.store\/pt\/wp-json\/wp\/v2\/product_tag?post=23164"}],"curies":[{"name":"wp","href":"https:\/\/api.w.org\/{rel}","templated":true}]}}