{"id":23005,"date":"2022-08-31T12:22:03","date_gmt":"2022-08-31T10:22:03","guid":{"rendered":"https:\/\/smania.store\/pt\/produto\/arnes-tatico-para-caes\/"},"modified":"2023-04-08T12:22:24","modified_gmt":"2023-04-08T10:22:24","slug":"arnes-tatico-para-caes","status":"publish","type":"product","link":"https:\/\/smania.store\/pt\/produto\/arnes-tatico-para-caes\/","title":{"rendered":"Arn\u00eas t\u00e1tico para c\u00e3es"},"content":{"rendered":"<div class=\"smania_landing_description_title\">NOVIDADE! Arn\u00eas t\u00e1tico para c\u00e3es<\/div>\n<div class=\"smania_landing_description_txt\">Arn\u00eas confort\u00e1vel e dur\u00e1vel para o seu amigo peludo!<\/div>\n<div class=\"smania_landing_description_subtitle\">Garante liberdade de movimento e conforto para o seu c\u00e3o com este incr\u00edvel arn\u00eas t\u00e1tico para c\u00e3es. \u00c9 perfeito para caminhar ou treinar, pois garante melhor manobrabilidade do que um colarinho e coleira normal! <\/div>\n<div class=\"smania_landing_description_list\">\n<ul>\n<li>Velcro ao lado para emblemas ou identifica\u00e7\u00e3o<\/li>\n<li>Material dur\u00e1vel de alta-densidade<\/li>\n<li>Arn\u00eas acolchoado macio para o m\u00e1ximo conforto<\/li>\n<li>Pega e fivela em forma de V nas costas para obter melhores resultados de treino<\/li>\n<li>Coleira forte e el\u00e1stica inclu\u00edda no pacote<\/li>\n<\/ul><\/div>\n","protected":false},"excerpt":{"rendered":"<p>Materiais de alta qualidade e dur\u00e1veis|Um arn\u00eas acolchoado para o m\u00e1ximo conforto|Garante grande manobrabilidade|Uma trela el\u00e1stica inclu\u00edda no pacote|Almofada de velcro para emblemas de identifica\u00e7\u00e3o|Vem em dois tamanho: S, L|Forte e dur\u00e1vel|Material: nylon<\/p>\n","protected":false},"featured_media":23572,"template":"","meta":[],"product_cat":[1605,1711],"product_tag":[],"acf":[],"_links":{"self":[{"href":"https:\/\/smania.store\/pt\/wp-json\/wp\/v2\/product\/23005"}],"collection":[{"href":"https:\/\/smania.store\/pt\/wp-json\/wp\/v2\/product"}],"about":[{"href":"https:\/\/smania.store\/pt\/wp-json\/wp\/v2\/types\/product"}],"wp:featuredmedia":[{"embeddable":true,"href":"https:\/\/smania.store\/pt\/wp-json\/wp\/v2\/media\/23572"}],"wp:attachment":[{"href":"https:\/\/smania.store\/pt\/wp-json\/wp\/v2\/media?parent=23005"}],"wp:term":[{"taxonomy":"product_cat","embeddable":true,"href":"https:\/\/smania.store\/pt\/wp-json\/wp\/v2\/product_cat?post=23005"},{"taxonomy":"product_tag","embeddable":true,"href":"https:\/\/smania.store\/pt\/wp-json\/wp\/v2\/product_tag?post=23005"}],"curies":[{"name":"wp","href":"https:\/\/api.w.org\/{rel}","templated":true}]}}