{"id":22915,"date":"2022-08-31T12:07:09","date_gmt":"2022-08-31T10:07:09","guid":{"rendered":"https:\/\/smania.store\/pt\/produto\/afiador-de-brocas-easysharp\/"},"modified":"2022-09-28T09:25:13","modified_gmt":"2022-09-28T07:25:13","slug":"afiador-de-brocas-easysharp","status":"publish","type":"product","link":"https:\/\/smania.store\/pt\/produto\/afiador-de-brocas-easysharp\/","title":{"rendered":"Afiador de brocas EasySharp"},"content":{"rendered":"<div class=\"smania_landing_description_title\">NOVIDADE! Afiador de brocas EasySharp<\/div>\n<div class=\"smania_landing_description_txt\">Melhore o seu desempenho no trabalho!<\/div>\n<div class=\"smania_landing_description_subtitle\">Mantenha as suas brocas incrivelmente afiadas e prontas a usar com esta ferramenta EasySharp eficaz. Anexe a sua m\u00e1quina de brocas e afie as brocas com facilidade  num instante.<\/div>\n<div class=\"smania_landing_description_list\">\n<ul>\n<li>A pedra de afia\u00e7\u00e3o de alta qualidade d\u00e1 uma ponta afiada e n\u00edtida para perfurar tudo<\/li>\n<li>Extremamente compacta e port\u00e1til <\/li>\n<li>Feito de material ABS dur\u00e1vel<\/li>\n<li>Para v\u00e1rios tamanhos de broca<\/li>\n<li>F\u00e1cil de usar com todas as m\u00e1quinas de brocas port\u00e1teis<\/li>\n<\/ul><\/div>\n","protected":false},"excerpt":{"rendered":"<p>F\u00e1cil de usar|Compacto e port\u00e1til|Afiamento Rigoroso|Poupa tempo e dinheiro|Sempre o \u00e2ngulo de afia\u00e7\u00e3o perfeito|Cor: azul ou laranja|Para brocas de 2 a 12,5 mm de di\u00e2metro|Peso: 91 g<\/p>\n","protected":false},"featured_media":23260,"template":"","meta":[],"product_cat":[1602],"product_tag":[1669],"acf":[],"_links":{"self":[{"href":"https:\/\/smania.store\/pt\/wp-json\/wp\/v2\/product\/22915"}],"collection":[{"href":"https:\/\/smania.store\/pt\/wp-json\/wp\/v2\/product"}],"about":[{"href":"https:\/\/smania.store\/pt\/wp-json\/wp\/v2\/types\/product"}],"wp:featuredmedia":[{"embeddable":true,"href":"https:\/\/smania.store\/pt\/wp-json\/wp\/v2\/media\/23260"}],"wp:attachment":[{"href":"https:\/\/smania.store\/pt\/wp-json\/wp\/v2\/media?parent=22915"}],"wp:term":[{"taxonomy":"product_cat","embeddable":true,"href":"https:\/\/smania.store\/pt\/wp-json\/wp\/v2\/product_cat?post=22915"},{"taxonomy":"product_tag","embeddable":true,"href":"https:\/\/smania.store\/pt\/wp-json\/wp\/v2\/product_tag?post=22915"}],"curies":[{"name":"wp","href":"https:\/\/api.w.org\/{rel}","templated":true}]}}