{"id":22759,"date":"2022-08-31T11:41:39","date_gmt":"2022-08-31T09:41:39","guid":{"rendered":"https:\/\/smania.store\/pt\/produto\/pochete-de-perna-weston\/"},"modified":"2023-06-12T15:53:23","modified_gmt":"2023-06-12T13:53:23","slug":"pochete-de-perna-weston","status":"publish","type":"product","link":"https:\/\/smania.store\/pt\/produto\/pochete-de-perna-weston\/","title":{"rendered":"Pochete de perna Weston"},"content":{"rendered":"<div class=\"smania_landing_description_title\">NOVIDADE! Pochete de perna Weston<\/div>\n<div class=\"smania_landing_description_txt\">Primeira escolha para motociclistas, ciclistas e atletas!<\/div>\n<div class=\"smania_landing_description_subtitle\">Perfeito para organizar e transportar v\u00e1rios acess\u00f3rios. Incrivelmente espa\u00e7osa e pr\u00e1tica, pois consegue chegar a tudo, mesmo sentado!<\/div>\n<div class=\"smania_landing_description_list\">\n<ul>\n<li>Acesso r\u00e1pido e f\u00e1cil<\/li>\n<li>Tr\u00eas bolsos com z\u00edper do lado de fora<\/li>\n<li>Dois bolsos de rede com muito espa\u00e7o de armazenamento<\/li>\n<li>Um bolso externo escondido para o seu telem\u00f3vel e outros objetos de valor<\/li>\n<li>Feita de um material \u00e0 prova de \u00e1gua de alta qualidade<\/li>\n<\/ul><\/div>\n","protected":false},"excerpt":{"rendered":"<p>Tiras reflexivas para melhor visibilidade|2 argolas de encaixe para transportar chaves|Buraco para cabo AUX para auriculares|Parte traseira feita de um material de malha respir\u00e1vel|Fortes fechos de alta qualidade|Feito de material de oxford \u00e0 prova de \u00e1gua|Tamanho: 29 \u00d7 29 \u00d7 10\u201315 cm|Al\u00e7a ajust\u00e1vel at\u00e9 130 cm<\/p>\n","protected":false},"featured_media":22749,"template":"","meta":[],"product_cat":[1606],"product_tag":[1617],"acf":[],"_links":{"self":[{"href":"https:\/\/smania.store\/pt\/wp-json\/wp\/v2\/product\/22759"}],"collection":[{"href":"https:\/\/smania.store\/pt\/wp-json\/wp\/v2\/product"}],"about":[{"href":"https:\/\/smania.store\/pt\/wp-json\/wp\/v2\/types\/product"}],"wp:featuredmedia":[{"embeddable":true,"href":"https:\/\/smania.store\/pt\/wp-json\/wp\/v2\/media\/22749"}],"wp:attachment":[{"href":"https:\/\/smania.store\/pt\/wp-json\/wp\/v2\/media?parent=22759"}],"wp:term":[{"taxonomy":"product_cat","embeddable":true,"href":"https:\/\/smania.store\/pt\/wp-json\/wp\/v2\/product_cat?post=22759"},{"taxonomy":"product_tag","embeddable":true,"href":"https:\/\/smania.store\/pt\/wp-json\/wp\/v2\/product_tag?post=22759"}],"curies":[{"name":"wp","href":"https:\/\/api.w.org\/{rel}","templated":true}]}}