{"id":22723,"date":"2022-08-30T13:45:04","date_gmt":"2022-08-30T11:45:04","guid":{"rendered":"https:\/\/smania.store\/pt\/produto\/conjunto-de-decoracoes-florais-para-bolos\/"},"modified":"2022-11-30T13:32:54","modified_gmt":"2022-11-30T12:32:54","slug":"conjunto-de-decoracoes-florais-para-bolos","status":"publish","type":"product","link":"https:\/\/smania.store\/pt\/produto\/conjunto-de-decoracoes-florais-para-bolos\/","title":{"rendered":"Conjunto de decora\u00e7\u00f5es florais para bolos"},"content":{"rendered":"<div class=\"smania_landing_description_title\">Novidade! Conjunto de decora\u00e7\u00f5es florais para bolos<\/div>\n<div class=\"smania_landing_description_txt\">Coza como um profissional!<\/div>\n<div class=\"smania_landing_description_subtitle\">Este conjunto de decora\u00e7\u00e3o floral de a\u00e7o inoxid\u00e1vel levar\u00e1 as suas habilidades de pastelaria para o pr\u00f3ximo n\u00edvel! As pe\u00e7as s\u00e3o dur\u00e1veis, confort\u00e1veis de usar e f\u00e1ceis de limpar \u2013 uma escolha perfeita para pasteleiros profissionais e entusiastas da cozinha.<\/div>\n<div class=\"smania_landing_description_list\">\n<ul>\n<li>Crie decora\u00e7\u00f5es florais de tirar o f\u00f4lego<\/li>\n<li>9 ou 14 pontas de a\u00e7o inoxid\u00e1vel diferentes<\/li>\n<li>Adequado para profissionais e amadores<\/li>\n<li>Para decorar bolos, tortas, muffins, donuts e muito mais<\/li>\n<li>Dispon\u00edvel como um conjunto de 13 ou 27 pe\u00e7as<\/li>\n<\/ul><\/div>\n","protected":false},"excerpt":{"rendered":"<p>Reutiliz\u00e1vel e f\u00e1cil de limpar|Cria v\u00e1rios desenhos florais|Use glac\u00ea colorido e grosso para resultados especiais|Dispon\u00edvel como um conjunto de 13 ou 27 pe\u00e7as|Adequado para uso profissional e dom\u00e9stico|Material: silicone, a\u00e7o inoxid\u00e1vel<\/p>\n","protected":false},"featured_media":23546,"template":"","meta":[],"product_cat":[1601,1711],"product_tag":[1616,1623,1655,1610],"acf":[],"_links":{"self":[{"href":"https:\/\/smania.store\/pt\/wp-json\/wp\/v2\/product\/22723"}],"collection":[{"href":"https:\/\/smania.store\/pt\/wp-json\/wp\/v2\/product"}],"about":[{"href":"https:\/\/smania.store\/pt\/wp-json\/wp\/v2\/types\/product"}],"wp:featuredmedia":[{"embeddable":true,"href":"https:\/\/smania.store\/pt\/wp-json\/wp\/v2\/media\/23546"}],"wp:attachment":[{"href":"https:\/\/smania.store\/pt\/wp-json\/wp\/v2\/media?parent=22723"}],"wp:term":[{"taxonomy":"product_cat","embeddable":true,"href":"https:\/\/smania.store\/pt\/wp-json\/wp\/v2\/product_cat?post=22723"},{"taxonomy":"product_tag","embeddable":true,"href":"https:\/\/smania.store\/pt\/wp-json\/wp\/v2\/product_tag?post=22723"}],"curies":[{"name":"wp","href":"https:\/\/api.w.org\/{rel}","templated":true}]}}