{"id":22656,"date":"2022-06-16T11:15:00","date_gmt":"2022-06-16T09:15:00","guid":{"rendered":"https:\/\/smania.store\/pt\/produto\/colar-velozes-furiosos\/"},"modified":"2022-12-12T23:11:51","modified_gmt":"2022-12-12T22:11:51","slug":"colar-velozes-furiosos","status":"publish","type":"product","link":"https:\/\/smania.store\/pt\/produto\/colar-velozes-furiosos\/","title":{"rendered":"Colar Velozes &amp; Furiosos"},"content":{"rendered":"<div class=\"smania_landing_description_title\">Pe\u00e7a de joalharia sensacional! Colar Velozes &amp; Furiosos<\/div>\n<div class=\"smania_landing_description_txt\">O acess\u00f3rio perfeito para todos os entusiastas de cinema!<\/div>\n<div class=\"smania_landing_description_subtitle\">Mostra ao mundo que est\u00e1s pronto para qualquer desafio e atreve-te a dar nas vistas com esta pe\u00e7a de joalharia \u00fanica, feita com base nos filmes &#8220;Velozes &amp; Furiosos&#8221;. Encomenda o colar para ti mesmo ou surpreende um amigo com este colar bastante desej\u00e1vel.<\/div>\n<div class=\"smania_landing_description_list\">\n<ul>\n<li>Pe\u00e7a de joalharia da moda, que vai expressar a tua irrever\u00eancia<\/li>\n<li>Acess\u00f3rio de moda \u00fanico para aperfei\u00e7oares o teu estilo<\/li>\n<li>Sem d\u00favida o colar de homem mais desejado do momento<\/li>\n<li>Feito de metal de alta qualidade<\/li>\n<\/ul>\n<\/div>\n","protected":false},"excerpt":{"rendered":"<p>Acess\u00f3rio de moda indispens\u00e1vel para entusiastas de cinema|Cores mant\u00eam o seu aspeto original|Seguro para a pele|\u00c0 prova de choque|Dispon\u00edvel em 2 cores|Material: a\u00e7o inoxid\u00e1vel|Comprimento: 60 cm|Tamanho do pendente: 6 \u00d7 3,8 cm<\/p>\n","protected":false},"featured_media":22646,"template":"","meta":[],"product_cat":[1604,1711],"product_tag":[1649,1650],"acf":[],"_links":{"self":[{"href":"https:\/\/smania.store\/pt\/wp-json\/wp\/v2\/product\/22656"}],"collection":[{"href":"https:\/\/smania.store\/pt\/wp-json\/wp\/v2\/product"}],"about":[{"href":"https:\/\/smania.store\/pt\/wp-json\/wp\/v2\/types\/product"}],"wp:featuredmedia":[{"embeddable":true,"href":"https:\/\/smania.store\/pt\/wp-json\/wp\/v2\/media\/22646"}],"wp:attachment":[{"href":"https:\/\/smania.store\/pt\/wp-json\/wp\/v2\/media?parent=22656"}],"wp:term":[{"taxonomy":"product_cat","embeddable":true,"href":"https:\/\/smania.store\/pt\/wp-json\/wp\/v2\/product_cat?post=22656"},{"taxonomy":"product_tag","embeddable":true,"href":"https:\/\/smania.store\/pt\/wp-json\/wp\/v2\/product_tag?post=22656"}],"curies":[{"name":"wp","href":"https:\/\/api.w.org\/{rel}","templated":true}]}}