{"id":22555,"date":"2022-06-16T10:58:58","date_gmt":"2022-06-16T08:58:58","guid":{"rendered":"https:\/\/smania.store\/pt\/produto\/rolo-de-tinta-com-padrao-de-tijolo-brickroll\/"},"modified":"2022-08-18T15:01:16","modified_gmt":"2022-08-18T13:01:16","slug":"rolo-de-tinta-com-padrao-de-tijolo-brickroll","status":"publish","type":"product","link":"https:\/\/smania.store\/pt\/produto\/rolo-de-tinta-com-padrao-de-tijolo-brickroll\/","title":{"rendered":"Rolo de tinta com padr\u00e3o de tijolo BrickRoll"},"content":{"rendered":"<div class=\"smania_landing_description_title\">Novidade! Rolo de tinta com padr\u00e3o de tijolo BrickRoll<\/div>\n<div class=\"smania_landing_description_txt\">Decore a sua casa com uma parede de tijolos! <\/div>\n<div class=\"smania_landing_description_subtitle\"> Uma parede de tijolos  adiciona um sentimento extremamente \u00edntimo  para uma sala. Agora voc\u00ea pode criar uma imita\u00e7\u00e3o de tijolos em qualquer parede, que vai mudar completamente a apar\u00eancia de qualquer espa\u00e7o, dando-lhe conforto e estilo extra.<\/div>\n<div class=\"smania_landing_description_list\">\n<ul>\n<li> Perfeito para criar uma imita\u00e7\u00e3o de parede de tijolos <\/li>\n<li> Cria um padr\u00e3o no gesso decorativo <\/li>\n<li> F\u00e1cil de usar, manter e armazenar <\/li>\n<li> Feito de materiais de alta qualidade<\/li>\n<\/ul><\/div>\n","protected":false},"excerpt":{"rendered":"<p>Adequado para qualquer superf\u00edcie|Simples de usar e limpar|Fornece sempre resultados corretos|Cria um padr\u00e3o de tijolo decorativo|Material: pl\u00e1stico|Dimens\u00f5es do rolo: 18 \u00d7 7 cm|Dimens\u00f5es do tijolo (modelo): 20 \u00d7 7 cm|Satisfa\u00e7\u00e3o 100% garantida<\/p>\n","protected":false},"featured_media":22550,"template":"","meta":[],"product_cat":[1602,1711],"product_tag":[1608,1628,1610],"acf":[],"_links":{"self":[{"href":"https:\/\/smania.store\/pt\/wp-json\/wp\/v2\/product\/22555"}],"collection":[{"href":"https:\/\/smania.store\/pt\/wp-json\/wp\/v2\/product"}],"about":[{"href":"https:\/\/smania.store\/pt\/wp-json\/wp\/v2\/types\/product"}],"wp:featuredmedia":[{"embeddable":true,"href":"https:\/\/smania.store\/pt\/wp-json\/wp\/v2\/media\/22550"}],"wp:attachment":[{"href":"https:\/\/smania.store\/pt\/wp-json\/wp\/v2\/media?parent=22555"}],"wp:term":[{"taxonomy":"product_cat","embeddable":true,"href":"https:\/\/smania.store\/pt\/wp-json\/wp\/v2\/product_cat?post=22555"},{"taxonomy":"product_tag","embeddable":true,"href":"https:\/\/smania.store\/pt\/wp-json\/wp\/v2\/product_tag?post=22555"}],"curies":[{"name":"wp","href":"https:\/\/api.w.org\/{rel}","templated":true}]}}