{"id":22502,"date":"2022-06-15T10:06:44","date_gmt":"2022-06-15T08:06:44","guid":{"rendered":"https:\/\/smania.store\/pt\/produto\/conjunto-para-cortar-vidro-da-pressley\/"},"modified":"2023-05-10T19:11:59","modified_gmt":"2023-05-10T17:11:59","slug":"conjunto-para-cortar-vidro-da-pressley","status":"publish","type":"product","link":"https:\/\/smania.store\/pt\/produto\/conjunto-para-cortar-vidro-da-pressley\/","title":{"rendered":"Conjunto para cortar vidro da Pressley"},"content":{"rendered":"<div class=\"smania_landing_description_title\">NOVIDADE! Conjunto para cortar vidro da Pressley<\/div>\n<div class=\"smania_landing_description_txt\">Conjunto de ferramentas profissional de alta qualidade!<\/div>\n<div class=\"smania_landing_description_subtitle\">Este conjunto de ferramentas altamente eficiente e f\u00e1cil de usar para cortar vidro e azulejos tornar\u00e1 a sua vida muito mais f\u00e1cil! O Conjunto para cortar vidro da Pressley garante sempre um corte preciso.<\/div>\n<div class=\"smania_landing_description_list\">\n<ul>\n<li>Perfeito para azulejistas e trabalhadores de vidro<\/li>\n<li>Usado por profissionais e amadores por todo o mundo<\/li>\n<li>Pega ergonomicamente desenvolvida confort\u00e1vel<\/li>\n<li>L\u00e2mina de corte afiada e precisa<\/li>\n<li>Mecanismo poderoso de divis\u00e3o manual<\/li>\n<\/ul><\/div>\n","protected":false},"excerpt":{"rendered":"<p>Ferramenta profissional bastante eficiente|F\u00e1cil e confort\u00e1vel de usar|L\u00e2mina de corte bastante precisa|Ferramenta de corte, ferramenta de divis\u00e3o, l\u00edquido de limpeza, fita de medi\u00e7\u00e3o e 2 l\u00e2minas de substitui\u00e7\u00e3o inclu\u00eddas no pacote|Perfeito para cortar azulejos, vidro e espelhos|Material: A\u00e7o, pl\u00e1stico<\/p>\n","protected":false},"featured_media":22497,"template":"","meta":[],"product_cat":[1602,1711],"product_tag":[1622],"acf":[],"_links":{"self":[{"href":"https:\/\/smania.store\/pt\/wp-json\/wp\/v2\/product\/22502"}],"collection":[{"href":"https:\/\/smania.store\/pt\/wp-json\/wp\/v2\/product"}],"about":[{"href":"https:\/\/smania.store\/pt\/wp-json\/wp\/v2\/types\/product"}],"wp:featuredmedia":[{"embeddable":true,"href":"https:\/\/smania.store\/pt\/wp-json\/wp\/v2\/media\/22497"}],"wp:attachment":[{"href":"https:\/\/smania.store\/pt\/wp-json\/wp\/v2\/media?parent=22502"}],"wp:term":[{"taxonomy":"product_cat","embeddable":true,"href":"https:\/\/smania.store\/pt\/wp-json\/wp\/v2\/product_cat?post=22502"},{"taxonomy":"product_tag","embeddable":true,"href":"https:\/\/smania.store\/pt\/wp-json\/wp\/v2\/product_tag?post=22502"}],"curies":[{"name":"wp","href":"https:\/\/api.w.org\/{rel}","templated":true}]}}