{"id":22467,"date":"2022-06-15T09:28:44","date_gmt":"2022-06-15T07:28:44","guid":{"rendered":"https:\/\/smania.store\/pt\/produto\/luzes-led-a-prova-de-agua-glowsubs\/"},"modified":"2023-01-07T00:34:08","modified_gmt":"2023-01-06T23:34:08","slug":"luzes-led-a-prova-de-agua-glowsubs","status":"publish","type":"product","link":"https:\/\/smania.store\/pt\/produto\/luzes-led-a-prova-de-agua-glowsubs\/","title":{"rendered":"Luzes LED \u00e0 prova de \u00e1gua Glowsubs"},"content":{"rendered":"<div class=\"smania_landing_description_title\">NOVIDADE! Luzes LED \u00e0 prova de \u00e1gua Glowsubs<\/div>\n<div class=\"smania_landing_description_txt\">Decore a sua casa, jardim ou piscina!<\/div>\n<div class=\"smania_landing_description_subtitle\">As luzes LED Glowsubs ir\u00e3o criar uma atmosfera m\u00e1gica em qualquer canto da sua casa ou jardim. Porque s\u00e3o \u00e0 prova de \u00e1gua, at\u00e9 pode us\u00e1-las na piscina ou aqu\u00e1rio. <\/div>\n<div class=\"smania_landing_description_list\">\n<ul>\n<li>10 diodos LED incrivelmente brilhantes em cada luz<\/li>\n<li>Controlo Remoto para ligar\/desligar, mudar modos de cores e de luz<\/li>\n<li>\u00c0 prova de \u00e1gua IP68<\/li>\n<li>Modos de luz de escurecimento, pisca-pisca e transi\u00e7\u00f5es de cores suaves<\/li>\n<\/ul><\/div>\n","protected":false},"excerpt":{"rendered":"<p>Controlo remoto inclu\u00eddo|Ilumina\u00e7\u00e3o ambiente perfeita para a sua casa e jardim|\u00c0 prova de \u00e1gua IP68|Bateria: 3 \u00d7 pilhas AAA por luz (n\u00e3o inclu\u00eddas)|Tempo de vida extremamente longo|Tamanho: 7 \u00d7 2,8 cm<\/p>\n","protected":false},"featured_media":22864,"template":"","meta":[],"product_cat":[1603],"product_tag":[1608,1621,1610],"acf":[],"_links":{"self":[{"href":"https:\/\/smania.store\/pt\/wp-json\/wp\/v2\/product\/22467"}],"collection":[{"href":"https:\/\/smania.store\/pt\/wp-json\/wp\/v2\/product"}],"about":[{"href":"https:\/\/smania.store\/pt\/wp-json\/wp\/v2\/types\/product"}],"wp:featuredmedia":[{"embeddable":true,"href":"https:\/\/smania.store\/pt\/wp-json\/wp\/v2\/media\/22864"}],"wp:attachment":[{"href":"https:\/\/smania.store\/pt\/wp-json\/wp\/v2\/media?parent=22467"}],"wp:term":[{"taxonomy":"product_cat","embeddable":true,"href":"https:\/\/smania.store\/pt\/wp-json\/wp\/v2\/product_cat?post=22467"},{"taxonomy":"product_tag","embeddable":true,"href":"https:\/\/smania.store\/pt\/wp-json\/wp\/v2\/product_tag?post=22467"}],"curies":[{"name":"wp","href":"https:\/\/api.w.org\/{rel}","templated":true}]}}