{"id":22342,"date":"2022-06-08T09:58:53","date_gmt":"2022-06-08T07:58:53","guid":{"rendered":"https:\/\/smania.store\/pt\/produit\/isqueiro-de-plasma-a-prova-de-agua-wildarc\/"},"modified":"2022-11-11T12:50:34","modified_gmt":"2022-11-11T11:50:34","slug":"isqueiro-de-plasma-a-prova-de-agua-wildarc","status":"publish","type":"product","link":"https:\/\/smania.store\/pt\/produto\/isqueiro-de-plasma-a-prova-de-agua-wildarc\/","title":{"rendered":"Isqueiro de plasma \u00e0 prova de \u00e1gua WildArc"},"content":{"rendered":"<div class=\"smania_landing_description_title\">NOVIDADE! Isqueiro de plasma \u00e0 prova de \u00e1gua WildArc<\/div>\n<div class=\"smania_landing_description_txt\">Funciona em perfei\u00e7\u00e3o sob quaisquer condi\u00e7\u00f5es meterol\u00f3gicas!<\/div>\n<div class=\"smania_landing_description_subtitle\">Se deseja iniciar uma fogueira em condi\u00e7\u00f5es de vento ou acender uma vela para criar um clima rom\u00e2ntico, o WildArC ajuda. Este isqueiro de plasma imperme\u00e1vel exclusivo usa uma tecnologia de arco duplo que d\u00e1 uma fa\u00edsca limpa todas as vezes.<\/div>\n<div class=\"smania_landing_description_list\">\n<ul>\n<li>Arcos de plasma em forma de x que acendem um fogo mesmo com um vento forte<\/li>\n<li>O fecho seguro mant\u00e9m completamente \u00e0 prova de \u00e1gua<\/li>\n<li>Inv\u00f3lucro emborrachado para durabilidade abrangente<\/li>\n<li>Basta ligue-o a qualquer porta USB para carregamento r\u00e1pido<\/li>\n<li>Perfeito para aventuras ao ar livre ou uso dom\u00e9stico geral<\/li>\n<\/ul><\/div>\n","protected":false},"excerpt":{"rendered":"<p>\u00c0 prova de \u00e1gua IP56|Recarreg\u00e1vel por USB|Leve e port\u00e1til|Funciona em qualquer condi\u00e7\u00e3o clim\u00e1tica|Resistente e dur\u00e1vel|Inv\u00f3lucro emborrachado|O pacote inclui: Plasma mais leve, cabo USB, cord\u00e3o e caixa|Nenhum g\u00e1s ou \u00f3leo necess\u00e1rio<\/p>\n","protected":false},"featured_media":23391,"template":"","meta":[],"product_cat":[15,1711],"product_tag":[],"acf":[],"_links":{"self":[{"href":"https:\/\/smania.store\/pt\/wp-json\/wp\/v2\/product\/22342"}],"collection":[{"href":"https:\/\/smania.store\/pt\/wp-json\/wp\/v2\/product"}],"about":[{"href":"https:\/\/smania.store\/pt\/wp-json\/wp\/v2\/types\/product"}],"wp:featuredmedia":[{"embeddable":true,"href":"https:\/\/smania.store\/pt\/wp-json\/wp\/v2\/media\/23391"}],"wp:attachment":[{"href":"https:\/\/smania.store\/pt\/wp-json\/wp\/v2\/media?parent=22342"}],"wp:term":[{"taxonomy":"product_cat","embeddable":true,"href":"https:\/\/smania.store\/pt\/wp-json\/wp\/v2\/product_cat?post=22342"},{"taxonomy":"product_tag","embeddable":true,"href":"https:\/\/smania.store\/pt\/wp-json\/wp\/v2\/product_tag?post=22342"}],"curies":[{"name":"wp","href":"https:\/\/api.w.org\/{rel}","templated":true}]}}