{"id":1725,"date":"2021-05-19T05:40:43","date_gmt":"2021-05-19T03:40:43","guid":{"rendered":"https:\/\/s-mania.si\/?page_id=1725"},"modified":"2023-01-13T13:45:46","modified_gmt":"2023-01-13T12:45:46","slug":"sobre-nos","status":"publish","type":"page","link":"https:\/\/smania.store\/pt\/sobre-nos\/","title":{"rendered":"Sobre n\u00f3s"},"content":{"rendered":"\n<div class=\"smania_static_side\">\n\n    <div class=\"smania_static_side_left\">\n        <h4>Morada<\/h4>\n        DFVU d.o.o.\n        <br>\n        Liparjeva cesta 6a\n        <br>\n        1234 Menge\u0161\n        <br>\n        Eslov\u00eania\n        \n        <br><br>\n        <h4>Email<\/h4>\n        <a href=\"mailto:pt@smania.store\">pt@smania.store<\/a>\n\n        \n        <br><br>\n        <h4>Hor\u00e1rio de funcionamento<\/h4>\n        De Segunda a Sexta: 7h &nbsp;at\u00e9 15h\n        \n        <br><br>\n        <h4>Informa\u00e7\u00e3o do estabelecimento<\/h4>\n        Registado: AJPES, Ljubljana branch\n        <br>\n        Data de registo: 13.12.2016\n        \n        <br><br>\n        <h4>Dados de Identifica\u00e7\u00e3o<\/h4>\n        N\u00famero de identifica\u00e7\u00e3o fiscal: SI35983175\n        <br>\n        Neg\u00f3cio com registo fiscal: SIM\n        <br>\n        N\u00famero de Registo: 7193548000\n        <br>\n        Conta banc\u00e1ria: SI56 6100 0001 5525 391 (DELAVSKA HRANILNICA d.d)\n        <br>\n        BIC: HDELSI22\n    \n    <\/div>\n    \n    <div class=\"smania_static_side_right\">\n    \n        <h3>QUADRO DE AN\u00daNCIOS<\/h3>\n        <span style=\"color: #808080;\">29.03.2021<\/span>\n        <br>\n        <strong>Aviso sobre o n\u00e3o uso de carimbo para verificar documentos<\/strong>\n        <br>\n        <a target=\"_blank\" href=\"https:\/\/s-mania.si\/wp-content\/uploads\/doc\/Sklep-o-neuporabi-%C5%BEiga-2021.pdf\" rel=\"noopener\">Ver documento<\/a>\n    \n    <\/div>\n    \n<\/div>\n    \n    <style>\n    \n    #main a {\n        color: #0087DE;\n        text-decoration: none!important;\n        }\n    \n    .smania_static_side {\n    \n        display: flex;\n        flex-direction: row;\n    \n    }\n    \n    .smania_static_side_left {\n    \n        padding-right: 40px;\n        margin-right: 40px;\n        border-right: 1px solid #dcdcdc;\n    \n    }\n    \n    @media only screen and (max-width: 800px) {\n    \n        .smania_static_side {\n    \n            flex-direction: column;\n    \n        }\n    \n        .smania_static_side > div {\n    \n            width: 100%;\n    \n        }\n    \n        .smania_static_side_left {\n    \n            padding-right: 0;\n            margin-right: 0;\n            border-right: none;\n    \n            padding-bottom: 40px;\n            margin-bottom: 40px;\n            border-bottom: 1px solid #dcdcdc;\n    \n        }\n    \n    }\n    \n    <\/style>\n\n\n\n<p><\/p>\n","protected":false},"excerpt":{"rendered":"<p>Morada DFVU d.o.o. Liparjeva cesta 6a 1234 Menge\u0161 Eslov\u00eania Email pt@smania.store Hor\u00e1rio de funcionamento De Segunda a Sexta: 7h &nbsp;at\u00e9 15h Informa\u00e7\u00e3o do estabelecimento Registado: AJPES, Ljubljana branch Data de registo: 13.12.2016 Dados de Identifica\u00e7\u00e3o N\u00famero de identifica\u00e7\u00e3o fiscal: SI35983175 Neg\u00f3cio com registo fiscal: SIM N\u00famero de Registo: 7193548000 Conta banc\u00e1ria: SI56 6100 0001 5525 [&hellip;]<\/p>\n","protected":false},"author":1,"featured_media":0,"parent":0,"menu_order":0,"comment_status":"closed","ping_status":"closed","template":"","meta":[],"acf":[],"_links":{"self":[{"href":"https:\/\/smania.store\/pt\/wp-json\/wp\/v2\/pages\/1725"}],"collection":[{"href":"https:\/\/smania.store\/pt\/wp-json\/wp\/v2\/pages"}],"about":[{"href":"https:\/\/smania.store\/pt\/wp-json\/wp\/v2\/types\/page"}],"author":[{"embeddable":true,"href":"https:\/\/smania.store\/pt\/wp-json\/wp\/v2\/users\/1"}],"replies":[{"embeddable":true,"href":"https:\/\/smania.store\/pt\/wp-json\/wp\/v2\/comments?post=1725"}],"version-history":[{"count":5,"href":"https:\/\/smania.store\/pt\/wp-json\/wp\/v2\/pages\/1725\/revisions"}],"predecessor-version":[{"id":23670,"href":"https:\/\/smania.store\/pt\/wp-json\/wp\/v2\/pages\/1725\/revisions\/23670"}],"wp:attachment":[{"href":"https:\/\/smania.store\/pt\/wp-json\/wp\/v2\/media?parent=1725"}],"curies":[{"name":"wp","href":"https:\/\/api.w.org\/{rel}","templated":true}]}}