{"id":97178,"date":"2026-05-06T13:39:54","date_gmt":"2026-05-06T11:39:54","guid":{"rendered":"https:\/\/smania.store\/pl\/produkt\/easyborder-plastikowy-obrzeze-trawnika-z-gwozdziami-10m\/"},"modified":"2026-05-06T13:39:54","modified_gmt":"2026-05-06T11:39:54","slug":"easyborder-plastikowy-obrzeze-trawnika-z-gwozdziami-10m","status":"publish","type":"product","link":"https:\/\/smania.store\/pl\/produkt\/easyborder-plastikowy-obrzeze-trawnika-z-gwozdziami-10m\/","title":{"rendered":"EasyBorder\u2122 plastikowy obrze\u017ce trawnika z gwo\u017adziami &#8211; 10m"},"content":{"rendered":"<div class=\"smania_landing_description_title\">NOWO\u015a\u0106: \u0141atwo kszta\u0142tuj sw\u00f3j krajobraz<\/div>\n<div class=\"smania_landing_description_txt\">Idealne obrze\u017ca dla schludnego ogrodu<\/div>\n<div class=\"smania_landing_description_subtitle\">EasyBorder\u2122 sprawia, \u017ce tworzenie estetycznych i wyra\u017anych kraw\u0119dzi w ogrodzie staje si\u0119 \u0142atwe \u2014 bez kopania, ba\u0142aganu i potrzeby u\u017cywania narz\u0119dzi. Zaprojektowany do kreatywnego kszta\u0142towania krajobrazu, ten elastyczny obrze\u017ce \u0142atwo si\u0119 wygina, aby pod\u0105\u017ca\u0107 za prostymi liniami lub g\u0142adkimi \u0142ukami, nadaj\u0105c twojemu ogrodowi elegancki, profesjonalny wygl\u0105d w kilka minut.<\/div>\n<div class=\"smania_landing_description_list\">\n<ul>\n<li>Trwa\u0142y materia\u0142 PE zapewnia d\u0142ugotrwa\u0142o\u015b\u0107 <\/li>\n<li>Elastyczny design do tworzenia indywidualnych uk\u0142ad\u00f3w <\/li>\n<li>\u0141atwa instalacja\u2014bez potrzeby kopania <\/li>\n<li>W zestawie 30 gwo\u017adzi dla stabilno\u015bci <\/li>\n<li>Dost\u0119pne w d\u0142ugo\u015bci 10m, wysoko\u015bci 5cm <\/li>\n<li>Odporne na warunki atmosferyczne i trwa\u0142e<\/li>\n<\/ul><\/div>\n","protected":false},"excerpt":{"rendered":"<p>Bez wysi\u0142ku zapobiega rozprzestrzenianiu si\u0119 trawy |Elastycznie dopasowuje si\u0119 do ka\u017cdego kszta\u0142tu |Mocowane za pomoc\u0105 do\u0142\u0105czonych gwo\u017adzi |\u0141atwe do przyci\u0119cia dla idealnego dopasowania|Kolor: Czarny |Wymiary: d\u0142ugo\u015b\u0107 10m, wysoko\u015b\u0107 5cm |Materia\u0142: Polietylen o wysokiej g\u0119sto\u015bci (HDPE) |Zawarto\u015b\u0107 opakowania: 1x plastikowa kraw\u0119d\u017a trawnika o d\u0142ugo\u015bci 10m, 30x gwo\u017adzi<\/p>\n","protected":false},"featured_media":97165,"template":"","meta":[],"product_cat":[16],"product_tag":[1503],"acf":[],"_links":{"self":[{"href":"https:\/\/smania.store\/pl\/wp-json\/wp\/v2\/product\/97178"}],"collection":[{"href":"https:\/\/smania.store\/pl\/wp-json\/wp\/v2\/product"}],"about":[{"href":"https:\/\/smania.store\/pl\/wp-json\/wp\/v2\/types\/product"}],"wp:featuredmedia":[{"embeddable":true,"href":"https:\/\/smania.store\/pl\/wp-json\/wp\/v2\/media\/97165"}],"wp:attachment":[{"href":"https:\/\/smania.store\/pl\/wp-json\/wp\/v2\/media?parent=97178"}],"wp:term":[{"taxonomy":"product_cat","embeddable":true,"href":"https:\/\/smania.store\/pl\/wp-json\/wp\/v2\/product_cat?post=97178"},{"taxonomy":"product_tag","embeddable":true,"href":"https:\/\/smania.store\/pl\/wp-json\/wp\/v2\/product_tag?post=97178"}],"curies":[{"name":"wp","href":"https:\/\/api.w.org\/{rel}","templated":true}]}}