{"id":97160,"date":"2026-05-06T13:37:32","date_gmt":"2026-05-06T11:37:32","guid":{"rendered":"https:\/\/smania.store\/pl\/produkt\/vespeon-elektryczna-hulajnoga-dla-dzieci\/"},"modified":"2026-05-12T11:07:52","modified_gmt":"2026-05-12T09:07:52","slug":"vespeon-elektryczna-hulajnoga-dla-dzieci","status":"publish","type":"product","link":"https:\/\/smania.store\/pl\/produkt\/vespeon-elektryczna-hulajnoga-dla-dzieci\/","title":{"rendered":"Vespeon\u2122 elektryczna hulajnoga dla dzieci"},"content":{"rendered":"<div class=\"smania_landing_description_title\"> NOWE, Osza\u0142amiaj\u0105ce O\u015bwietlenie Nastrojowe RGB <\/div>\n<div class=\"smania_landing_description_txt\"> P\u0142ynne przeja\u017cd\u017cki, zadowolone dzieci, bezpieczna zabawa <\/div>\n<div class=\"smania_landing_description_subtitle\"> Vespeon\u2122 to stylowa elektryczna hulajnoga dla dzieci, zaprojektowana z my\u015bl\u0105 o ma\u0142ych odkrywcach, kt\u00f3rzy pragn\u0105 mie\u0107 fajne, bezpieczne i \u0142atwe do\u015bwiadczenie jazdy. Dzi\u0119ki zdalnemu sterowaniu, przestrzeni do przechowywania, \u015bwiat\u0142om, muzyce oraz je\u017adzie do przodu i do ty\u0142u, zapewnia godziny radosnej zabawy zar\u00f3wno wewn\u0105trz, jak i na zewn\u0105trz. <\/div>\n<div class=\"smania_landing_description_list\">\n<ul>\n<li>Tylny schowek na zabawki lub przek\u0105ski<\/li>\n<li>Stabilne k\u00f3\u0142ka wsparcia dla bezpiecze\u0144stwa<\/li>\n<li>\u015awiat\u0142a, muzyka i klakson dla zabawy<\/li>\n<li>Jazda do przodu i do ty\u0142u dla rozwijania umiej\u0119tno\u015bci<\/li>\n<\/ul><\/div>\n","protected":false},"excerpt":{"rendered":"<p>Tylny schowek|Ko\u0142a wspieraj\u0105ce dla stabilno\u015bci|\u015awiat\u0142a i muzyka|Wygodne ergonomiczne plastikowe siedzenie|Trwa\u0142e plastikowe ko\u0142a do u\u017cytku wewn\u0119trznego i zewn\u0119trznego|Warianty: Bia\u0142y lub Zielony|Bateria: 1 x 6V 4Ah|Czas \u0142adowania: 6\u20139 godzin|Czas u\u017cytkowania: do 2 godzin na jedno \u0142adowanie|Maksymalne obci\u0105\u017cenie: oko\u0142o 25 kg|Zalecany wiek: 18 miesi\u0119cy i wi\u0119cej<\/p>\n","protected":false},"featured_media":97576,"template":"","meta":[],"product_cat":[17],"product_tag":[1513],"acf":[],"_links":{"self":[{"href":"https:\/\/smania.store\/pl\/wp-json\/wp\/v2\/product\/97160"}],"collection":[{"href":"https:\/\/smania.store\/pl\/wp-json\/wp\/v2\/product"}],"about":[{"href":"https:\/\/smania.store\/pl\/wp-json\/wp\/v2\/types\/product"}],"wp:featuredmedia":[{"embeddable":true,"href":"https:\/\/smania.store\/pl\/wp-json\/wp\/v2\/media\/97576"}],"wp:attachment":[{"href":"https:\/\/smania.store\/pl\/wp-json\/wp\/v2\/media?parent=97160"}],"wp:term":[{"taxonomy":"product_cat","embeddable":true,"href":"https:\/\/smania.store\/pl\/wp-json\/wp\/v2\/product_cat?post=97160"},{"taxonomy":"product_tag","embeddable":true,"href":"https:\/\/smania.store\/pl\/wp-json\/wp\/v2\/product_tag?post=97160"}],"curies":[{"name":"wp","href":"https:\/\/api.w.org\/{rel}","templated":true}]}}