{"id":96991,"date":"2026-05-04T07:52:50","date_gmt":"2026-05-04T05:52:50","guid":{"rendered":"https:\/\/smania.store\/pl\/produkt\/babytower-drewniana-regulowana-wieza-do-nauki\/"},"modified":"2026-05-05T20:46:25","modified_gmt":"2026-05-05T18:46:25","slug":"babytower-drewniana-regulowana-wieza-do-nauki","status":"publish","type":"product","link":"https:\/\/smania.store\/pl\/produkt\/babytower-drewniana-regulowana-wieza-do-nauki\/","title":{"rendered":"BabyTower\u2122 drewniana regulowana wie\u017ca do nauki"},"content":{"rendered":"<div class=\"smania_landing_description_title\">NOWO\u015a\u0106: Podnie\u015b Wystr\u00f3j Swojej Kuchni<\/div>\n<div class=\"smania_landing_description_txt\">Podnie\u015b ich \u015bwiat. Bezpiecznie.<\/div>\n<div class=\"smania_landing_description_subtitle\">BabyTower\u2122 to solidna, drewniana wie\u017ca do nauki, kt\u00f3ra podnosi Twoje dziecko na wysoko\u015b\u0107 blatu, aby mog\u0142o bezpiecznie odkrywa\u0107, uczy\u0107 si\u0119 i pomaga\u0107 u Twojego boku. Dzi\u0119ki sk\u0142adanej konstrukcji i 3 regulowanym wysoko\u015bciom platformy, ro\u015bnie razem z Twoim dzieckiem, od pierwszych krok\u00f3w do pewnych asystent\u00f3w w kuchni.<\/div>\n<div class=\"smania_landing_description_list\">\n<ul>\n<li>Sk\u0142adana konstrukcja oszcz\u0119dza miejsce i \u0142atwo si\u0119 przechowuje w ma\u0142ych kuchniach <\/li>\n<li>Trzy regulowane wysoko\u015bci dostosowuj\u0105 si\u0119 do wzrostu Twojego dziecka od 1 do 6 lat <\/li>\n<li>Szeroka podstawa zapewnia stabilno\u015b\u0107 i bezpiecze\u0144stwo dzieci podczas zabawy lub pomocy <\/li>\n<li>Solidna drewniana konstrukcja zapewnia d\u0142ugotrwa\u0142\u0105 wytrzyma\u0142o\u015b\u0107 i bezpiecze\u0144stwo <\/li>\n<li>Zaokr\u0105glone kraw\u0119dzie i ochrona wyko\u0144czenia zapewniaj\u0105 dzieciom bezpiecze\u0144stwo<\/li>\n<\/ul><\/div>\n","protected":false},"excerpt":{"rendered":"<p>Sk\u0142adana, oszcz\u0119dzaj\u0105ca miejsce konstrukcja |3 regulowane poziomy wysoko\u015bci |Stabilna szeroka platforma stoj\u0105ca |Bezpieczne zaokr\u0105glone kraw\u0119dzie |Pomocnik kuchenny, wie\u017ca do zabawy, wie\u017ca do nauki|Materia\u0142: Wysokiej jako\u015bci sklejka z bezpiecznym dla dzieci lakierem |Przedzia\u0142 wiekowy: Od 12 miesi\u0119cy do 6 lat |Rozmiar po roz\u0142o\u017ceniu: 90 x 58 x 50 cm |Wsparcie: Stabilizatory boczne + tylna belka wsparcia dla dodatkowej stabilno\u015bci |Uwaga dotycz\u0105ca bezpiecze\u0144stwa: Tylko jedno dziecko jednocze\u015bnie; wymagana nadz\u00f3r doros\u0142ego<\/p>\n","protected":false},"featured_media":97078,"template":"","meta":[],"product_cat":[17],"product_tag":[1491],"acf":[],"_links":{"self":[{"href":"https:\/\/smania.store\/pl\/wp-json\/wp\/v2\/product\/96991"}],"collection":[{"href":"https:\/\/smania.store\/pl\/wp-json\/wp\/v2\/product"}],"about":[{"href":"https:\/\/smania.store\/pl\/wp-json\/wp\/v2\/types\/product"}],"wp:featuredmedia":[{"embeddable":true,"href":"https:\/\/smania.store\/pl\/wp-json\/wp\/v2\/media\/97078"}],"wp:attachment":[{"href":"https:\/\/smania.store\/pl\/wp-json\/wp\/v2\/media?parent=96991"}],"wp:term":[{"taxonomy":"product_cat","embeddable":true,"href":"https:\/\/smania.store\/pl\/wp-json\/wp\/v2\/product_cat?post=96991"},{"taxonomy":"product_tag","embeddable":true,"href":"https:\/\/smania.store\/pl\/wp-json\/wp\/v2\/product_tag?post=96991"}],"curies":[{"name":"wp","href":"https:\/\/api.w.org\/{rel}","templated":true}]}}