{"id":96978,"date":"2026-05-04T07:46:47","date_gmt":"2026-05-04T05:46:47","guid":{"rendered":"https:\/\/smania.store\/pl\/produkt\/bouncepro-skladana-trampolina-z-regulowanym-uchwytem\/"},"modified":"2026-05-04T08:53:01","modified_gmt":"2026-05-04T06:53:01","slug":"bouncepro-skladana-trampolina-z-regulowanym-uchwytem","status":"publish","type":"product","link":"https:\/\/smania.store\/pl\/produkt\/bouncepro-skladana-trampolina-z-regulowanym-uchwytem\/","title":{"rendered":"BouncePro\u2122 sk\u0142adana trampolina z regulowanym uchwytem"},"content":{"rendered":"<div class=\"smania_landing_description_title\">NOWO\u015a\u0106: Udoskonal swoj\u0105 rutyn\u0119 treningow\u0105<\/div>\n<div class=\"smania_landing_description_txt\">Ustaw to szybko, odbijaj si\u0119 jeszcze szybciej!<\/div>\n<div class=\"smania_landing_description_subtitle\"> Zwi\u0119ksz efektywno\u015b\u0107 swoich domowych trening\u00f3w dzi\u0119ki BouncePro\u2122! Zaprojektowany z my\u015bl\u0105 o bezpiecznym, intensywnym treningu, wspiera kondycj\u0119, r\u00f3wnowag\u0119 i si\u0142\u0119\u2014tworz\u0105c kompaktow\u0105 stref\u0119 fitness dla wszystkich wieku.<\/div>\n<div class=\"smania_landing_description_list\">\n<ul>\n<li>Sk\u0142adana konstrukcja dla \u0142atwego przechowywania <\/li>\n<li>Regulowane pod\u0142okietniki dla dodatkowego bezpiecze\u0144stwa <\/li>\n<li>Odci\u0105\u017ca stawy dzi\u0119ki mi\u0119kkim odbiciom <\/li>\n<li>Ciche gumowe podk\u0142adki zapewniaj\u0105 spok\u00f3j <\/li>\n<li>Wspiera treningi wewn\u0119trzne i zewn\u0119trzne <\/li>\n<li>Solidna stalowa konstrukcja z precyzyjn\u0105 r\u00f3wnowag\u0105<\/li>\n<\/ul><\/div>\n","protected":false},"excerpt":{"rendered":"<p>Spalaj kalorie przy ka\u017cdym skoku |Zapewnia cich\u0105, spokojn\u0105 aktywno\u015b\u0107 |Materia\u0142 odporny na zarysowania i trwa\u0142y |Stymuluje wzrost mi\u0119\u015bni bez wysi\u0142ku|No\u015bno\u015b\u0107: do 250 kg |Wymiary: 100 x 92-115 cm |Wysoko\u015b\u0107 n\u00f3g: 22 cm |Materia\u0142: tkanina skacz\u0105ca PP, siatka z poliesteru, mi\u0119kki gumowy materia\u0142, wzmocniona rura stalowa<\/p>\n","protected":false},"featured_media":97090,"template":"","meta":[],"product_cat":[21],"product_tag":[1651],"acf":[],"_links":{"self":[{"href":"https:\/\/smania.store\/pl\/wp-json\/wp\/v2\/product\/96978"}],"collection":[{"href":"https:\/\/smania.store\/pl\/wp-json\/wp\/v2\/product"}],"about":[{"href":"https:\/\/smania.store\/pl\/wp-json\/wp\/v2\/types\/product"}],"wp:featuredmedia":[{"embeddable":true,"href":"https:\/\/smania.store\/pl\/wp-json\/wp\/v2\/media\/97090"}],"wp:attachment":[{"href":"https:\/\/smania.store\/pl\/wp-json\/wp\/v2\/media?parent=96978"}],"wp:term":[{"taxonomy":"product_cat","embeddable":true,"href":"https:\/\/smania.store\/pl\/wp-json\/wp\/v2\/product_cat?post=96978"},{"taxonomy":"product_tag","embeddable":true,"href":"https:\/\/smania.store\/pl\/wp-json\/wp\/v2\/product_tag?post=96978"}],"curies":[{"name":"wp","href":"https:\/\/api.w.org\/{rel}","templated":true}]}}