{"id":96632,"date":"2026-04-15T12:25:02","date_gmt":"2026-04-15T10:25:02","guid":{"rendered":"https:\/\/smania.store\/pl\/produkt\/kiddorider-elektryczny-trojkolowy-pojazd-dla-dzieci\/"},"modified":"2026-04-16T20:28:45","modified_gmt":"2026-04-16T18:28:45","slug":"kiddorider-elektryczny-trojkolowy-pojazd-dla-dzieci","status":"publish","type":"product","link":"https:\/\/smania.store\/pl\/produkt\/kiddorider-elektryczny-trojkolowy-pojazd-dla-dzieci\/","title":{"rendered":"KiddoRider\u2122 elektryczny tr\u00f3jko\u0142owy pojazd dla dzieci"},"content":{"rendered":"<div class=\"smania_landing_description_title\">NOWO\u015a\u0106: Ultimate Ride-On Adventure<\/div>\n<div class=\"smania_landing_description_txt\">Pozw\u00f3l swojemu ma\u0142emu motocykli\u015bcie rz\u0105dzi\u0107 drog\u0105!<\/div>\n<div class=\"smania_landing_description_subtitle\">Stworzony z my\u015bl\u0105 o odwa\u017cnych ma\u0142ych je\u017adzcach, elektryczny tr\u00f3jko\u0142owiec KiddoRider\u2122 oferuje solidn\u0105 stabilno\u015b\u0107, stylowy wygl\u0105d oraz p\u0142ynny nap\u0119d na codzienne przygody.<\/div>\n<div class=\"smania_landing_description_list\">\n<ul>\n<li>Zach\u0119ca do aktywnej zabawy na \u015bwie\u017cym powietrzu <\/li>\n<li>Wzmacnia umiej\u0119tno\u015bci motoryczne i koordynacj\u0119 <\/li>\n<li>Jasne \u015bwiat\u0142a LED dla lepszej widoczno\u015bci <\/li>\n<li>Muzyka i MP3 dla edukacyjnej zabawy <\/li>\n<li>Solidne opony o szeroko\u015bci 50 cm dla stabilno\u015bci<\/li>\n<\/ul><\/div>\n","protected":false},"excerpt":{"rendered":"<p>Osza\u0142amiaj\u0105cy kolor czerwony\/niebieski przyci\u0105ga uwag\u0119 |Trwa\u0142y plastik zapewnia d\u0142ugowieczno\u015b\u0107 |Prosta obs\u0142uga jednym przyciskiem |Zach\u0119ca do kreatywnych przyg\u00f3d|Wymiary: 92 x 56 x 50 cm |Odpowiedni wiek: 1-8 lat |Maksymalne obci\u0105\u017cenie: 50 kg |Akumulator: Akumulator \u0142adowany 6V 7Ah<\/p>\n","protected":false},"featured_media":96621,"template":"","meta":[],"product_cat":[17,23],"product_tag":[2113,1513],"acf":[],"_links":{"self":[{"href":"https:\/\/smania.store\/pl\/wp-json\/wp\/v2\/product\/96632"}],"collection":[{"href":"https:\/\/smania.store\/pl\/wp-json\/wp\/v2\/product"}],"about":[{"href":"https:\/\/smania.store\/pl\/wp-json\/wp\/v2\/types\/product"}],"wp:featuredmedia":[{"embeddable":true,"href":"https:\/\/smania.store\/pl\/wp-json\/wp\/v2\/media\/96621"}],"wp:attachment":[{"href":"https:\/\/smania.store\/pl\/wp-json\/wp\/v2\/media?parent=96632"}],"wp:term":[{"taxonomy":"product_cat","embeddable":true,"href":"https:\/\/smania.store\/pl\/wp-json\/wp\/v2\/product_cat?post=96632"},{"taxonomy":"product_tag","embeddable":true,"href":"https:\/\/smania.store\/pl\/wp-json\/wp\/v2\/product_tag?post=96632"}],"curies":[{"name":"wp","href":"https:\/\/api.w.org\/{rel}","templated":true}]}}